{"id":386,"date":"2020-07-16T13:11:37","date_gmt":"2020-07-16T13:11:37","guid":{"rendered":"https:\/\/www.ddp.com.tr\/TR\/?page_id=386"},"modified":"2020-07-17T09:54:33","modified_gmt":"2020-07-17T09:54:33","slug":"gumruk-musavirligi-hizmetleri","status":"publish","type":"page","link":"https:\/\/www.ddp.com.tr\/TR\/gumruk-musavirligi-hizmetleri\/","title":{"rendered":"G\u00fcmr\u00fck M\u00fc\u015favirli\u011fi Hizmetleri"},"content":{"rendered":"\t\t<div data-elementor-type=\"wp-page\" data-elementor-id=\"386\" class=\"elementor elementor-386\" data-elementor-settings=\"[]\">\n\t\t\t<div class=\"elementor-inner\">\n\t\t\t\t<div class=\"elementor-section-wrap\">\n\t\t\t\t\t\t\t<section class=\"elementor-element elementor-element-29bd2f46 elementor-section-stretched elementor-section-height-min-height elementor-section-items-top elementor-section-boxed elementor-section-height-default elementor-invisible elementor-section elementor-top-section\" data-id=\"29bd2f46\" data-element_type=\"section\" data-settings=\"{&quot;stretch_section&quot;:&quot;section-stretched&quot;,&quot;background_background&quot;:&quot;classic&quot;,&quot;animation&quot;:&quot;none&quot;}\">\n\t\t\t\t\t\t<div class=\"elementor-container elementor-column-gap-no\">\n\t\t\t\t<div class=\"elementor-row\">\n\t\t\t\t<div class=\"elementor-element elementor-element-1080f5d7 elementor-column elementor-col-100 elementor-top-column\" data-id=\"1080f5d7\" data-element_type=\"column\">\n\t\t\t<div class=\"elementor-column-wrap  elementor-element-populated\">\n\t\t\t\t\t<div class=\"elementor-widget-wrap\">\n\t\t\t\t<section class=\"elementor-element elementor-element-4dbf2a44 elementor-section-boxed elementor-section-height-default elementor-section-height-default elementor-invisible elementor-section elementor-inner-section\" data-id=\"4dbf2a44\" data-element_type=\"section\" data-settings=\"{&quot;background_background&quot;:&quot;classic&quot;,&quot;animation&quot;:&quot;none&quot;}\">\n\t\t\t\t\t\t<div class=\"elementor-container elementor-column-gap-default\">\n\t\t\t\t<div class=\"elementor-row\">\n\t\t\t\t<div class=\"elementor-element elementor-element-32d9f593 elementor-column elementor-col-50 elementor-inner-column\" data-id=\"32d9f593\" data-element_type=\"column\">\n\t\t\t<div class=\"elementor-column-wrap  elementor-element-populated\">\n\t\t\t\t\t<div class=\"elementor-widget-wrap\">\n\t\t\t\t<div class=\"elementor-element elementor-element-2e45fbb8 elementor-widget elementor-widget-heading\" data-id=\"2e45fbb8\" data-element_type=\"widget\" data-widget_type=\"heading.default\">\n\t\t\t\t<div class=\"elementor-widget-container\">\n\t\t\t<h5 class=\"elementor-heading-title elementor-size-default\">Hizmetlerimiz<\/h5>\t\t<\/div>\n\t\t\t\t<\/div>\n\t\t\t\t\t\t<\/div>\n\t\t\t<\/div>\n\t\t<\/div>\n\t\t\t\t<div class=\"elementor-element elementor-element-4a608161 elementor-column elementor-col-50 elementor-inner-column\" data-id=\"4a608161\" data-element_type=\"column\">\n\t\t\t<div class=\"elementor-column-wrap\">\n\t\t\t\t\t<div class=\"elementor-widget-wrap\">\n\t\t\t\t\t\t<\/div>\n\t\t\t<\/div>\n\t\t<\/div>\n\t\t\t\t\t\t<\/div>\n\t\t\t<\/div>\n\t\t<\/section>\n\t\t\t\t\t\t<\/div>\n\t\t\t<\/div>\n\t\t<\/div>\n\t\t\t\t\t\t<\/div>\n\t\t\t<\/div>\n\t\t<\/section>\n\t\t\t\t<section class=\"elementor-element elementor-element-dad91f2 elementor-section-boxed elementor-section-height-default elementor-section-height-default elementor-section elementor-top-section\" data-id=\"dad91f2\" data-element_type=\"section\">\n\t\t\t\t\t\t<div class=\"elementor-container elementor-column-gap-default\">\n\t\t\t\t<div class=\"elementor-row\">\n\t\t\t\t<div class=\"elementor-element elementor-element-cfc6081 elementor-column elementor-col-100 elementor-top-column\" data-id=\"cfc6081\" data-element_type=\"column\">\n\t\t\t<div class=\"elementor-column-wrap  elementor-element-populated\">\n\t\t\t\t\t<div class=\"elementor-widget-wrap\">\n\t\t\t\t<section class=\"elementor-element elementor-element-e27bebe elementor-section-boxed elementor-section-height-default elementor-section-height-default elementor-section elementor-inner-section\" data-id=\"e27bebe\" data-element_type=\"section\">\n\t\t\t\t\t\t<div class=\"elementor-container elementor-column-gap-default\">\n\t\t\t\t<div class=\"elementor-row\">\n\t\t\t\t<div class=\"elementor-element elementor-element-d507d3f elementor-column elementor-col-33 elementor-inner-column\" data-id=\"d507d3f\" data-element_type=\"column\">\n\t\t\t<div class=\"elementor-column-wrap  elementor-element-populated\">\n\t\t\t\t\t<div class=\"elementor-widget-wrap\">\n\t\t\t\t<div class=\"elementor-element elementor-element-8cd29e2 elementor-widget elementor-widget-text-editor\" data-id=\"8cd29e2\" data-element_type=\"widget\" data-widget_type=\"text-editor.default\">\n\t\t\t\t<div class=\"elementor-widget-container\">\n\t\t\t\t\t<div class=\"elementor-text-editor elementor-clearfix\"><h3 class=\"entry-title\">G\u00fcmr\u00fck M\u00fc\u015favirli\u011fi Hizmetlerimiz<\/h3><\/div>\n\t\t\t\t<\/div>\n\t\t\t\t<\/div>\n\t\t\t\t<div class=\"elementor-element elementor-element-999626a elementor-widget elementor-widget-text-editor\" data-id=\"999626a\" data-element_type=\"widget\" data-widget_type=\"text-editor.default\">\n\t\t\t\t<div class=\"elementor-widget-container\">\n\t\t\t\t\t<div class=\"elementor-text-editor elementor-clearfix\"><h5><img loading=\"lazy\" decoding=\"async\" class=\"alignleft wp-image-392\" src=\"https:\/\/www.ddp.com.tr\/TR\/wp-content\/uploads\/2020\/07\/gumruk_musavirligi_hizmeti.jpg\" alt=\"\" width=\"421\" height=\"284\" srcset=\"https:\/\/www.ddp.com.tr\/TR\/wp-content\/uploads\/2020\/07\/gumruk_musavirligi_hizmeti.jpg 340w, https:\/\/www.ddp.com.tr\/TR\/wp-content\/uploads\/2020\/07\/gumruk_musavirligi_hizmeti-300x203.jpg 300w\" sizes=\"auto, (max-width: 421px) 100vw, 421px\" \/>G\u00fcn\u00fcm\u00fczde g\u00fcmr\u00fck ve d\u0131\u015f ticaret i\u015flemleri, \u00e7ok karma\u015f\u0131k s\u00fcre\u00e7leri i\u00e7eren, ciddi bir uzmanl\u0131\u011f\u0131 gerektiren ve olduk\u00e7a dinamik bir yap\u0131s\u0131 olmas\u0131 nedeniyle s\u00fcrekli takibi zorunlu k\u0131lan i\u015flemlerdir.<\/h5><h5>O nedenle, g\u00fcmr\u00fck ihtisas\u0131 ve bu alanda uzmanlar\u0131n yeti\u015fmesi ka\u00e7\u0131n\u0131lmaz bir ger\u00e7ektir. \u015eirketimiz g\u00fcmr\u00fckleme alan\u0131nda 16 y\u0131ll\u0131k bir deneyime sahiptir.<\/h5><h5>Bilgi, uzmanl\u0131k, disiplin ve teknolojiyi bir potada eritip size en iyi hizmeti sunuyoruz.<\/h5><h5>M\u00fc\u015fterilerimizin maliyetlerini azaltmak; onlara en k\u0131sa s\u00fcrede ve hatas\u0131z hizmet vermek temel hedefimizdir.<\/h5><h5>Biz kurumsal bir yap\u0131ya sahip olmakla birlikte; sizlere butik tarzda bir hizmet veriyoruz. Ba\u015fka bir deyi\u015fle, sizinle yak\u0131ndan ilgileniyor; sorunlar\u0131n\u0131z\u0131 \u00e7\u00f6zmek i\u00e7in \u00e7\u00f6z\u00fcmler geli\u015ftiriyoruz.<\/h5><h4><span style=\"color: #800000;\"><strong>Bunun i\u00e7in uzmanl\u0131\u011f\u0131m\u0131za, tecr\u00fcbemize ve gayretimize \u00e7ok g\u00fcveniyoruz.<\/strong><\/span><\/h4><h5>\u0130yi bir g\u00fcmr\u00fck m\u00fc\u015favirli\u011fi firmas\u0131 ile \u00e7al\u0131\u015fmak size d\u0131\u015f ticaret operasyonlar\u0131n\u0131zda sadece para ve h\u0131z kazand\u0131rmaz; ayn\u0131 zamanda g\u00fcven de sa\u011flar. \u00c7\u00fcnk\u00fc biz yapt\u0131\u011f\u0131m\u0131z i\u015fler ve sekt\u00f6rdeki imaj\u0131m\u0131z nedeniyle g\u00fcveni temsil ediyoruz.<\/h5><h5>G\u00fcmr\u00fck m\u00fc\u015favirli\u011fi hizmetine bak\u0131\u015f\u0131m\u0131z \u00e7\u00f6z\u00fcm ortakl\u0131\u011f\u0131 olarak g\u00f6r\u00fclmelidir. Biz sadece sizin ad\u0131n\u0131za i\u015flem yapm\u0131yor; ayn\u0131 zamanda sizin haklar\u0131n\u0131z\u0131n savunuculu\u011funuzu yap\u0131yoruz. Bunu yaparken de empati yap\u0131yor; kendimizi sizin serinize koyuyoruz.<\/h5><h5>G\u00fcmr\u00fck m\u00fc\u015favirli\u011fi hizmetlerimizin \u00e7e\u015fitlili\u011fi olduk\u00e7a geni\u015f boyuttad\u0131r. Yaln\u0131zca g\u00fcmr\u00fcklerdeki i\u015flemlerinizi de\u011fil; ayn\u0131 zamanda d\u0131\u015f ticaretinizin ba\u011flant\u0131l\u0131 oldu\u011fu b\u00fct\u00fcn kamu kurumlar\u0131 nezdinde de i\u015flemlerinizi takip ediyor, sorunlar\u0131n\u0131z\u0131 \u00e7\u00f6z\u00fcyoruz. Yani biz b\u00fct\u00fcn d\u0131\u015f ticaret ser\u00fcveninizde sizinle beraber y\u00fcr\u00fcyor, sizi yaln\u0131z b\u0131rakm\u0131yoruz.<\/h5><h5>\u0130\u015fte g\u00fcmr\u00fck m\u00fc\u015favirli\u011fi hizmetlerimizin \u00e7e\u015fitlili\u011fi;<\/h5><ul><li><span style=\"color: #800000;\"><strong>\u00d6zet beyan i\u015flemleri<\/strong><\/span><\/li><li><span style=\"color: #800000;\"><strong>\u0130thalat i\u015flemleri<\/strong><\/span><\/li><li><span style=\"color: #800000;\"><strong>\u0130hracat i\u015flemleri<\/strong><\/span><\/li><li><span style=\"color: #800000;\"><strong>Antrepo i\u015flemleri (A\u00e7\u0131l\u0131\u015f, Kapan\u0131\u015f ve takip i\u015flemleri)<\/strong><\/span><\/li><li><span style=\"color: #800000;\"><strong>Transit i\u015flemleri (TIR Karnesi tescili ve takibi)<\/strong><\/span><\/li><li><span style=\"color: #800000;\"><strong>Ge\u00e7ici ithalat i\u015flemleri (ATA Karnesi ve di\u011fer ge\u00e7ici ithalatlar)<\/strong><\/span><\/li><li><span style=\"color: #800000;\"><strong>Serbest b\u00f6lge i\u015flemleri<\/strong><\/span><\/li><li><span style=\"color: #800000;\"><strong>S\u0131n\u0131r Ticaret Merkezi \u0130\u015flemleri<\/strong><\/span><\/li><li><span style=\"color: #800000;\"><strong>Dahilde \u0130\u015fleme, Hari\u00e7te i\u015fleme ve yat\u0131r\u0131m te\u015fvik i\u015flemleri<\/strong><\/span><\/li><li><span style=\"color: #800000;\"><strong>D\u0131\u015f ticaret standardizasyon i\u015flemleri<\/strong><\/span><\/li><li><span style=\"color: #800000;\"><strong>Teminat i\u015flemleri<\/strong><\/span><\/li><\/ul><\/div>\n\t\t\t\t<\/div>\n\t\t\t\t<\/div>\n\t\t\t\t\t\t<\/div>\n\t\t\t<\/div>\n\t\t<\/div>\n\t\t\t\t<div class=\"elementor-element elementor-element-18d0ac5 elementor-column elementor-col-33 elementor-inner-column\" data-id=\"18d0ac5\" data-element_type=\"column\">\n\t\t\t<div class=\"elementor-column-wrap\">\n\t\t\t\t\t<div class=\"elementor-widget-wrap\">\n\t\t\t\t\t\t<\/div>\n\t\t\t<\/div>\n\t\t<\/div>\n\t\t\t\t<div class=\"elementor-element elementor-element-103534b elementor-column elementor-col-33 elementor-inner-column\" data-id=\"103534b\" data-element_type=\"column\">\n\t\t\t<div class=\"elementor-column-wrap  elementor-element-populated\">\n\t\t\t\t\t<div class=\"elementor-widget-wrap\">\n\t\t\t\t<div class=\"elementor-element elementor-element-4abcb50 elementor-nav-menu__align-left elementor-nav-menu--indicator-classic elementor-nav-menu--dropdown-tablet elementor-nav-menu__text-align-aside elementor-nav-menu--toggle elementor-nav-menu--burger elementor-widget elementor-widget-nav-menu\" data-id=\"4abcb50\" data-element_type=\"widget\" data-settings=\"{&quot;layout&quot;:&quot;vertical&quot;,&quot;toggle&quot;:&quot;burger&quot;}\" data-widget_type=\"nav-menu.default\">\n\t\t\t\t<div class=\"elementor-widget-container\">\n\t\t\t\t\t\t<nav role=\"navigation\" class=\"elementor-nav-menu--main elementor-nav-menu__container elementor-nav-menu--layout-vertical e--pointer-underline e--animation-fade\"><ul id=\"menu-1-4abcb50\" class=\"elementor-nav-menu sm-vertical\"><li class=\"menu-item menu-item-type-post_type menu-item-object-page menu-item-395\"><a href=\"https:\/\/www.ddp.com.tr\/TR\/gumruk-musavirligi-hizmetleri\/\" class=\"elementor-item\">G\u00fcmr\u00fck M\u00fc\u015favirli\u011fi Hizmetleri<\/a><\/li>\n<li class=\"menu-item menu-item-type-post_type menu-item-object-page menu-item-425\"><a href=\"https:\/\/www.ddp.com.tr\/TR\/dis-ticaret-yonetim-danismanligi\/\" class=\"elementor-item\">D\u0131\u015f Ticaret Y\u00f6netim Dan\u0131\u015fmanl\u0131\u011f\u0131<\/a><\/li>\n<li class=\"menu-item menu-item-type-post_type menu-item-object-page menu-item-477\"><a href=\"https:\/\/www.ddp.com.tr\/TR\/transit-gumruk-hizmetleri\/\" class=\"elementor-item\">Transit G\u00fcmr\u00fck Hizmetleri<\/a><\/li>\n<li class=\"menu-item menu-item-type-post_type menu-item-object-page menu-item-535\"><a href=\"https:\/\/www.ddp.com.tr\/TR\/yys-faliyet-raporu-hazirlama\/\" class=\"elementor-item\">YYS Faliyet Raporu Haz\u0131rlama<\/a><\/li>\n<li class=\"menu-item menu-item-type-post_type menu-item-object-page menu-item-546\"><a href=\"https:\/\/www.ddp.com.tr\/TR\/hukuk-danismanligi\/\" class=\"elementor-item\">Hukuk Dan\u0131\u015fmanl\u0131\u011f\u0131<\/a><\/li>\n<li class=\"menu-item menu-item-type-post_type menu-item-object-page menu-item-559\"><a href=\"https:\/\/www.ddp.com.tr\/TR\/sonradan-kontrol-risk-analizi-denetimi\/\" class=\"elementor-item\">Sonradan Kontrol Risk Analizi Denetimi<\/a><\/li>\n<li class=\"menu-item menu-item-type-post_type menu-item-object-page menu-item-567\"><a href=\"https:\/\/www.ddp.com.tr\/TR\/uzlasma-temsilciligi\/\" class=\"elementor-item\">Uzla\u015fma Temsilcili\u011fi<\/a><\/li>\n<li class=\"menu-item menu-item-type-post_type menu-item-object-page menu-item-573\"><a href=\"https:\/\/www.ddp.com.tr\/TR\/egitim\/\" class=\"elementor-item\">E\u011fitim<\/a><\/li>\n<li class=\"menu-item menu-item-type-post_type menu-item-object-page menu-item-583\"><a href=\"https:\/\/www.ddp.com.tr\/TR\/dahilde-isleme-izin-belgesi-danismanligi\/\" class=\"elementor-item\">Dahilde \u0130\u015fleme \u0130zin Belgesi Dan\u0131\u015fmanl\u0131\u011f\u0131<\/a><\/li>\n<li class=\"menu-item menu-item-type-post_type menu-item-object-page menu-item-604\"><a href=\"https:\/\/www.ddp.com.tr\/TR\/yetkilendirilmis-yukumlu-statusu-cikarma-danismanligi\/\" class=\"elementor-item\">Yetkilendirilmi\u015f Y\u00fck\u00fcml\u00fc Stat\u00fcs\u00fc \u00c7\u0131karma Dan\u0131\u015fmanl\u0131\u011f\u0131<\/a><\/li>\n<li class=\"menu-item menu-item-type-post_type menu-item-object-page menu-item-625\"><a href=\"https:\/\/www.ddp.com.tr\/TR\/yatirim-tesvik-belgesi\/\" class=\"elementor-item\">Yat\u0131r\u0131m Te\u015fvik Belgesi<\/a><\/li>\n<li class=\"menu-item menu-item-type-post_type menu-item-object-page menu-item-633\"><a href=\"https:\/\/www.ddp.com.tr\/TR\/onaylanmis-kisi-statu-belgesi\/\" class=\"elementor-item\">Onaylanm\u0131\u015f Ki\u015fi Stat\u00fc Belgesi<\/a><\/li>\n<\/ul><\/nav>\n\t\t\t\t\t<div class=\"elementor-menu-toggle\" role=\"button\" tabindex=\"0\" aria-label=\"Menu Toggle\" aria-expanded=\"false\">\n\t\t\t<i class=\"eicon-menu-bar\" aria-hidden=\"true\"><\/i>\n\t\t\t<span class=\"elementor-screen-only\">Menu<\/span>\n\t\t<\/div>\n\t\t\t<nav class=\"elementor-nav-menu--dropdown elementor-nav-menu__container\" role=\"navigation\" aria-hidden=\"true\"><ul id=\"menu-2-4abcb50\" class=\"elementor-nav-menu sm-vertical\"><li class=\"menu-item menu-item-type-post_type menu-item-object-page menu-item-395\"><a href=\"https:\/\/www.ddp.com.tr\/TR\/gumruk-musavirligi-hizmetleri\/\" class=\"elementor-item\">G\u00fcmr\u00fck M\u00fc\u015favirli\u011fi Hizmetleri<\/a><\/li>\n<li class=\"menu-item menu-item-type-post_type menu-item-object-page menu-item-425\"><a href=\"https:\/\/www.ddp.com.tr\/TR\/dis-ticaret-yonetim-danismanligi\/\" class=\"elementor-item\">D\u0131\u015f Ticaret Y\u00f6netim Dan\u0131\u015fmanl\u0131\u011f\u0131<\/a><\/li>\n<li class=\"menu-item menu-item-type-post_type menu-item-object-page menu-item-477\"><a href=\"https:\/\/www.ddp.com.tr\/TR\/transit-gumruk-hizmetleri\/\" class=\"elementor-item\">Transit G\u00fcmr\u00fck Hizmetleri<\/a><\/li>\n<li class=\"menu-item menu-item-type-post_type menu-item-object-page menu-item-535\"><a href=\"https:\/\/www.ddp.com.tr\/TR\/yys-faliyet-raporu-hazirlama\/\" class=\"elementor-item\">YYS Faliyet Raporu Haz\u0131rlama<\/a><\/li>\n<li class=\"menu-item menu-item-type-post_type menu-item-object-page menu-item-546\"><a href=\"https:\/\/www.ddp.com.tr\/TR\/hukuk-danismanligi\/\" class=\"elementor-item\">Hukuk Dan\u0131\u015fmanl\u0131\u011f\u0131<\/a><\/li>\n<li class=\"menu-item menu-item-type-post_type menu-item-object-page menu-item-559\"><a href=\"https:\/\/www.ddp.com.tr\/TR\/sonradan-kontrol-risk-analizi-denetimi\/\" class=\"elementor-item\">Sonradan Kontrol Risk Analizi Denetimi<\/a><\/li>\n<li class=\"menu-item menu-item-type-post_type menu-item-object-page menu-item-567\"><a href=\"https:\/\/www.ddp.com.tr\/TR\/uzlasma-temsilciligi\/\" class=\"elementor-item\">Uzla\u015fma Temsilcili\u011fi<\/a><\/li>\n<li class=\"menu-item menu-item-type-post_type menu-item-object-page menu-item-573\"><a href=\"https:\/\/www.ddp.com.tr\/TR\/egitim\/\" class=\"elementor-item\">E\u011fitim<\/a><\/li>\n<li class=\"menu-item menu-item-type-post_type menu-item-object-page menu-item-583\"><a href=\"https:\/\/www.ddp.com.tr\/TR\/dahilde-isleme-izin-belgesi-danismanligi\/\" class=\"elementor-item\">Dahilde \u0130\u015fleme \u0130zin Belgesi Dan\u0131\u015fmanl\u0131\u011f\u0131<\/a><\/li>\n<li class=\"menu-item menu-item-type-post_type menu-item-object-page menu-item-604\"><a href=\"https:\/\/www.ddp.com.tr\/TR\/yetkilendirilmis-yukumlu-statusu-cikarma-danismanligi\/\" class=\"elementor-item\">Yetkilendirilmi\u015f Y\u00fck\u00fcml\u00fc Stat\u00fcs\u00fc \u00c7\u0131karma Dan\u0131\u015fmanl\u0131\u011f\u0131<\/a><\/li>\n<li class=\"menu-item menu-item-type-post_type menu-item-object-page menu-item-625\"><a href=\"https:\/\/www.ddp.com.tr\/TR\/yatirim-tesvik-belgesi\/\" class=\"elementor-item\">Yat\u0131r\u0131m Te\u015fvik Belgesi<\/a><\/li>\n<li class=\"menu-item menu-item-type-post_type menu-item-object-page menu-item-633\"><a href=\"https:\/\/www.ddp.com.tr\/TR\/onaylanmis-kisi-statu-belgesi\/\" class=\"elementor-item\">Onaylanm\u0131\u015f Ki\u015fi Stat\u00fc Belgesi<\/a><\/li>\n<\/ul><\/nav>\n\t\t\t\t<\/div>\n\t\t\t\t<\/div>\n\t\t\t\t\t\t<\/div>\n\t\t\t<\/div>\n\t\t<\/div>\n\t\t\t\t\t\t<\/div>\n\t\t\t<\/div>\n\t\t<\/section>\n\t\t\t\t\t\t<\/div>\n\t\t\t<\/div>\n\t\t<\/div>\n\t\t\t\t\t\t<\/div>\n\t\t\t<\/div>\n\t\t<\/section>\n\t\t\t\t<section class=\"elementor-element elementor-element-6aa8696a elementor-section-stretched elementor-section-boxed elementor-section-height-default elementor-section-height-default elementor-section elementor-top-section\" data-id=\"6aa8696a\" data-element_type=\"section\" data-settings=\"{&quot;stretch_section&quot;:&quot;section-stretched&quot;,&quot;background_background&quot;:&quot;classic&quot;}\">\n\t\t\t\t\t\t<div class=\"elementor-container elementor-column-gap-default\">\n\t\t\t\t<div class=\"elementor-row\">\n\t\t\t\t<div class=\"elementor-element elementor-element-1a7d2d7e elementor-column elementor-col-100 elementor-top-column\" data-id=\"1a7d2d7e\" data-element_type=\"column\">\n\t\t\t<div class=\"elementor-column-wrap  elementor-element-populated\">\n\t\t\t\t\t<div class=\"elementor-widget-wrap\">\n\t\t\t\t<section class=\"elementor-element elementor-element-7d388d1d elementor-section-boxed elementor-section-height-default elementor-section-height-default elementor-section elementor-inner-section\" data-id=\"7d388d1d\" data-element_type=\"section\">\n\t\t\t\t\t\t<div class=\"elementor-container elementor-column-gap-default\">\n\t\t\t\t<div class=\"elementor-row\">\n\t\t\t\t<div class=\"elementor-element elementor-element-2736b491 elementor-column elementor-col-33 elementor-inner-column\" data-id=\"2736b491\" data-element_type=\"column\">\n\t\t\t<div class=\"elementor-column-wrap  elementor-element-populated\">\n\t\t\t\t\t<div class=\"elementor-widget-wrap\">\n\t\t\t\t<div class=\"elementor-element elementor-element-5e9014af elementor-widget elementor-widget-heading\" data-id=\"5e9014af\" data-element_type=\"widget\" data-widget_type=\"heading.default\">\n\t\t\t\t<div class=\"elementor-widget-container\">\n\t\t\t<h2 class=\"elementor-heading-title elementor-size-default\">Size Nas\u0131l Yard\u0131mc\u0131 Olabiliriz?<\/h2>\t\t<\/div>\n\t\t\t\t<\/div>\n\t\t\t\t\t\t<\/div>\n\t\t\t<\/div>\n\t\t<\/div>\n\t\t\t\t<div class=\"elementor-element elementor-element-77a094e2 elementor-column elementor-col-33 elementor-inner-column\" data-id=\"77a094e2\" data-element_type=\"column\">\n\t\t\t<div class=\"elementor-column-wrap  elementor-element-populated\">\n\t\t\t\t\t<div class=\"elementor-widget-wrap\">\n\t\t\t\t<div class=\"elementor-element elementor-element-3df1ce17 elementor-view-default elementor-widget elementor-widget-icon\" data-id=\"3df1ce17\" data-element_type=\"widget\" data-widget_type=\"icon.default\">\n\t\t\t\t<div class=\"elementor-widget-container\">\n\t\t\t\t\t<div class=\"elementor-icon-wrapper\">\n\t\t\t<div class=\"elementor-icon\">\n\t\t\t<i aria-hidden=\"true\" class=\"fas fa-phone-volume\"><\/i>\t\t\t<\/div>\n\t\t<\/div>\n\t\t\t\t<\/div>\n\t\t\t\t<\/div>\n\t\t\t\t\t\t<\/div>\n\t\t\t<\/div>\n\t\t<\/div>\n\t\t\t\t<div class=\"elementor-element elementor-element-7c0785d elementor-column elementor-col-33 elementor-inner-column\" data-id=\"7c0785d\" data-element_type=\"column\">\n\t\t\t<div class=\"elementor-column-wrap  elementor-element-populated\">\n\t\t\t\t\t<div class=\"elementor-widget-wrap\">\n\t\t\t\t<div class=\"elementor-element elementor-element-7f6a4fe4 elementor-widget elementor-widget-heading\" data-id=\"7f6a4fe4\" data-element_type=\"widget\" data-widget_type=\"heading.default\">\n\t\t\t\t<div class=\"elementor-widget-container\">\n\t\t\t<h2 class=\"elementor-heading-title elementor-size-default\">+90 212 442 4246<\/h2>\t\t<\/div>\n\t\t\t\t<\/div>\n\t\t\t\t\t\t<\/div>\n\t\t\t<\/div>\n\t\t<\/div>\n\t\t\t\t\t\t<\/div>\n\t\t\t<\/div>\n\t\t<\/section>\n\t\t\t\t\t\t<\/div>\n\t\t\t<\/div>\n\t\t<\/div>\n\t\t\t\t\t\t<\/div>\n\t\t\t<\/div>\n\t\t<\/section>\n\t\t\t\t\t\t<\/div>\n\t\t\t<\/div>\n\t\t<\/div>\n\t\t","protected":false},"excerpt":{"rendered":"<p>Hizmetlerimiz G\u00fcmr\u00fck M\u00fc\u015favirli\u011fi Hizmetlerimiz G\u00fcn\u00fcm\u00fczde g\u00fcmr\u00fck ve d\u0131\u015f ticaret i\u015flemleri, \u00e7ok karma\u015f\u0131k s\u00fcre\u00e7leri i\u00e7eren, ciddi bir uzmanl\u0131\u011f\u0131 gerektiren ve olduk\u00e7a dinamik bir yap\u0131s\u0131 olmas\u0131 nedeniyle s\u00fcrekli takibi zorunlu k\u0131lan i\u015flemlerdir. O nedenle, g\u00fcmr\u00fck ihtisas\u0131 ve bu alanda uzmanlar\u0131n yeti\u015fmesi ka\u00e7\u0131n\u0131lmaz bir ger\u00e7ektir. \u015eirketimiz g\u00fcmr\u00fckleme alan\u0131nda 16 y\u0131ll\u0131k bir deneyime sahiptir. Bilgi, uzmanl\u0131k, disiplin ve teknolojiyi<\/p><\/div>\n<div class=\"blog-btn\"><a href=\"https:\/\/www.ddp.com.tr\/TR\/gumruk-musavirligi-hizmetleri\/\" class=\"home-blog-btn\">Daha fazlas\u0131n\u0131 oku<\/a><\/p>\n","protected":false},"author":1,"featured_media":0,"parent":0,"menu_order":0,"comment_status":"closed","ping_status":"closed","template":"elementor_header_footer","meta":{"footnotes":""},"class_list":["post-386","page","type-page","status-publish","hentry"],"_links":{"self":[{"href":"https:\/\/www.ddp.com.tr\/TR\/wp-json\/wp\/v2\/pages\/386","targetHints":{"allow":["GET"]}}],"collection":[{"href":"https:\/\/www.ddp.com.tr\/TR\/wp-json\/wp\/v2\/pages"}],"about":[{"href":"https:\/\/www.ddp.com.tr\/TR\/wp-json\/wp\/v2\/types\/page"}],"author":[{"embeddable":true,"href":"https:\/\/www.ddp.com.tr\/TR\/wp-json\/wp\/v2\/users\/1"}],"replies":[{"embeddable":true,"href":"https:\/\/www.ddp.com.tr\/TR\/wp-json\/wp\/v2\/comments?post=386"}],"version-history":[{"count":14,"href":"https:\/\/www.ddp.com.tr\/TR\/wp-json\/wp\/v2\/pages\/386\/revisions"}],"predecessor-version":[{"id":506,"href":"https:\/\/www.ddp.com.tr\/TR\/wp-json\/wp\/v2\/pages\/386\/revisions\/506"}],"wp:attachment":[{"href":"https:\/\/www.ddp.com.tr\/TR\/wp-json\/wp\/v2\/media?parent=386"}],"curies":[{"name":"wp","href":"https:\/\/api.w.org\/{rel}","templated":true}]}}