{"id":39247,"date":"2022-10-01T12:07:14","date_gmt":"2022-10-01T12:07:14","guid":{"rendered":"https:\/\/www.ddp.com.tr\/TR\/?page_id=39247"},"modified":"2024-10-02T05:16:00","modified_gmt":"2024-10-02T05:16:00","slug":"gerekli_evraklar","status":"publish","type":"page","link":"https:\/\/www.ddp.com.tr\/TR\/gerekli_evraklar\/","title":{"rendered":"Evraklar."},"content":{"rendered":"\t\t<div data-elementor-type=\"wp-page\" data-elementor-id=\"39247\" class=\"elementor elementor-39247\" data-elementor-settings=\"[]\">\n\t\t\t<div class=\"elementor-inner\">\n\t\t\t\t<div class=\"elementor-section-wrap\">\n\t\t\t\t\t\t\t<section class=\"elementor-element elementor-element-7fa07eec elementor-section-stretched elementor-section-height-min-height elementor-section-items-top elementor-section-boxed elementor-section-height-default elementor-invisible elementor-section elementor-top-section\" data-id=\"7fa07eec\" data-element_type=\"section\" data-settings=\"{&quot;stretch_section&quot;:&quot;section-stretched&quot;,&quot;background_background&quot;:&quot;classic&quot;,&quot;animation&quot;:&quot;none&quot;}\">\n\t\t\t\t\t\t<div class=\"elementor-container elementor-column-gap-no\">\n\t\t\t\t<div class=\"elementor-row\">\n\t\t\t\t<div class=\"elementor-element elementor-element-4acf1908 elementor-column elementor-col-100 elementor-top-column\" data-id=\"4acf1908\" data-element_type=\"column\">\n\t\t\t<div class=\"elementor-column-wrap  elementor-element-populated\">\n\t\t\t\t\t<div class=\"elementor-widget-wrap\">\n\t\t\t\t<section class=\"elementor-element elementor-element-72aad078 elementor-section-boxed elementor-section-height-default elementor-section-height-default elementor-invisible elementor-section elementor-inner-section\" data-id=\"72aad078\" data-element_type=\"section\" data-settings=\"{&quot;background_background&quot;:&quot;classic&quot;,&quot;animation&quot;:&quot;none&quot;}\">\n\t\t\t\t\t\t<div class=\"elementor-container elementor-column-gap-default\">\n\t\t\t\t<div class=\"elementor-row\">\n\t\t\t\t<div class=\"elementor-element elementor-element-ada1777 elementor-column elementor-col-50 elementor-inner-column\" data-id=\"ada1777\" data-element_type=\"column\">\n\t\t\t<div class=\"elementor-column-wrap  elementor-element-populated\">\n\t\t\t\t\t<div class=\"elementor-widget-wrap\">\n\t\t\t\t<div class=\"elementor-element elementor-element-42e346b3 elementor-widget elementor-widget-heading\" data-id=\"42e346b3\" data-element_type=\"widget\" data-widget_type=\"heading.default\">\n\t\t\t\t<div class=\"elementor-widget-container\">\n\t\t\t<h5 class=\"elementor-heading-title elementor-size-default\">E\u011fitimlerimiz<\/h5>\t\t<\/div>\n\t\t\t\t<\/div>\n\t\t\t\t\t\t<\/div>\n\t\t\t<\/div>\n\t\t<\/div>\n\t\t\t\t<div class=\"elementor-element elementor-element-4978ccf5 elementor-column elementor-col-50 elementor-inner-column\" data-id=\"4978ccf5\" data-element_type=\"column\">\n\t\t\t<div class=\"elementor-column-wrap\">\n\t\t\t\t\t<div class=\"elementor-widget-wrap\">\n\t\t\t\t\t\t<\/div>\n\t\t\t<\/div>\n\t\t<\/div>\n\t\t\t\t\t\t<\/div>\n\t\t\t<\/div>\n\t\t<\/section>\n\t\t\t\t\t\t<\/div>\n\t\t\t<\/div>\n\t\t<\/div>\n\t\t\t\t\t\t<\/div>\n\t\t\t<\/div>\n\t\t<\/section>\n\t\t\t\t<section class=\"elementor-element elementor-element-adc5d66 elementor-section-stretched elementor-section-boxed elementor-section-height-default elementor-section-height-default elementor-invisible elementor-section elementor-top-section\" data-id=\"adc5d66\" data-element_type=\"section\" data-settings=\"{&quot;stretch_section&quot;:&quot;section-stretched&quot;,&quot;background_background&quot;:&quot;classic&quot;,&quot;animation&quot;:&quot;none&quot;}\">\n\t\t\t\t\t\t<div class=\"elementor-container elementor-column-gap-no\">\n\t\t\t\t<div class=\"elementor-row\">\n\t\t\t\t<div class=\"elementor-element elementor-element-c8bfd72 elementor-column elementor-col-100 elementor-top-column\" data-id=\"c8bfd72\" data-element_type=\"column\">\n\t\t\t<div class=\"elementor-column-wrap  elementor-element-populated\">\n\t\t\t\t\t<div class=\"elementor-widget-wrap\">\n\t\t\t\t<div class=\"elementor-element elementor-element-20d9913 elementor-widget elementor-widget-heading\" data-id=\"20d9913\" data-element_type=\"widget\" data-widget_type=\"heading.default\">\n\t\t\t\t<div class=\"elementor-widget-container\">\n\t\t\t<h2 class=\"elementor-heading-title elementor-size-default\">Devam Eden E\u011fitimlerimiz<\/h2>\t\t<\/div>\n\t\t\t\t<\/div>\n\t\t\t\t\t\t<\/div>\n\t\t\t<\/div>\n\t\t<\/div>\n\t\t\t\t\t\t<\/div>\n\t\t\t<\/div>\n\t\t<\/section>\n\t\t\t\t<section class=\"elementor-element elementor-element-9249c92 elementor-section-boxed elementor-section-height-default elementor-section-height-default elementor-section elementor-top-section\" data-id=\"9249c92\" data-element_type=\"section\">\n\t\t\t\t\t\t<div class=\"elementor-container elementor-column-gap-default\">\n\t\t\t\t<div class=\"elementor-row\">\n\t\t\t\t<div class=\"elementor-element elementor-element-6a0beaa elementor-column elementor-col-33 elementor-top-column\" data-id=\"6a0beaa\" data-element_type=\"column\">\n\t\t\t<div class=\"elementor-column-wrap  elementor-element-populated\">\n\t\t\t\t\t<div class=\"elementor-widget-wrap\">\n\t\t\t\t<div class=\"elementor-element elementor-element-5bc582c elementor-widget elementor-widget-heading\" data-id=\"5bc582c\" data-element_type=\"widget\" data-widget_type=\"heading.default\">\n\t\t\t\t<div class=\"elementor-widget-container\">\n\t\t\t<h2 class=\"elementor-heading-title elementor-size-default\">D\u0131\u015f Ticaret ve Uzmanl\u0131k E\u011fitimi 2024<\/h2>\t\t<\/div>\n\t\t\t\t<\/div>\n\t\t\t\t\t\t<\/div>\n\t\t\t<\/div>\n\t\t<\/div>\n\t\t\t\t<div class=\"elementor-element elementor-element-550c195 elementor-column elementor-col-66 elementor-top-column\" data-id=\"550c195\" data-element_type=\"column\">\n\t\t\t<div class=\"elementor-column-wrap  elementor-element-populated\">\n\t\t\t\t\t<div class=\"elementor-widget-wrap\">\n\t\t\t\t<div class=\"elementor-element elementor-element-5669bcb elementor-widget elementor-widget-heading\" data-id=\"5669bcb\" data-element_type=\"widget\" data-widget_type=\"heading.default\">\n\t\t\t\t<div class=\"elementor-widget-container\">\n\t\t\t<div class=\"elementor-heading-title elementor-size-default\">4.hafta(10 Mart 24) : \u0130hracat Mevzuat\u0131 ve Uygulamalar\u0131, \u0130hracat beyannamesi verilirken nelere dikkat edilir, Hangi ihracat rejimi ne anlama gelir, Konsinye ihracat nedir, \nD\u00f6viz Bedellerinin Yurda Getirili\u015f S\u00fcreleri, Muafiyet Kapsamlar\u0131, Ek s\u00fcreleri ne durumda al\u0131nabilir ka\u00e7 kere al\u0131nabilir<br>\nDers notlar\u0131n\u0131 indirmek i\u00e7in <a href=\"https:\/\/www.ddp.com.tr\/TR\/wp-content\/uploads\/2024\/03\/4.hafta-\u0130HRACAT.ppt\"><u>t\u0131klay\u0131n\u0131z...<\/u><\/a><br><br>\n\n2.hafta(25 \u015eubat 24) : D\u0131\u015f Ticarette Teslim \u015eekilleri, EXW, FOB, FAS, FCA, CFR, CIP, CIF, CPT, DAP, DPU, DDP<br>\nDers notlar\u0131n\u0131 indirmek i\u00e7in <a href=\"https:\/\/www.ddp.com.tr\/TR\/wp-content\/uploads\/2024\/03\/Incoterms_2020_ddp.pptx\"><u>t\u0131klay\u0131n\u0131z...<\/u><\/a><br><br>1.hafta(18 \u015eubat 24) : Uluslararas\u0131 S\u00f6zle\u015fmelerin Haz\u0131rlanmas\u0131, S\u00f6zle\u015fmelerde Dikkat Edilecek Hususlar, E\u011fitmen: Avukat Murat Eren, GED\u0130K \u00dcN\u0130VERS\u0130TES\u0130 S\u00fcrekli E\u011fitim Merkezi Sertifikal\u0131<br>\nDers notlar\u0131n\u0131 indirmek i\u00e7in <a href=\"\/TR\/wp-content\/uploads\/2024\/03\/ticari_sozlesmeler_ddp.ppt\"><u>t\u0131klay\u0131n\u0131z...<\/u><\/a><br><br>1.hafta(01 Ekim 22) : Incoterms Teslim \u015eekilleri, Sigorta<br>\nDers notlar\u0131n\u0131 indirmek i\u00e7in <a href=\"https:\/\/www.ddp.com.tr\/TR\/wp-content\/uploads\/2022\/10\/1.hafta_.zip\"><u>t\u0131klay\u0131n\u0131z...<\/u><\/a><br><br>2.hafta(08 Ekim 22) \u00d6deme \u015fekilleri, MT700 nedir? Akreditife Giri\u015f\n<br>Ders Notlar\u0131n\u0131 indirmek i\u00e7in <a href=\"https:\/\/www.ddp.com.tr\/TR\/wp-content\/uploads\/2022\/10\/2.hafta-ders-notlar\u0131.zip\">t\u0131klay\u0131n\u0131z...<\/a>\n<br><br>3.hafta(15 Ekim 22) S\u00f6zle\u015fmeler ve dikkat edilmesi gereken yerler-ders notu yok!\n<br><br>4.hafta(22 Ekim 22)\u0130hracat,   \u0130hracat \u015eekilleri, \u0130hracat yaparken kullan\u0131labilecek y\u00f6ntemler, Mal Bedelinin \u00fclkeye getirilme s\u00fcreleri ve \u015fartlar\u0131...<br>Ders Notlar\u0131n\u0131 indirmek i\u00e7in <a href=\"https:\/\/www.ddp.com.tr\/TR\/wp-content\/uploads\/2022\/11\/B\u0130Z-AKADEM\u0130-\u0130HRACAT-EMRE.ppt\">t\u0131klay\u0131n\u0131z...<\/a>\n<br><br>5.hafta(29 Ekim 22) \u0130leri Akreditif Uygulamalar\u0131(Anlatan: Abdurrahman \u00d6zalp ICC T\u00fcrkiye Bankac\u0131l\u0131k Komisyon Ba\u015fkan\u0131)<br>Ders notlar\u0131n\u0131 https:\/\/www.abdurrahmanozalp.com\/?pnum=43&pt=%C5%9E%C4%B0FREL%C4%B0+SAYFAM sayfas\u0131ndan 9455 \u015fifresiyle girerek temin edebilirsiniz.\n<br><br>6.hafta(05 Ekim 22) \u0130hracat mevzuat\u0131 ve uygulamalar\u0131\n<br><br>7.hafta(12 Kas\u0131m 22) \u0130thalat mevzuat\u0131 ve uygulamalar\u0131\n<br><br>8.hafta(19 Kas\u0131m 22) Dahilde i\u015fleme ve yat\u0131r\u0131m te\u015fvik kdv iadesi serbest b\u00f6lgeler\n<br>\n<br><\/div>\t\t<\/div>\n\t\t\t\t<\/div>\n\t\t\t\t\t\t<\/div>\n\t\t\t<\/div>\n\t\t<\/div>\n\t\t\t\t\t\t<\/div>\n\t\t\t<\/div>\n\t\t<\/section>\n\t\t\t\t<section class=\"elementor-element elementor-element-3582035 elementor-section-stretched elementor-section-boxed elementor-section-height-default elementor-section-height-default elementor-invisible elementor-section elementor-top-section\" data-id=\"3582035\" data-element_type=\"section\" data-settings=\"{&quot;stretch_section&quot;:&quot;section-stretched&quot;,&quot;background_background&quot;:&quot;classic&quot;,&quot;animation&quot;:&quot;none&quot;}\">\n\t\t\t\t\t\t<div class=\"elementor-container elementor-column-gap-default\">\n\t\t\t\t<div class=\"elementor-row\">\n\t\t\t\t<div class=\"elementor-element elementor-element-bd7c5a6 elementor-column elementor-col-100 elementor-top-column\" data-id=\"bd7c5a6\" data-element_type=\"column\">\n\t\t\t<div class=\"elementor-column-wrap\">\n\t\t\t\t\t<div class=\"elementor-widget-wrap\">\n\t\t\t\t\t\t<\/div>\n\t\t\t<\/div>\n\t\t<\/div>\n\t\t\t\t\t\t<\/div>\n\t\t\t<\/div>\n\t\t<\/section>\n\t\t\t\t<section class=\"elementor-element elementor-element-167c3511 elementor-section-stretched elementor-section-boxed elementor-section-height-default elementor-section-height-default elementor-section elementor-top-section\" data-id=\"167c3511\" data-element_type=\"section\" data-settings=\"{&quot;stretch_section&quot;:&quot;section-stretched&quot;,&quot;background_background&quot;:&quot;classic&quot;}\">\n\t\t\t\t\t\t<div class=\"elementor-container elementor-column-gap-default\">\n\t\t\t\t<div class=\"elementor-row\">\n\t\t\t\t<div class=\"elementor-element elementor-element-1c7651d8 elementor-column elementor-col-100 elementor-top-column\" data-id=\"1c7651d8\" data-element_type=\"column\">\n\t\t\t<div class=\"elementor-column-wrap\">\n\t\t\t\t\t<div class=\"elementor-widget-wrap\">\n\t\t\t\t\t\t<\/div>\n\t\t\t<\/div>\n\t\t<\/div>\n\t\t\t\t\t\t<\/div>\n\t\t\t<\/div>\n\t\t<\/section>\n\t\t\t\t\t\t<\/div>\n\t\t\t<\/div>\n\t\t<\/div>\n\t\t","protected":false},"excerpt":{"rendered":"<p>E\u011fitimlerimiz Devam Eden E\u011fitimlerimiz D\u0131\u015f Ticaret ve Uzmanl\u0131k E\u011fitimi 2024 4.hafta(10 Mart 24) : \u0130hracat Mevzuat\u0131 ve Uygulamalar\u0131, \u0130hracat beyannamesi verilirken nelere dikkat edilir, Hangi ihracat rejimi ne anlama gelir, Konsinye ihracat nedir, D\u00f6viz Bedellerinin Yurda Getirili\u015f S\u00fcreleri, Muafiyet Kapsamlar\u0131, Ek s\u00fcreleri ne durumda al\u0131nabilir ka\u00e7 kere al\u0131nabilir Ders notlar\u0131n\u0131 indirmek i\u00e7in t\u0131klay\u0131n\u0131z&#8230; 2.hafta(25 \u015eubat<\/p><\/div>\n<div class=\"blog-btn\"><a href=\"https:\/\/www.ddp.com.tr\/TR\/gerekli_evraklar\/\" class=\"home-blog-btn\">Daha fazlas\u0131n\u0131 oku<\/a><\/p>\n","protected":false},"author":1,"featured_media":0,"parent":0,"menu_order":0,"comment_status":"closed","ping_status":"closed","template":"elementor_header_footer","meta":{"footnotes":""},"class_list":["post-39247","page","type-page","status-publish","hentry"],"_links":{"self":[{"href":"https:\/\/www.ddp.com.tr\/TR\/wp-json\/wp\/v2\/pages\/39247","targetHints":{"allow":["GET"]}}],"collection":[{"href":"https:\/\/www.ddp.com.tr\/TR\/wp-json\/wp\/v2\/pages"}],"about":[{"href":"https:\/\/www.ddp.com.tr\/TR\/wp-json\/wp\/v2\/types\/page"}],"author":[{"embeddable":true,"href":"https:\/\/www.ddp.com.tr\/TR\/wp-json\/wp\/v2\/users\/1"}],"replies":[{"embeddable":true,"href":"https:\/\/www.ddp.com.tr\/TR\/wp-json\/wp\/v2\/comments?post=39247"}],"version-history":[{"count":22,"href":"https:\/\/www.ddp.com.tr\/TR\/wp-json\/wp\/v2\/pages\/39247\/revisions"}],"predecessor-version":[{"id":39584,"href":"https:\/\/www.ddp.com.tr\/TR\/wp-json\/wp\/v2\/pages\/39247\/revisions\/39584"}],"wp:attachment":[{"href":"https:\/\/www.ddp.com.tr\/TR\/wp-json\/wp\/v2\/media?parent=39247"}],"curies":[{"name":"wp","href":"https:\/\/api.w.org\/{rel}","templated":true}]}}