{"id":538,"date":"2020-07-17T11:54:43","date_gmt":"2020-07-17T11:54:43","guid":{"rendered":"https:\/\/www.ddp.com.tr\/TR\/?page_id=538"},"modified":"2020-07-17T13:50:23","modified_gmt":"2020-07-17T13:50:23","slug":"hukuk-danismanligi","status":"publish","type":"page","link":"https:\/\/www.ddp.com.tr\/TR\/hukuk-danismanligi\/","title":{"rendered":"Hukuk Dan\u0131\u015fmanl\u0131\u011f\u0131"},"content":{"rendered":"\t\t<div data-elementor-type=\"wp-page\" data-elementor-id=\"538\" class=\"elementor elementor-538\" data-elementor-settings=\"[]\">\n\t\t\t<div class=\"elementor-inner\">\n\t\t\t\t<div class=\"elementor-section-wrap\">\n\t\t\t\t\t\t\t<section class=\"elementor-element elementor-element-29bd2f46 elementor-section-stretched elementor-section-height-min-height elementor-section-items-top elementor-section-boxed elementor-section-height-default elementor-invisible elementor-section elementor-top-section\" data-id=\"29bd2f46\" data-element_type=\"section\" data-settings=\"{&quot;stretch_section&quot;:&quot;section-stretched&quot;,&quot;background_background&quot;:&quot;classic&quot;,&quot;animation&quot;:&quot;none&quot;}\">\n\t\t\t\t\t\t<div class=\"elementor-container elementor-column-gap-no\">\n\t\t\t\t<div class=\"elementor-row\">\n\t\t\t\t<div class=\"elementor-element elementor-element-1080f5d7 elementor-column elementor-col-100 elementor-top-column\" data-id=\"1080f5d7\" data-element_type=\"column\">\n\t\t\t<div class=\"elementor-column-wrap  elementor-element-populated\">\n\t\t\t\t\t<div class=\"elementor-widget-wrap\">\n\t\t\t\t<section class=\"elementor-element elementor-element-4dbf2a44 elementor-section-boxed elementor-section-height-default elementor-section-height-default elementor-invisible elementor-section elementor-inner-section\" data-id=\"4dbf2a44\" data-element_type=\"section\" data-settings=\"{&quot;background_background&quot;:&quot;classic&quot;,&quot;animation&quot;:&quot;none&quot;}\">\n\t\t\t\t\t\t<div class=\"elementor-container elementor-column-gap-default\">\n\t\t\t\t<div class=\"elementor-row\">\n\t\t\t\t<div class=\"elementor-element elementor-element-32d9f593 elementor-column elementor-col-50 elementor-inner-column\" data-id=\"32d9f593\" data-element_type=\"column\">\n\t\t\t<div class=\"elementor-column-wrap  elementor-element-populated\">\n\t\t\t\t\t<div class=\"elementor-widget-wrap\">\n\t\t\t\t<div class=\"elementor-element elementor-element-2e45fbb8 elementor-widget elementor-widget-heading\" data-id=\"2e45fbb8\" data-element_type=\"widget\" data-widget_type=\"heading.default\">\n\t\t\t\t<div class=\"elementor-widget-container\">\n\t\t\t<h5 class=\"elementor-heading-title elementor-size-default\">Hizmetlerimiz<\/h5>\t\t<\/div>\n\t\t\t\t<\/div>\n\t\t\t\t\t\t<\/div>\n\t\t\t<\/div>\n\t\t<\/div>\n\t\t\t\t<div class=\"elementor-element elementor-element-4a608161 elementor-column elementor-col-50 elementor-inner-column\" data-id=\"4a608161\" data-element_type=\"column\">\n\t\t\t<div class=\"elementor-column-wrap\">\n\t\t\t\t\t<div class=\"elementor-widget-wrap\">\n\t\t\t\t\t\t<\/div>\n\t\t\t<\/div>\n\t\t<\/div>\n\t\t\t\t\t\t<\/div>\n\t\t\t<\/div>\n\t\t<\/section>\n\t\t\t\t\t\t<\/div>\n\t\t\t<\/div>\n\t\t<\/div>\n\t\t\t\t\t\t<\/div>\n\t\t\t<\/div>\n\t\t<\/section>\n\t\t\t\t<section class=\"elementor-element elementor-element-dad91f2 elementor-section-boxed elementor-section-height-default elementor-section-height-default elementor-section elementor-top-section\" data-id=\"dad91f2\" data-element_type=\"section\">\n\t\t\t\t\t\t<div class=\"elementor-container elementor-column-gap-default\">\n\t\t\t\t<div class=\"elementor-row\">\n\t\t\t\t<div class=\"elementor-element elementor-element-cfc6081 elementor-column elementor-col-100 elementor-top-column\" data-id=\"cfc6081\" data-element_type=\"column\">\n\t\t\t<div class=\"elementor-column-wrap  elementor-element-populated\">\n\t\t\t\t\t<div class=\"elementor-widget-wrap\">\n\t\t\t\t<section class=\"elementor-element elementor-element-e27bebe elementor-section-boxed elementor-section-height-default elementor-section-height-default elementor-section elementor-inner-section\" data-id=\"e27bebe\" data-element_type=\"section\">\n\t\t\t\t\t\t<div class=\"elementor-container elementor-column-gap-default\">\n\t\t\t\t<div class=\"elementor-row\">\n\t\t\t\t<div class=\"elementor-element elementor-element-d507d3f elementor-column elementor-col-33 elementor-inner-column\" data-id=\"d507d3f\" data-element_type=\"column\">\n\t\t\t<div class=\"elementor-column-wrap  elementor-element-populated\">\n\t\t\t\t\t<div class=\"elementor-widget-wrap\">\n\t\t\t\t<div class=\"elementor-element elementor-element-8cd29e2 elementor-widget elementor-widget-text-editor\" data-id=\"8cd29e2\" data-element_type=\"widget\" data-widget_type=\"text-editor.default\">\n\t\t\t\t<div class=\"elementor-widget-container\">\n\t\t\t\t\t<div class=\"elementor-text-editor elementor-clearfix\"><h3 class=\"entry-title\">Hukuk Dan\u0131\u015fmanl\u0131\u011f\u0131<\/h3><\/div>\n\t\t\t\t<\/div>\n\t\t\t\t<\/div>\n\t\t\t\t<div class=\"elementor-element elementor-element-999626a elementor-widget elementor-widget-text-editor\" data-id=\"999626a\" data-element_type=\"widget\" data-widget_type=\"text-editor.default\">\n\t\t\t\t<div class=\"elementor-widget-container\">\n\t\t\t\t\t<div class=\"elementor-text-editor elementor-clearfix\"><h5>DDP G\u00fcmr\u00fck M\u00fc\u015favirli\u011fi Dan\u0131\u015fmanl\u0131k Merkezinde ;<\/h5><h5>G\u00fcmr\u00fck Mevzuat\u0131, G\u00fcmr\u00fck Uyu\u015fmazl\u0131klar\u0131 ve \u00c7\u00f6z\u00fcm Yollar\u0131,D\u0131\u015f Ticaret Mevzuat\u0131, D\u0131\u015f Ticaret Kambiyo Mevzuat\u0131, T\u00fcrk Paras\u0131n\u0131n K\u0131ymetini Koruma Kanunu,\u0130thalat Tebli\u011fleri, Serbest B\u00f6lgeler Kanunu, Serbest Ticaret Anla\u015fmalar\u0131, Uluslararas\u0131 Anla\u015fmalar, \u0130hracat Rejimi, Hari\u00e7te \u0130\u015fleme Rejimi, Serbest Dola\u015f\u0131ma Giri\u015f Rejimi, Ge\u00e7ici \u0130thalat Rejimi, Dahilde \u0130\u015fleme Rejimi,\u00a0 G\u00fcmr\u00fck Kontrol\u00fc Alt\u0131nda \u0130\u015fleme Rejimi, Antrepo Rejimi,\u00a0 Transit Rejimi, Finansal Kiralama, Faktoring ve Finansman \u015eirketleri Kanunu, Nihai Kullan\u0131m H\u00fck\u00fcmleri, Alacaklar\u0131n Yap\u0131land\u0131r\u0131lmas\u0131 Kanunu, Yat\u0131r\u0131m Te\u015fvik Uygulamalar\u0131, Damping ve S\u00fcbvansiyon Uygulamalar\u0131, G\u00f6zetim Uygulamalar\u0131, Bakanl\u0131k \u0130zinleri ve firmalar\u0131m\u0131z\u0131n d\u0131\u015f ticaretlerinde ihtiya\u00e7 duyduklar\u0131 bir \u00e7ok farkl\u0131 konu ile ilgili bilgi ve belgeler konusunda dan\u0131\u015fmanl\u0131k hizmeti sunulmaktad\u0131r.<\/h5><p>\u00a0<\/p><p><img loading=\"lazy\" decoding=\"async\" class=\"alignnone wp-image-548 size-full\" src=\"https:\/\/www.ddp.com.tr\/TR\/wp-content\/uploads\/2020\/07\/gumruk-mevzuat-danismanligi.jpg\" alt=\"\" width=\"745\" height=\"450\" srcset=\"https:\/\/www.ddp.com.tr\/TR\/wp-content\/uploads\/2020\/07\/gumruk-mevzuat-danismanligi.jpg 745w, https:\/\/www.ddp.com.tr\/TR\/wp-content\/uploads\/2020\/07\/gumruk-mevzuat-danismanligi-300x181.jpg 300w\" sizes=\"auto, (max-width: 745px) 100vw, 745px\" \/><\/p><h5>\u00a0<\/h5><h5>Bunun d\u0131\u015f\u0131nda ; \u0130hracat\u00e7\u0131lar\u0131m\u0131z\u0131n kambiyo ve ta\u015f\u0131ma hukuku mevzuat\u0131, marka \/ lisans mevzuat\u0131, temsilcilik s\u00f6zle\u015fmeleri, g\u00fcmr\u00fck mevzuat\u0131 ve benzeri mevzuatlar hakk\u0131nda bilgi sahibi olmalar\u0131 gerekti\u011finden, S\u00f6z konusu bilgiye pratik olarak ve kolayl\u0131kla ula\u015fabilmelerinin \u0130hracat\u00e7\u0131m\u0131z a\u00e7\u0131s\u0131ndan \u00f6nemli bir olanak oldu\u011funu d\u00fc\u015f\u00fcn\u00fcyoruz.<\/h5><h4><span style=\"color: #800000;\">Hizmetlerimizden Baz\u0131lar\u0131<\/span><\/h4><ul><li><h5>Yabanc\u0131 Sermaye ve Te\u015fvik Mevzuat\u0131 proje ve i\u015flemleri dan\u0131\u015fmanl\u0131\u011f\u0131.<\/h5><\/li><li><h5>D\u0131\u015f Ticaret Rejimleri.<\/h5><\/li><li><h5>D\u0131\u015f ticarete ili\u015fkin her t\u00fcrl\u00fc vergi mevzuat\u0131 dan\u0131\u015fmanl\u0131\u011f\u0131.<\/h5><\/li><li><h5>4458 say\u0131l\u0131 G\u00fcmr\u00fck Kanunu dan\u0131\u015fmanl\u0131\u011f\u0131.<\/h5><\/li><li><h5>5607 say\u0131l\u0131 Ka\u00e7ak\u00e7\u0131l\u0131kla M\u00fccadele Kanunu dan\u0131\u015fmanl\u0131\u011f\u0131.<\/h5><\/li><li><h5>Serbest b\u00f6lge Dan\u0131\u015fmanl\u0131\u011f\u0131.<\/h5><\/li><li><h5>Kota<\/h5><\/li><li><h5>G\u00f6zetim Belgesi<\/h5><\/li><li><h5>Tarife Kontenjan\u0131 ve \u0130thal Lisans\u0131<\/h5><\/li><li><h5>\u0130thal \u015eahadetnamesi<\/h5><\/li><li><h5>Kullan\u0131lm\u0131\u015f Makine \u0130thalat\u0131<\/h5><\/li><li><h5>\u0130\u015eG\u00dcM Kontrol Belgesi<\/h5><\/li><li><h5>Sa\u011fl\u0131k Bakanl\u0131\u011f\u0131 \u0130thalat,\u0130hracat Permileri&amp;Kay\u0131t Belgesi<\/h5><\/li><li><h5>Sa\u011fl\u0131k Bakanl\u0131\u011f\u0131 Kontrol Belgesi<\/h5><\/li><li><h5>Emniyet Genel M\u00fcd\u00fcrl\u00fc\u011f\u00fc Uygunluk Yaz\u0131s\u0131<\/h5><\/li><li><h5>Kat\u0131 Yak\u0131t \u0130thalat\u00e7\u0131 Kay\u0131t Belgesi<\/h5><\/li><li><h5>Metal Hurda \u0130thalat\u00e7\u0131 Kay\u0131t Belgesi<\/h5><\/li><li><h5>\u0130hracat Konsolosluk Tasdikleri<\/h5><\/li><li><h5>\u0130thalatta Haks\u0131z Rekabetin \u00d6nlenmesi ile ilgili,\u00a0<strong>anti-damping<\/strong>,\u00a0<strong>s\u00fcbvansiyon<\/strong>, kota,\u00a0<strong>g\u00f6zetim<\/strong>\u00a0vb. proje \u00e7al\u0131\u015fmalar\u0131<\/h5><\/li><\/ul><p>\u00a0<\/p><\/div>\n\t\t\t\t<\/div>\n\t\t\t\t<\/div>\n\t\t\t\t\t\t<\/div>\n\t\t\t<\/div>\n\t\t<\/div>\n\t\t\t\t<div class=\"elementor-element elementor-element-18d0ac5 elementor-column elementor-col-33 elementor-inner-column\" data-id=\"18d0ac5\" data-element_type=\"column\">\n\t\t\t<div class=\"elementor-column-wrap\">\n\t\t\t\t\t<div class=\"elementor-widget-wrap\">\n\t\t\t\t\t\t<\/div>\n\t\t\t<\/div>\n\t\t<\/div>\n\t\t\t\t<div class=\"elementor-element elementor-element-103534b elementor-column elementor-col-33 elementor-inner-column\" data-id=\"103534b\" data-element_type=\"column\">\n\t\t\t<div class=\"elementor-column-wrap  elementor-element-populated\">\n\t\t\t\t\t<div class=\"elementor-widget-wrap\">\n\t\t\t\t<div class=\"elementor-element elementor-element-4abcb50 elementor-nav-menu__align-left elementor-nav-menu--indicator-classic elementor-nav-menu--dropdown-tablet elementor-nav-menu__text-align-aside elementor-nav-menu--toggle elementor-nav-menu--burger elementor-widget elementor-widget-nav-menu\" data-id=\"4abcb50\" data-element_type=\"widget\" data-settings=\"{&quot;layout&quot;:&quot;vertical&quot;,&quot;toggle&quot;:&quot;burger&quot;}\" data-widget_type=\"nav-menu.default\">\n\t\t\t\t<div class=\"elementor-widget-container\">\n\t\t\t\t\t\t<nav role=\"navigation\" class=\"elementor-nav-menu--main elementor-nav-menu__container elementor-nav-menu--layout-vertical e--pointer-underline e--animation-fade\"><ul id=\"menu-1-4abcb50\" class=\"elementor-nav-menu sm-vertical\"><li class=\"menu-item menu-item-type-post_type menu-item-object-page menu-item-395\"><a href=\"https:\/\/www.ddp.com.tr\/TR\/gumruk-musavirligi-hizmetleri\/\" class=\"elementor-item\">G\u00fcmr\u00fck M\u00fc\u015favirli\u011fi Hizmetleri<\/a><\/li>\n<li class=\"menu-item menu-item-type-post_type menu-item-object-page menu-item-425\"><a href=\"https:\/\/www.ddp.com.tr\/TR\/dis-ticaret-yonetim-danismanligi\/\" class=\"elementor-item\">D\u0131\u015f Ticaret Y\u00f6netim Dan\u0131\u015fmanl\u0131\u011f\u0131<\/a><\/li>\n<li class=\"menu-item menu-item-type-post_type menu-item-object-page menu-item-477\"><a href=\"https:\/\/www.ddp.com.tr\/TR\/transit-gumruk-hizmetleri\/\" class=\"elementor-item\">Transit G\u00fcmr\u00fck Hizmetleri<\/a><\/li>\n<li class=\"menu-item menu-item-type-post_type menu-item-object-page menu-item-535\"><a href=\"https:\/\/www.ddp.com.tr\/TR\/yys-faliyet-raporu-hazirlama\/\" class=\"elementor-item\">YYS Faliyet Raporu Haz\u0131rlama<\/a><\/li>\n<li class=\"menu-item menu-item-type-post_type menu-item-object-page menu-item-546\"><a href=\"https:\/\/www.ddp.com.tr\/TR\/hukuk-danismanligi\/\" class=\"elementor-item\">Hukuk Dan\u0131\u015fmanl\u0131\u011f\u0131<\/a><\/li>\n<li class=\"menu-item menu-item-type-post_type menu-item-object-page menu-item-559\"><a href=\"https:\/\/www.ddp.com.tr\/TR\/sonradan-kontrol-risk-analizi-denetimi\/\" class=\"elementor-item\">Sonradan Kontrol Risk Analizi Denetimi<\/a><\/li>\n<li class=\"menu-item menu-item-type-post_type menu-item-object-page menu-item-567\"><a href=\"https:\/\/www.ddp.com.tr\/TR\/uzlasma-temsilciligi\/\" class=\"elementor-item\">Uzla\u015fma Temsilcili\u011fi<\/a><\/li>\n<li class=\"menu-item menu-item-type-post_type menu-item-object-page menu-item-573\"><a href=\"https:\/\/www.ddp.com.tr\/TR\/egitim\/\" class=\"elementor-item\">E\u011fitim<\/a><\/li>\n<li class=\"menu-item menu-item-type-post_type menu-item-object-page menu-item-583\"><a href=\"https:\/\/www.ddp.com.tr\/TR\/dahilde-isleme-izin-belgesi-danismanligi\/\" class=\"elementor-item\">Dahilde \u0130\u015fleme \u0130zin Belgesi Dan\u0131\u015fmanl\u0131\u011f\u0131<\/a><\/li>\n<li class=\"menu-item menu-item-type-post_type menu-item-object-page menu-item-604\"><a href=\"https:\/\/www.ddp.com.tr\/TR\/yetkilendirilmis-yukumlu-statusu-cikarma-danismanligi\/\" class=\"elementor-item\">Yetkilendirilmi\u015f Y\u00fck\u00fcml\u00fc Stat\u00fcs\u00fc \u00c7\u0131karma Dan\u0131\u015fmanl\u0131\u011f\u0131<\/a><\/li>\n<li class=\"menu-item menu-item-type-post_type menu-item-object-page menu-item-625\"><a href=\"https:\/\/www.ddp.com.tr\/TR\/yatirim-tesvik-belgesi\/\" class=\"elementor-item\">Yat\u0131r\u0131m Te\u015fvik Belgesi<\/a><\/li>\n<li class=\"menu-item menu-item-type-post_type menu-item-object-page menu-item-633\"><a href=\"https:\/\/www.ddp.com.tr\/TR\/onaylanmis-kisi-statu-belgesi\/\" class=\"elementor-item\">Onaylanm\u0131\u015f Ki\u015fi Stat\u00fc Belgesi<\/a><\/li>\n<\/ul><\/nav>\n\t\t\t\t\t<div class=\"elementor-menu-toggle\" role=\"button\" tabindex=\"0\" aria-label=\"Menu Toggle\" aria-expanded=\"false\">\n\t\t\t<i class=\"eicon-menu-bar\" aria-hidden=\"true\"><\/i>\n\t\t\t<span class=\"elementor-screen-only\">Menu<\/span>\n\t\t<\/div>\n\t\t\t<nav class=\"elementor-nav-menu--dropdown elementor-nav-menu__container\" role=\"navigation\" aria-hidden=\"true\"><ul id=\"menu-2-4abcb50\" class=\"elementor-nav-menu sm-vertical\"><li class=\"menu-item menu-item-type-post_type menu-item-object-page menu-item-395\"><a href=\"https:\/\/www.ddp.com.tr\/TR\/gumruk-musavirligi-hizmetleri\/\" class=\"elementor-item\">G\u00fcmr\u00fck M\u00fc\u015favirli\u011fi Hizmetleri<\/a><\/li>\n<li class=\"menu-item menu-item-type-post_type menu-item-object-page menu-item-425\"><a href=\"https:\/\/www.ddp.com.tr\/TR\/dis-ticaret-yonetim-danismanligi\/\" class=\"elementor-item\">D\u0131\u015f Ticaret Y\u00f6netim Dan\u0131\u015fmanl\u0131\u011f\u0131<\/a><\/li>\n<li class=\"menu-item menu-item-type-post_type menu-item-object-page menu-item-477\"><a href=\"https:\/\/www.ddp.com.tr\/TR\/transit-gumruk-hizmetleri\/\" class=\"elementor-item\">Transit G\u00fcmr\u00fck Hizmetleri<\/a><\/li>\n<li class=\"menu-item menu-item-type-post_type menu-item-object-page menu-item-535\"><a href=\"https:\/\/www.ddp.com.tr\/TR\/yys-faliyet-raporu-hazirlama\/\" class=\"elementor-item\">YYS Faliyet Raporu Haz\u0131rlama<\/a><\/li>\n<li class=\"menu-item menu-item-type-post_type menu-item-object-page menu-item-546\"><a href=\"https:\/\/www.ddp.com.tr\/TR\/hukuk-danismanligi\/\" class=\"elementor-item\">Hukuk Dan\u0131\u015fmanl\u0131\u011f\u0131<\/a><\/li>\n<li class=\"menu-item menu-item-type-post_type menu-item-object-page menu-item-559\"><a href=\"https:\/\/www.ddp.com.tr\/TR\/sonradan-kontrol-risk-analizi-denetimi\/\" class=\"elementor-item\">Sonradan Kontrol Risk Analizi Denetimi<\/a><\/li>\n<li class=\"menu-item menu-item-type-post_type menu-item-object-page menu-item-567\"><a href=\"https:\/\/www.ddp.com.tr\/TR\/uzlasma-temsilciligi\/\" class=\"elementor-item\">Uzla\u015fma Temsilcili\u011fi<\/a><\/li>\n<li class=\"menu-item menu-item-type-post_type menu-item-object-page menu-item-573\"><a href=\"https:\/\/www.ddp.com.tr\/TR\/egitim\/\" class=\"elementor-item\">E\u011fitim<\/a><\/li>\n<li class=\"menu-item menu-item-type-post_type menu-item-object-page menu-item-583\"><a href=\"https:\/\/www.ddp.com.tr\/TR\/dahilde-isleme-izin-belgesi-danismanligi\/\" class=\"elementor-item\">Dahilde \u0130\u015fleme \u0130zin Belgesi Dan\u0131\u015fmanl\u0131\u011f\u0131<\/a><\/li>\n<li class=\"menu-item menu-item-type-post_type menu-item-object-page menu-item-604\"><a href=\"https:\/\/www.ddp.com.tr\/TR\/yetkilendirilmis-yukumlu-statusu-cikarma-danismanligi\/\" class=\"elementor-item\">Yetkilendirilmi\u015f Y\u00fck\u00fcml\u00fc Stat\u00fcs\u00fc \u00c7\u0131karma Dan\u0131\u015fmanl\u0131\u011f\u0131<\/a><\/li>\n<li class=\"menu-item menu-item-type-post_type menu-item-object-page menu-item-625\"><a href=\"https:\/\/www.ddp.com.tr\/TR\/yatirim-tesvik-belgesi\/\" class=\"elementor-item\">Yat\u0131r\u0131m Te\u015fvik Belgesi<\/a><\/li>\n<li class=\"menu-item menu-item-type-post_type menu-item-object-page menu-item-633\"><a href=\"https:\/\/www.ddp.com.tr\/TR\/onaylanmis-kisi-statu-belgesi\/\" class=\"elementor-item\">Onaylanm\u0131\u015f Ki\u015fi Stat\u00fc Belgesi<\/a><\/li>\n<\/ul><\/nav>\n\t\t\t\t<\/div>\n\t\t\t\t<\/div>\n\t\t\t\t\t\t<\/div>\n\t\t\t<\/div>\n\t\t<\/div>\n\t\t\t\t\t\t<\/div>\n\t\t\t<\/div>\n\t\t<\/section>\n\t\t\t\t\t\t<\/div>\n\t\t\t<\/div>\n\t\t<\/div>\n\t\t\t\t\t\t<\/div>\n\t\t\t<\/div>\n\t\t<\/section>\n\t\t\t\t<section class=\"elementor-element elementor-element-6aa8696a elementor-section-stretched elementor-section-boxed elementor-section-height-default elementor-section-height-default elementor-section elementor-top-section\" data-id=\"6aa8696a\" data-element_type=\"section\" data-settings=\"{&quot;stretch_section&quot;:&quot;section-stretched&quot;,&quot;background_background&quot;:&quot;classic&quot;}\">\n\t\t\t\t\t\t<div class=\"elementor-container elementor-column-gap-default\">\n\t\t\t\t<div class=\"elementor-row\">\n\t\t\t\t<div class=\"elementor-element elementor-element-1a7d2d7e elementor-column elementor-col-100 elementor-top-column\" data-id=\"1a7d2d7e\" data-element_type=\"column\">\n\t\t\t<div class=\"elementor-column-wrap  elementor-element-populated\">\n\t\t\t\t\t<div class=\"elementor-widget-wrap\">\n\t\t\t\t<section class=\"elementor-element elementor-element-7d388d1d elementor-section-boxed elementor-section-height-default elementor-section-height-default elementor-section elementor-inner-section\" data-id=\"7d388d1d\" data-element_type=\"section\">\n\t\t\t\t\t\t<div class=\"elementor-container elementor-column-gap-default\">\n\t\t\t\t<div class=\"elementor-row\">\n\t\t\t\t<div class=\"elementor-element elementor-element-2736b491 elementor-column elementor-col-33 elementor-inner-column\" data-id=\"2736b491\" data-element_type=\"column\">\n\t\t\t<div class=\"elementor-column-wrap  elementor-element-populated\">\n\t\t\t\t\t<div class=\"elementor-widget-wrap\">\n\t\t\t\t<div class=\"elementor-element elementor-element-5e9014af elementor-widget elementor-widget-heading\" data-id=\"5e9014af\" data-element_type=\"widget\" data-widget_type=\"heading.default\">\n\t\t\t\t<div class=\"elementor-widget-container\">\n\t\t\t<h2 class=\"elementor-heading-title elementor-size-default\">Size Nas\u0131l Yard\u0131mc\u0131 Olabiliriz?<\/h2>\t\t<\/div>\n\t\t\t\t<\/div>\n\t\t\t\t\t\t<\/div>\n\t\t\t<\/div>\n\t\t<\/div>\n\t\t\t\t<div class=\"elementor-element elementor-element-77a094e2 elementor-column elementor-col-33 elementor-inner-column\" data-id=\"77a094e2\" data-element_type=\"column\">\n\t\t\t<div class=\"elementor-column-wrap  elementor-element-populated\">\n\t\t\t\t\t<div class=\"elementor-widget-wrap\">\n\t\t\t\t<div class=\"elementor-element elementor-element-3df1ce17 elementor-view-default elementor-widget elementor-widget-icon\" data-id=\"3df1ce17\" data-element_type=\"widget\" data-widget_type=\"icon.default\">\n\t\t\t\t<div class=\"elementor-widget-container\">\n\t\t\t\t\t<div class=\"elementor-icon-wrapper\">\n\t\t\t<div class=\"elementor-icon\">\n\t\t\t<i aria-hidden=\"true\" class=\"fas fa-phone-volume\"><\/i>\t\t\t<\/div>\n\t\t<\/div>\n\t\t\t\t<\/div>\n\t\t\t\t<\/div>\n\t\t\t\t\t\t<\/div>\n\t\t\t<\/div>\n\t\t<\/div>\n\t\t\t\t<div class=\"elementor-element elementor-element-7c0785d elementor-column elementor-col-33 elementor-inner-column\" data-id=\"7c0785d\" data-element_type=\"column\">\n\t\t\t<div class=\"elementor-column-wrap  elementor-element-populated\">\n\t\t\t\t\t<div class=\"elementor-widget-wrap\">\n\t\t\t\t<div class=\"elementor-element elementor-element-7f6a4fe4 elementor-widget elementor-widget-heading\" data-id=\"7f6a4fe4\" data-element_type=\"widget\" data-widget_type=\"heading.default\">\n\t\t\t\t<div class=\"elementor-widget-container\">\n\t\t\t<h2 class=\"elementor-heading-title elementor-size-default\">+90 212 442 4246<\/h2>\t\t<\/div>\n\t\t\t\t<\/div>\n\t\t\t\t\t\t<\/div>\n\t\t\t<\/div>\n\t\t<\/div>\n\t\t\t\t\t\t<\/div>\n\t\t\t<\/div>\n\t\t<\/section>\n\t\t\t\t\t\t<\/div>\n\t\t\t<\/div>\n\t\t<\/div>\n\t\t\t\t\t\t<\/div>\n\t\t\t<\/div>\n\t\t<\/section>\n\t\t\t\t\t\t<\/div>\n\t\t\t<\/div>\n\t\t<\/div>\n\t\t","protected":false},"excerpt":{"rendered":"<p>Hizmetlerimiz Hukuk Dan\u0131\u015fmanl\u0131\u011f\u0131 DDP G\u00fcmr\u00fck M\u00fc\u015favirli\u011fi Dan\u0131\u015fmanl\u0131k Merkezinde ; G\u00fcmr\u00fck Mevzuat\u0131, G\u00fcmr\u00fck Uyu\u015fmazl\u0131klar\u0131 ve \u00c7\u00f6z\u00fcm Yollar\u0131,D\u0131\u015f Ticaret Mevzuat\u0131, D\u0131\u015f Ticaret Kambiyo Mevzuat\u0131, T\u00fcrk Paras\u0131n\u0131n K\u0131ymetini Koruma Kanunu,\u0130thalat Tebli\u011fleri, Serbest B\u00f6lgeler Kanunu, Serbest Ticaret Anla\u015fmalar\u0131, Uluslararas\u0131 Anla\u015fmalar, \u0130hracat Rejimi, Hari\u00e7te \u0130\u015fleme Rejimi, Serbest Dola\u015f\u0131ma Giri\u015f Rejimi, Ge\u00e7ici \u0130thalat Rejimi, Dahilde \u0130\u015fleme Rejimi,\u00a0 G\u00fcmr\u00fck Kontrol\u00fc Alt\u0131nda \u0130\u015fleme<\/p><\/div>\n<div class=\"blog-btn\"><a href=\"https:\/\/www.ddp.com.tr\/TR\/hukuk-danismanligi\/\" class=\"home-blog-btn\">Daha fazlas\u0131n\u0131 oku<\/a><\/p>\n","protected":false},"author":1,"featured_media":0,"parent":0,"menu_order":0,"comment_status":"closed","ping_status":"closed","template":"elementor_header_footer","meta":{"footnotes":""},"class_list":["post-538","page","type-page","status-publish","hentry"],"_links":{"self":[{"href":"https:\/\/www.ddp.com.tr\/TR\/wp-json\/wp\/v2\/pages\/538","targetHints":{"allow":["GET"]}}],"collection":[{"href":"https:\/\/www.ddp.com.tr\/TR\/wp-json\/wp\/v2\/pages"}],"about":[{"href":"https:\/\/www.ddp.com.tr\/TR\/wp-json\/wp\/v2\/types\/page"}],"author":[{"embeddable":true,"href":"https:\/\/www.ddp.com.tr\/TR\/wp-json\/wp\/v2\/users\/1"}],"replies":[{"embeddable":true,"href":"https:\/\/www.ddp.com.tr\/TR\/wp-json\/wp\/v2\/comments?post=538"}],"version-history":[{"count":4,"href":"https:\/\/www.ddp.com.tr\/TR\/wp-json\/wp\/v2\/pages\/538\/revisions"}],"predecessor-version":[{"id":550,"href":"https:\/\/www.ddp.com.tr\/TR\/wp-json\/wp\/v2\/pages\/538\/revisions\/550"}],"wp:attachment":[{"href":"https:\/\/www.ddp.com.tr\/TR\/wp-json\/wp\/v2\/media?parent=538"}],"curies":[{"name":"wp","href":"https:\/\/api.w.org\/{rel}","templated":true}]}}