{"id":555,"date":"2020-07-17T13:54:40","date_gmt":"2020-07-17T13:54:40","guid":{"rendered":"https:\/\/www.ddp.com.tr\/TR\/?page_id=555"},"modified":"2020-07-17T13:58:10","modified_gmt":"2020-07-17T13:58:10","slug":"sonradan-kontrol-risk-analizi-denetimi","status":"publish","type":"page","link":"https:\/\/www.ddp.com.tr\/TR\/sonradan-kontrol-risk-analizi-denetimi\/","title":{"rendered":"Sonradan Kontrol Risk Analizi Denetimi"},"content":{"rendered":"\t\t<div data-elementor-type=\"wp-page\" data-elementor-id=\"555\" class=\"elementor elementor-555\" data-elementor-settings=\"[]\">\n\t\t\t<div class=\"elementor-inner\">\n\t\t\t\t<div class=\"elementor-section-wrap\">\n\t\t\t\t\t\t\t<section class=\"elementor-element elementor-element-29bd2f46 elementor-section-stretched elementor-section-height-min-height elementor-section-items-top elementor-section-boxed elementor-section-height-default elementor-invisible elementor-section elementor-top-section\" data-id=\"29bd2f46\" data-element_type=\"section\" data-settings=\"{&quot;stretch_section&quot;:&quot;section-stretched&quot;,&quot;background_background&quot;:&quot;classic&quot;,&quot;animation&quot;:&quot;none&quot;}\">\n\t\t\t\t\t\t<div class=\"elementor-container elementor-column-gap-no\">\n\t\t\t\t<div class=\"elementor-row\">\n\t\t\t\t<div class=\"elementor-element elementor-element-1080f5d7 elementor-column elementor-col-100 elementor-top-column\" data-id=\"1080f5d7\" data-element_type=\"column\">\n\t\t\t<div class=\"elementor-column-wrap  elementor-element-populated\">\n\t\t\t\t\t<div class=\"elementor-widget-wrap\">\n\t\t\t\t<section class=\"elementor-element elementor-element-4dbf2a44 elementor-section-boxed elementor-section-height-default elementor-section-height-default elementor-invisible elementor-section elementor-inner-section\" data-id=\"4dbf2a44\" data-element_type=\"section\" data-settings=\"{&quot;background_background&quot;:&quot;classic&quot;,&quot;animation&quot;:&quot;none&quot;}\">\n\t\t\t\t\t\t<div class=\"elementor-container elementor-column-gap-default\">\n\t\t\t\t<div class=\"elementor-row\">\n\t\t\t\t<div class=\"elementor-element elementor-element-32d9f593 elementor-column elementor-col-50 elementor-inner-column\" data-id=\"32d9f593\" data-element_type=\"column\">\n\t\t\t<div class=\"elementor-column-wrap  elementor-element-populated\">\n\t\t\t\t\t<div class=\"elementor-widget-wrap\">\n\t\t\t\t<div class=\"elementor-element elementor-element-2e45fbb8 elementor-widget elementor-widget-heading\" data-id=\"2e45fbb8\" data-element_type=\"widget\" data-widget_type=\"heading.default\">\n\t\t\t\t<div class=\"elementor-widget-container\">\n\t\t\t<h5 class=\"elementor-heading-title elementor-size-default\">Hizmetlerimiz<\/h5>\t\t<\/div>\n\t\t\t\t<\/div>\n\t\t\t\t\t\t<\/div>\n\t\t\t<\/div>\n\t\t<\/div>\n\t\t\t\t<div class=\"elementor-element elementor-element-4a608161 elementor-column elementor-col-50 elementor-inner-column\" data-id=\"4a608161\" data-element_type=\"column\">\n\t\t\t<div class=\"elementor-column-wrap\">\n\t\t\t\t\t<div class=\"elementor-widget-wrap\">\n\t\t\t\t\t\t<\/div>\n\t\t\t<\/div>\n\t\t<\/div>\n\t\t\t\t\t\t<\/div>\n\t\t\t<\/div>\n\t\t<\/section>\n\t\t\t\t\t\t<\/div>\n\t\t\t<\/div>\n\t\t<\/div>\n\t\t\t\t\t\t<\/div>\n\t\t\t<\/div>\n\t\t<\/section>\n\t\t\t\t<section class=\"elementor-element elementor-element-dad91f2 elementor-section-boxed elementor-section-height-default elementor-section-height-default elementor-section elementor-top-section\" data-id=\"dad91f2\" data-element_type=\"section\">\n\t\t\t\t\t\t<div class=\"elementor-container elementor-column-gap-default\">\n\t\t\t\t<div class=\"elementor-row\">\n\t\t\t\t<div class=\"elementor-element elementor-element-cfc6081 elementor-column elementor-col-100 elementor-top-column\" data-id=\"cfc6081\" data-element_type=\"column\">\n\t\t\t<div class=\"elementor-column-wrap  elementor-element-populated\">\n\t\t\t\t\t<div class=\"elementor-widget-wrap\">\n\t\t\t\t<section class=\"elementor-element elementor-element-e27bebe elementor-section-boxed elementor-section-height-default elementor-section-height-default elementor-section elementor-inner-section\" data-id=\"e27bebe\" data-element_type=\"section\">\n\t\t\t\t\t\t<div class=\"elementor-container elementor-column-gap-default\">\n\t\t\t\t<div class=\"elementor-row\">\n\t\t\t\t<div class=\"elementor-element elementor-element-d507d3f elementor-column elementor-col-33 elementor-inner-column\" data-id=\"d507d3f\" data-element_type=\"column\">\n\t\t\t<div class=\"elementor-column-wrap  elementor-element-populated\">\n\t\t\t\t\t<div class=\"elementor-widget-wrap\">\n\t\t\t\t<div class=\"elementor-element elementor-element-8cd29e2 elementor-widget elementor-widget-text-editor\" data-id=\"8cd29e2\" data-element_type=\"widget\" data-widget_type=\"text-editor.default\">\n\t\t\t\t<div class=\"elementor-widget-container\">\n\t\t\t\t\t<div class=\"elementor-text-editor elementor-clearfix\"><h3 class=\"entry-title\">Sonradan Kontrol Risk Analizi Denetimi<\/h3><\/div>\n\t\t\t\t<\/div>\n\t\t\t\t<\/div>\n\t\t\t\t<div class=\"elementor-element elementor-element-999626a elementor-widget elementor-widget-text-editor\" data-id=\"999626a\" data-element_type=\"widget\" data-widget_type=\"text-editor.default\">\n\t\t\t\t<div class=\"elementor-widget-container\">\n\t\t\t\t\t<div class=\"elementor-text-editor elementor-clearfix\"><h5>G\u00fcmr\u00fck ve Ticaret Bakanl\u0131\u011f\u0131 denetim birimince her y\u0131l belirli bir takvimle sonradan kontrol denetimi yap\u0131l\u0131r. Bu denetimlerde m\u00fcfetti\u015fler, m\u00fckelleflerin \u015firket adresinde \u015firketin ticari belgeleri ve i\u00e7 kay\u0131tlar\u0131n\u0131 incelemek suretiyle g\u00fcmr\u00fck i\u015flemlerinin g\u00fcmr\u00fck mevzuat\u0131na uyumlu olup olmad\u0131\u011f\u0131; g\u00fcmr\u00fck vergilerinin veya y\u00fck\u00fcml\u00fcl\u00fcklerinin yerine getirilip getirilmedi\u011fini inceler.<\/h5><p><img loading=\"lazy\" decoding=\"async\" class=\"alignnone wp-image-553 size-full\" src=\"https:\/\/www.ddp.com.tr\/TR\/wp-content\/uploads\/2020\/07\/risk-dnetimi.jpg\" alt=\"\" width=\"900\" height=\"506\" srcset=\"https:\/\/www.ddp.com.tr\/TR\/wp-content\/uploads\/2020\/07\/risk-dnetimi.jpg 900w, https:\/\/www.ddp.com.tr\/TR\/wp-content\/uploads\/2020\/07\/risk-dnetimi-300x169.jpg 300w, https:\/\/www.ddp.com.tr\/TR\/wp-content\/uploads\/2020\/07\/risk-dnetimi-768x432.jpg 768w\" sizes=\"auto, (max-width: 900px) 100vw, 900px\" \/><\/p><h5>\u00a0<\/h5><h5>S\u00f6z konusu denetimlerde, m\u00fcfetti\u015flerin \u015firket i\u00e7i b\u00fct\u00fcn kay\u0131tlar\u0131 inceleme ve d\u0131\u015f ticaret muhasebe kay\u0131tlar\u0131 dahil b\u00fct\u00fcn bilgi ve belgeleri (para transferleri, mal hareketleri, maliye beyanlar\u0131 vs) tetkik etme yetkisi vard\u0131r.<\/h5><h5>Bu incelemeler neticesinde, g\u00fcmr\u00fck idaresi taraf\u0131ndan vergi kayb\u0131na neden olan cezalar veya usuls\u00fczl\u00fck cezalar\u0131 uygulanabilmektedir.<\/h5><h5>Bahse konu cezalar olduk\u00e7a y\u00fcksek oldu\u011fu gibi; \u015firketin bundan b\u00f6yle elde edece\u011fi kolayla\u015ft\u0131rma veya di\u011fer haklar\u0131 olumsuz etkileme potansiyeli bulunmaktad\u0131r.<\/h5><h5>Al\u0131nan cezalar\u0131n ayn\u0131 zamanda \u015firketin gelecekteki g\u00fcmr\u00fck operasyonlar\u0131nda riskli olarak alg\u0131lanmas\u0131na da yol a\u00e7abilmektedir.<\/h5><h5>DDP olarak, sonradan kontrol ve risk analizi denetimi yaparak sizin g\u00fcmr\u00fck i\u015flemlerinizin uyumlulu\u011funu inceliyor ve risk analizi yaparak \u00f6nceden al\u0131nmas\u0131 gereken tedbirleri g\u00f6steriyoruz. B\u00f6ylece, her t\u00fcrl\u00fc g\u00fcmr\u00fck mevzuat\u0131 ihlallerinden sizi koruyor ve bu konuda rehberlik yap\u0131yoruz. \u015eirket olarak, daha \u00f6nce denetim birimlerinde \u00e7al\u0131\u015fm\u0131\u015f, konusunda deneyimli, g\u00fcmr\u00fck tekni\u011fine hakim uzmanlar eliyle sonradan kontrol yap\u0131yoruz.<\/h5><h5>Yap\u0131lan denetimler neticesinde Sonradan Kontrol &amp; Risk Analizi De\u011ferlendirme Raporu d\u00fczenlenir. Profesyonelce d\u00fczenlenen raporlar, m\u00fc\u015fterilerimiz i\u00e7in adeta bir yol haritas\u0131 mahiyetindedir.<\/h5><h5>Sonradan kontrol raporlar\u0131m\u0131z d\u00f6nemsel mahiyette olup; m\u00fc\u015fterilerimizin zaman i\u00e7erisinde mevzuattaki de\u011fi\u015fikler ve yeniliklerin takibini sa\u011flar. \u0130nceledi\u011fimiz i\u015flem ve d\u00f6nemlere ait riskler, en asgari d\u00fczeye indirilir. B\u00f6ylece \u015firketler g\u00fcmr\u00fck ve d\u0131\u015f ticaret mevzuat\u0131na uyum noktas\u0131nda en sa\u011fl\u0131kl\u0131 yap\u0131ya kavu\u015fur.<\/h5><h3><span style=\"color: #800000;\">Bize g\u00fcvenin, sizi risklerden koruyal\u0131m\u2026<\/span><\/h3><p>\u00a0<\/p><\/div>\n\t\t\t\t<\/div>\n\t\t\t\t<\/div>\n\t\t\t\t\t\t<\/div>\n\t\t\t<\/div>\n\t\t<\/div>\n\t\t\t\t<div class=\"elementor-element elementor-element-18d0ac5 elementor-column elementor-col-33 elementor-inner-column\" data-id=\"18d0ac5\" data-element_type=\"column\">\n\t\t\t<div class=\"elementor-column-wrap\">\n\t\t\t\t\t<div class=\"elementor-widget-wrap\">\n\t\t\t\t\t\t<\/div>\n\t\t\t<\/div>\n\t\t<\/div>\n\t\t\t\t<div class=\"elementor-element elementor-element-103534b elementor-column elementor-col-33 elementor-inner-column\" data-id=\"103534b\" data-element_type=\"column\">\n\t\t\t<div class=\"elementor-column-wrap  elementor-element-populated\">\n\t\t\t\t\t<div class=\"elementor-widget-wrap\">\n\t\t\t\t<div class=\"elementor-element elementor-element-4abcb50 elementor-nav-menu__align-left elementor-nav-menu--indicator-classic elementor-nav-menu--dropdown-tablet elementor-nav-menu__text-align-aside elementor-nav-menu--toggle elementor-nav-menu--burger elementor-widget elementor-widget-nav-menu\" data-id=\"4abcb50\" data-element_type=\"widget\" data-settings=\"{&quot;layout&quot;:&quot;vertical&quot;,&quot;toggle&quot;:&quot;burger&quot;}\" data-widget_type=\"nav-menu.default\">\n\t\t\t\t<div class=\"elementor-widget-container\">\n\t\t\t\t\t\t<nav role=\"navigation\" class=\"elementor-nav-menu--main elementor-nav-menu__container elementor-nav-menu--layout-vertical e--pointer-underline e--animation-fade\"><ul id=\"menu-1-4abcb50\" class=\"elementor-nav-menu sm-vertical\"><li class=\"menu-item menu-item-type-post_type menu-item-object-page menu-item-395\"><a href=\"https:\/\/www.ddp.com.tr\/TR\/gumruk-musavirligi-hizmetleri\/\" class=\"elementor-item\">G\u00fcmr\u00fck M\u00fc\u015favirli\u011fi Hizmetleri<\/a><\/li>\n<li class=\"menu-item menu-item-type-post_type menu-item-object-page menu-item-425\"><a href=\"https:\/\/www.ddp.com.tr\/TR\/dis-ticaret-yonetim-danismanligi\/\" class=\"elementor-item\">D\u0131\u015f Ticaret Y\u00f6netim Dan\u0131\u015fmanl\u0131\u011f\u0131<\/a><\/li>\n<li class=\"menu-item menu-item-type-post_type menu-item-object-page menu-item-477\"><a href=\"https:\/\/www.ddp.com.tr\/TR\/transit-gumruk-hizmetleri\/\" class=\"elementor-item\">Transit G\u00fcmr\u00fck Hizmetleri<\/a><\/li>\n<li class=\"menu-item menu-item-type-post_type menu-item-object-page menu-item-535\"><a href=\"https:\/\/www.ddp.com.tr\/TR\/yys-faliyet-raporu-hazirlama\/\" class=\"elementor-item\">YYS Faliyet Raporu Haz\u0131rlama<\/a><\/li>\n<li class=\"menu-item menu-item-type-post_type menu-item-object-page menu-item-546\"><a href=\"https:\/\/www.ddp.com.tr\/TR\/hukuk-danismanligi\/\" class=\"elementor-item\">Hukuk Dan\u0131\u015fmanl\u0131\u011f\u0131<\/a><\/li>\n<li class=\"menu-item menu-item-type-post_type menu-item-object-page menu-item-559\"><a href=\"https:\/\/www.ddp.com.tr\/TR\/sonradan-kontrol-risk-analizi-denetimi\/\" class=\"elementor-item\">Sonradan Kontrol Risk Analizi Denetimi<\/a><\/li>\n<li class=\"menu-item menu-item-type-post_type menu-item-object-page menu-item-567\"><a href=\"https:\/\/www.ddp.com.tr\/TR\/uzlasma-temsilciligi\/\" class=\"elementor-item\">Uzla\u015fma Temsilcili\u011fi<\/a><\/li>\n<li class=\"menu-item menu-item-type-post_type menu-item-object-page menu-item-573\"><a href=\"https:\/\/www.ddp.com.tr\/TR\/egitim\/\" class=\"elementor-item\">E\u011fitim<\/a><\/li>\n<li class=\"menu-item menu-item-type-post_type menu-item-object-page menu-item-583\"><a href=\"https:\/\/www.ddp.com.tr\/TR\/dahilde-isleme-izin-belgesi-danismanligi\/\" class=\"elementor-item\">Dahilde \u0130\u015fleme \u0130zin Belgesi Dan\u0131\u015fmanl\u0131\u011f\u0131<\/a><\/li>\n<li class=\"menu-item menu-item-type-post_type menu-item-object-page menu-item-604\"><a href=\"https:\/\/www.ddp.com.tr\/TR\/yetkilendirilmis-yukumlu-statusu-cikarma-danismanligi\/\" class=\"elementor-item\">Yetkilendirilmi\u015f Y\u00fck\u00fcml\u00fc Stat\u00fcs\u00fc \u00c7\u0131karma Dan\u0131\u015fmanl\u0131\u011f\u0131<\/a><\/li>\n<li class=\"menu-item menu-item-type-post_type menu-item-object-page menu-item-625\"><a href=\"https:\/\/www.ddp.com.tr\/TR\/yatirim-tesvik-belgesi\/\" class=\"elementor-item\">Yat\u0131r\u0131m Te\u015fvik Belgesi<\/a><\/li>\n<li class=\"menu-item menu-item-type-post_type menu-item-object-page menu-item-633\"><a href=\"https:\/\/www.ddp.com.tr\/TR\/onaylanmis-kisi-statu-belgesi\/\" class=\"elementor-item\">Onaylanm\u0131\u015f Ki\u015fi Stat\u00fc Belgesi<\/a><\/li>\n<\/ul><\/nav>\n\t\t\t\t\t<div class=\"elementor-menu-toggle\" role=\"button\" tabindex=\"0\" aria-label=\"Menu Toggle\" aria-expanded=\"false\">\n\t\t\t<i class=\"eicon-menu-bar\" aria-hidden=\"true\"><\/i>\n\t\t\t<span class=\"elementor-screen-only\">Menu<\/span>\n\t\t<\/div>\n\t\t\t<nav class=\"elementor-nav-menu--dropdown elementor-nav-menu__container\" role=\"navigation\" aria-hidden=\"true\"><ul id=\"menu-2-4abcb50\" class=\"elementor-nav-menu sm-vertical\"><li class=\"menu-item menu-item-type-post_type menu-item-object-page menu-item-395\"><a href=\"https:\/\/www.ddp.com.tr\/TR\/gumruk-musavirligi-hizmetleri\/\" class=\"elementor-item\">G\u00fcmr\u00fck M\u00fc\u015favirli\u011fi Hizmetleri<\/a><\/li>\n<li class=\"menu-item menu-item-type-post_type menu-item-object-page menu-item-425\"><a href=\"https:\/\/www.ddp.com.tr\/TR\/dis-ticaret-yonetim-danismanligi\/\" class=\"elementor-item\">D\u0131\u015f Ticaret Y\u00f6netim Dan\u0131\u015fmanl\u0131\u011f\u0131<\/a><\/li>\n<li class=\"menu-item menu-item-type-post_type menu-item-object-page menu-item-477\"><a href=\"https:\/\/www.ddp.com.tr\/TR\/transit-gumruk-hizmetleri\/\" class=\"elementor-item\">Transit G\u00fcmr\u00fck Hizmetleri<\/a><\/li>\n<li class=\"menu-item menu-item-type-post_type menu-item-object-page menu-item-535\"><a href=\"https:\/\/www.ddp.com.tr\/TR\/yys-faliyet-raporu-hazirlama\/\" class=\"elementor-item\">YYS Faliyet Raporu Haz\u0131rlama<\/a><\/li>\n<li class=\"menu-item menu-item-type-post_type menu-item-object-page menu-item-546\"><a href=\"https:\/\/www.ddp.com.tr\/TR\/hukuk-danismanligi\/\" class=\"elementor-item\">Hukuk Dan\u0131\u015fmanl\u0131\u011f\u0131<\/a><\/li>\n<li class=\"menu-item menu-item-type-post_type menu-item-object-page menu-item-559\"><a href=\"https:\/\/www.ddp.com.tr\/TR\/sonradan-kontrol-risk-analizi-denetimi\/\" class=\"elementor-item\">Sonradan Kontrol Risk Analizi Denetimi<\/a><\/li>\n<li class=\"menu-item menu-item-type-post_type menu-item-object-page menu-item-567\"><a href=\"https:\/\/www.ddp.com.tr\/TR\/uzlasma-temsilciligi\/\" class=\"elementor-item\">Uzla\u015fma Temsilcili\u011fi<\/a><\/li>\n<li class=\"menu-item menu-item-type-post_type menu-item-object-page menu-item-573\"><a href=\"https:\/\/www.ddp.com.tr\/TR\/egitim\/\" class=\"elementor-item\">E\u011fitim<\/a><\/li>\n<li class=\"menu-item menu-item-type-post_type menu-item-object-page menu-item-583\"><a href=\"https:\/\/www.ddp.com.tr\/TR\/dahilde-isleme-izin-belgesi-danismanligi\/\" class=\"elementor-item\">Dahilde \u0130\u015fleme \u0130zin Belgesi Dan\u0131\u015fmanl\u0131\u011f\u0131<\/a><\/li>\n<li class=\"menu-item menu-item-type-post_type menu-item-object-page menu-item-604\"><a href=\"https:\/\/www.ddp.com.tr\/TR\/yetkilendirilmis-yukumlu-statusu-cikarma-danismanligi\/\" class=\"elementor-item\">Yetkilendirilmi\u015f Y\u00fck\u00fcml\u00fc Stat\u00fcs\u00fc \u00c7\u0131karma Dan\u0131\u015fmanl\u0131\u011f\u0131<\/a><\/li>\n<li class=\"menu-item menu-item-type-post_type menu-item-object-page menu-item-625\"><a href=\"https:\/\/www.ddp.com.tr\/TR\/yatirim-tesvik-belgesi\/\" class=\"elementor-item\">Yat\u0131r\u0131m Te\u015fvik Belgesi<\/a><\/li>\n<li class=\"menu-item menu-item-type-post_type menu-item-object-page menu-item-633\"><a href=\"https:\/\/www.ddp.com.tr\/TR\/onaylanmis-kisi-statu-belgesi\/\" class=\"elementor-item\">Onaylanm\u0131\u015f Ki\u015fi Stat\u00fc Belgesi<\/a><\/li>\n<\/ul><\/nav>\n\t\t\t\t<\/div>\n\t\t\t\t<\/div>\n\t\t\t\t\t\t<\/div>\n\t\t\t<\/div>\n\t\t<\/div>\n\t\t\t\t\t\t<\/div>\n\t\t\t<\/div>\n\t\t<\/section>\n\t\t\t\t\t\t<\/div>\n\t\t\t<\/div>\n\t\t<\/div>\n\t\t\t\t\t\t<\/div>\n\t\t\t<\/div>\n\t\t<\/section>\n\t\t\t\t<section class=\"elementor-element elementor-element-6aa8696a elementor-section-stretched elementor-section-boxed elementor-section-height-default elementor-section-height-default elementor-section elementor-top-section\" data-id=\"6aa8696a\" data-element_type=\"section\" data-settings=\"{&quot;stretch_section&quot;:&quot;section-stretched&quot;,&quot;background_background&quot;:&quot;classic&quot;}\">\n\t\t\t\t\t\t<div class=\"elementor-container elementor-column-gap-default\">\n\t\t\t\t<div class=\"elementor-row\">\n\t\t\t\t<div class=\"elementor-element elementor-element-1a7d2d7e elementor-column elementor-col-100 elementor-top-column\" data-id=\"1a7d2d7e\" data-element_type=\"column\">\n\t\t\t<div class=\"elementor-column-wrap  elementor-element-populated\">\n\t\t\t\t\t<div class=\"elementor-widget-wrap\">\n\t\t\t\t<section class=\"elementor-element elementor-element-7d388d1d elementor-section-boxed elementor-section-height-default elementor-section-height-default elementor-section elementor-inner-section\" data-id=\"7d388d1d\" data-element_type=\"section\">\n\t\t\t\t\t\t<div class=\"elementor-container elementor-column-gap-default\">\n\t\t\t\t<div class=\"elementor-row\">\n\t\t\t\t<div class=\"elementor-element elementor-element-2736b491 elementor-column elementor-col-33 elementor-inner-column\" data-id=\"2736b491\" data-element_type=\"column\">\n\t\t\t<div class=\"elementor-column-wrap  elementor-element-populated\">\n\t\t\t\t\t<div class=\"elementor-widget-wrap\">\n\t\t\t\t<div class=\"elementor-element elementor-element-5e9014af elementor-widget elementor-widget-heading\" data-id=\"5e9014af\" data-element_type=\"widget\" data-widget_type=\"heading.default\">\n\t\t\t\t<div class=\"elementor-widget-container\">\n\t\t\t<h2 class=\"elementor-heading-title elementor-size-default\">Size Nas\u0131l Yard\u0131mc\u0131 Olabiliriz?<\/h2>\t\t<\/div>\n\t\t\t\t<\/div>\n\t\t\t\t\t\t<\/div>\n\t\t\t<\/div>\n\t\t<\/div>\n\t\t\t\t<div class=\"elementor-element elementor-element-77a094e2 elementor-column elementor-col-33 elementor-inner-column\" data-id=\"77a094e2\" data-element_type=\"column\">\n\t\t\t<div class=\"elementor-column-wrap  elementor-element-populated\">\n\t\t\t\t\t<div class=\"elementor-widget-wrap\">\n\t\t\t\t<div class=\"elementor-element elementor-element-3df1ce17 elementor-view-default elementor-widget elementor-widget-icon\" data-id=\"3df1ce17\" data-element_type=\"widget\" data-widget_type=\"icon.default\">\n\t\t\t\t<div class=\"elementor-widget-container\">\n\t\t\t\t\t<div class=\"elementor-icon-wrapper\">\n\t\t\t<div class=\"elementor-icon\">\n\t\t\t<i aria-hidden=\"true\" class=\"fas fa-phone-volume\"><\/i>\t\t\t<\/div>\n\t\t<\/div>\n\t\t\t\t<\/div>\n\t\t\t\t<\/div>\n\t\t\t\t\t\t<\/div>\n\t\t\t<\/div>\n\t\t<\/div>\n\t\t\t\t<div class=\"elementor-element elementor-element-7c0785d elementor-column elementor-col-33 elementor-inner-column\" data-id=\"7c0785d\" data-element_type=\"column\">\n\t\t\t<div class=\"elementor-column-wrap  elementor-element-populated\">\n\t\t\t\t\t<div class=\"elementor-widget-wrap\">\n\t\t\t\t<div class=\"elementor-element elementor-element-7f6a4fe4 elementor-widget elementor-widget-heading\" data-id=\"7f6a4fe4\" data-element_type=\"widget\" data-widget_type=\"heading.default\">\n\t\t\t\t<div class=\"elementor-widget-container\">\n\t\t\t<h2 class=\"elementor-heading-title elementor-size-default\">+90 212 442 4246<\/h2>\t\t<\/div>\n\t\t\t\t<\/div>\n\t\t\t\t\t\t<\/div>\n\t\t\t<\/div>\n\t\t<\/div>\n\t\t\t\t\t\t<\/div>\n\t\t\t<\/div>\n\t\t<\/section>\n\t\t\t\t\t\t<\/div>\n\t\t\t<\/div>\n\t\t<\/div>\n\t\t\t\t\t\t<\/div>\n\t\t\t<\/div>\n\t\t<\/section>\n\t\t\t\t\t\t<\/div>\n\t\t\t<\/div>\n\t\t<\/div>\n\t\t","protected":false},"excerpt":{"rendered":"<p>Hizmetlerimiz Sonradan Kontrol Risk Analizi Denetimi G\u00fcmr\u00fck ve Ticaret Bakanl\u0131\u011f\u0131 denetim birimince her y\u0131l belirli bir takvimle sonradan kontrol denetimi yap\u0131l\u0131r. Bu denetimlerde m\u00fcfetti\u015fler, m\u00fckelleflerin \u015firket adresinde \u015firketin ticari belgeleri ve i\u00e7 kay\u0131tlar\u0131n\u0131 incelemek suretiyle g\u00fcmr\u00fck i\u015flemlerinin g\u00fcmr\u00fck mevzuat\u0131na uyumlu olup olmad\u0131\u011f\u0131; g\u00fcmr\u00fck vergilerinin veya y\u00fck\u00fcml\u00fcl\u00fcklerinin yerine getirilip getirilmedi\u011fini inceler. \u00a0 S\u00f6z konusu denetimlerde, m\u00fcfetti\u015flerin<\/p><\/div>\n<div class=\"blog-btn\"><a href=\"https:\/\/www.ddp.com.tr\/TR\/sonradan-kontrol-risk-analizi-denetimi\/\" class=\"home-blog-btn\">Daha fazlas\u0131n\u0131 oku<\/a><\/p>\n","protected":false},"author":1,"featured_media":0,"parent":0,"menu_order":0,"comment_status":"closed","ping_status":"closed","template":"elementor_header_footer","meta":{"footnotes":""},"class_list":["post-555","page","type-page","status-publish","hentry"],"_links":{"self":[{"href":"https:\/\/www.ddp.com.tr\/TR\/wp-json\/wp\/v2\/pages\/555","targetHints":{"allow":["GET"]}}],"collection":[{"href":"https:\/\/www.ddp.com.tr\/TR\/wp-json\/wp\/v2\/pages"}],"about":[{"href":"https:\/\/www.ddp.com.tr\/TR\/wp-json\/wp\/v2\/types\/page"}],"author":[{"embeddable":true,"href":"https:\/\/www.ddp.com.tr\/TR\/wp-json\/wp\/v2\/users\/1"}],"replies":[{"embeddable":true,"href":"https:\/\/www.ddp.com.tr\/TR\/wp-json\/wp\/v2\/comments?post=555"}],"version-history":[{"count":3,"href":"https:\/\/www.ddp.com.tr\/TR\/wp-json\/wp\/v2\/pages\/555\/revisions"}],"predecessor-version":[{"id":558,"href":"https:\/\/www.ddp.com.tr\/TR\/wp-json\/wp\/v2\/pages\/555\/revisions\/558"}],"wp:attachment":[{"href":"https:\/\/www.ddp.com.tr\/TR\/wp-json\/wp\/v2\/media?parent=555"}],"curies":[{"name":"wp","href":"https:\/\/api.w.org\/{rel}","templated":true}]}}