{"id":563,"date":"2020-07-17T14:05:12","date_gmt":"2020-07-17T14:05:12","guid":{"rendered":"https:\/\/www.ddp.com.tr\/TR\/?page_id=563"},"modified":"2020-07-17T14:08:50","modified_gmt":"2020-07-17T14:08:50","slug":"uzlasma-temsilciligi","status":"publish","type":"page","link":"https:\/\/www.ddp.com.tr\/TR\/uzlasma-temsilciligi\/","title":{"rendered":"Uzla\u015fma Temsilcili\u011fi"},"content":{"rendered":"\t\t<div data-elementor-type=\"wp-page\" data-elementor-id=\"563\" class=\"elementor elementor-563\" data-elementor-settings=\"[]\">\n\t\t\t<div class=\"elementor-inner\">\n\t\t\t\t<div class=\"elementor-section-wrap\">\n\t\t\t\t\t\t\t<section class=\"elementor-element elementor-element-29bd2f46 elementor-section-stretched elementor-section-height-min-height elementor-section-items-top elementor-section-boxed elementor-section-height-default elementor-invisible elementor-section elementor-top-section\" data-id=\"29bd2f46\" data-element_type=\"section\" data-settings=\"{&quot;stretch_section&quot;:&quot;section-stretched&quot;,&quot;background_background&quot;:&quot;classic&quot;,&quot;animation&quot;:&quot;none&quot;}\">\n\t\t\t\t\t\t<div class=\"elementor-container elementor-column-gap-no\">\n\t\t\t\t<div class=\"elementor-row\">\n\t\t\t\t<div class=\"elementor-element elementor-element-1080f5d7 elementor-column elementor-col-100 elementor-top-column\" data-id=\"1080f5d7\" data-element_type=\"column\">\n\t\t\t<div class=\"elementor-column-wrap  elementor-element-populated\">\n\t\t\t\t\t<div class=\"elementor-widget-wrap\">\n\t\t\t\t<section class=\"elementor-element elementor-element-4dbf2a44 elementor-section-boxed elementor-section-height-default elementor-section-height-default elementor-invisible elementor-section elementor-inner-section\" data-id=\"4dbf2a44\" data-element_type=\"section\" data-settings=\"{&quot;background_background&quot;:&quot;classic&quot;,&quot;animation&quot;:&quot;none&quot;}\">\n\t\t\t\t\t\t<div class=\"elementor-container elementor-column-gap-default\">\n\t\t\t\t<div class=\"elementor-row\">\n\t\t\t\t<div class=\"elementor-element elementor-element-32d9f593 elementor-column elementor-col-50 elementor-inner-column\" data-id=\"32d9f593\" data-element_type=\"column\">\n\t\t\t<div class=\"elementor-column-wrap  elementor-element-populated\">\n\t\t\t\t\t<div class=\"elementor-widget-wrap\">\n\t\t\t\t<div class=\"elementor-element elementor-element-2e45fbb8 elementor-widget elementor-widget-heading\" data-id=\"2e45fbb8\" data-element_type=\"widget\" data-widget_type=\"heading.default\">\n\t\t\t\t<div class=\"elementor-widget-container\">\n\t\t\t<h5 class=\"elementor-heading-title elementor-size-default\">Hizmetlerimiz<\/h5>\t\t<\/div>\n\t\t\t\t<\/div>\n\t\t\t\t\t\t<\/div>\n\t\t\t<\/div>\n\t\t<\/div>\n\t\t\t\t<div class=\"elementor-element elementor-element-4a608161 elementor-column elementor-col-50 elementor-inner-column\" data-id=\"4a608161\" data-element_type=\"column\">\n\t\t\t<div class=\"elementor-column-wrap\">\n\t\t\t\t\t<div class=\"elementor-widget-wrap\">\n\t\t\t\t\t\t<\/div>\n\t\t\t<\/div>\n\t\t<\/div>\n\t\t\t\t\t\t<\/div>\n\t\t\t<\/div>\n\t\t<\/section>\n\t\t\t\t\t\t<\/div>\n\t\t\t<\/div>\n\t\t<\/div>\n\t\t\t\t\t\t<\/div>\n\t\t\t<\/div>\n\t\t<\/section>\n\t\t\t\t<section class=\"elementor-element elementor-element-dad91f2 elementor-section-boxed elementor-section-height-default elementor-section-height-default elementor-section elementor-top-section\" data-id=\"dad91f2\" data-element_type=\"section\">\n\t\t\t\t\t\t<div class=\"elementor-container elementor-column-gap-default\">\n\t\t\t\t<div class=\"elementor-row\">\n\t\t\t\t<div class=\"elementor-element elementor-element-cfc6081 elementor-column elementor-col-100 elementor-top-column\" data-id=\"cfc6081\" data-element_type=\"column\">\n\t\t\t<div class=\"elementor-column-wrap  elementor-element-populated\">\n\t\t\t\t\t<div class=\"elementor-widget-wrap\">\n\t\t\t\t<section class=\"elementor-element elementor-element-e27bebe elementor-section-boxed elementor-section-height-default elementor-section-height-default elementor-section elementor-inner-section\" data-id=\"e27bebe\" data-element_type=\"section\">\n\t\t\t\t\t\t<div class=\"elementor-container elementor-column-gap-default\">\n\t\t\t\t<div class=\"elementor-row\">\n\t\t\t\t<div class=\"elementor-element elementor-element-d507d3f elementor-column elementor-col-33 elementor-inner-column\" data-id=\"d507d3f\" data-element_type=\"column\">\n\t\t\t<div class=\"elementor-column-wrap  elementor-element-populated\">\n\t\t\t\t\t<div class=\"elementor-widget-wrap\">\n\t\t\t\t<div class=\"elementor-element elementor-element-8cd29e2 elementor-widget elementor-widget-text-editor\" data-id=\"8cd29e2\" data-element_type=\"widget\" data-widget_type=\"text-editor.default\">\n\t\t\t\t<div class=\"elementor-widget-container\">\n\t\t\t\t\t<div class=\"elementor-text-editor elementor-clearfix\"><h3 class=\"entry-title\">Uzla\u015fma Temsilcili\u011fi<\/h3><\/div>\n\t\t\t\t<\/div>\n\t\t\t\t<\/div>\n\t\t\t\t<div class=\"elementor-element elementor-element-999626a elementor-widget elementor-widget-text-editor\" data-id=\"999626a\" data-element_type=\"widget\" data-widget_type=\"text-editor.default\">\n\t\t\t\t<div class=\"elementor-widget-container\">\n\t\t\t\t\t<div class=\"elementor-text-editor elementor-clearfix\"><h5>Uzla\u015fma g\u00fcmr\u00fck alan\u0131na yeni girmi\u015f bir konu olmas\u0131na kar\u015f\u0131 \u00e7ok b\u00fcy\u00fck bir \u00f6nem te\u015fkil etmektedir. \u00c7\u00fcnk\u00fc g\u00fcmr\u00fck idaresince kesilen para cezalar\u0131 olduk\u00e7a y\u00fcksek rakamlara ula\u015fmaktad\u0131r ve uzla\u015fma m\u00fcessesesi cezalar\u0131n makul oranlara \u00e7ekilmesinin \u00f6nemli bir yoludur. Aksi takdirde verilen cezalara itiraz yoluna gidilecek ve y\u0131llarca s\u00fcrebilecek mahkeme yoluna ba\u015fvurulacakt\u0131r.<\/h5><h5><img loading=\"lazy\" decoding=\"async\" class=\"size-medium wp-image-561 alignleft\" src=\"https:\/\/www.ddp.com.tr\/TR\/wp-content\/uploads\/2020\/07\/uzlasma_temsilciligi-300x169.jpg\" alt=\"\" width=\"300\" height=\"169\" srcset=\"https:\/\/www.ddp.com.tr\/TR\/wp-content\/uploads\/2020\/07\/uzlasma_temsilciligi-300x169.jpg 300w, https:\/\/www.ddp.com.tr\/TR\/wp-content\/uploads\/2020\/07\/uzlasma_temsilciligi-768x433.jpg 768w, https:\/\/www.ddp.com.tr\/TR\/wp-content\/uploads\/2020\/07\/uzlasma_temsilciligi.jpg 852w\" sizes=\"auto, (max-width: 300px) 100vw, 300px\" \/><\/h5><h5>Bu itibarla uzla\u015fma, \u015firketinizin zaman ve para israf\u0131n\u0131 \u00f6nlemek y\u00f6n\u00fcnde iyi bir enstr\u00fcmand\u0131r.<\/h5><h5><span style=\"color: #800000;\">Uzla\u015fma komisyonu ile yap\u0131lacak toplant\u0131larda m\u00fc\u015fterimizi en bilimsel y\u00f6ntemle temsil ediyoruz. <\/span><\/h5><h5>\u00a0<\/h5><h5>Bizim bilimselli\u011fimizin arkas\u0131nda bilgi birikimimiz, tecr\u00fcbemiz ve yetene\u011fimiz yatmaktad\u0131r. Do\u011fru \u015fekilde temsil, donan\u0131ml\u0131 olmay\u0131 gerektirir.\u00a0 Ancak ayn\u0131 zamanda sizi en az sizin kadar d\u00fc\u015f\u00fcnmek i\u00e7tenlikle ilgilidir.<\/h5><h4><span style=\"color: #800000;\">Biz, sizin \u00e7\u0131karlar\u0131n\u0131z\u0131 en az sizin kadar g\u00f6zetmeyi taahh\u00fct ediyoruz.<\/span><\/h4><h5>DDP olarak, uzla\u015fma toplant\u0131lar\u0131nda deneyimli g\u00fcmr\u00fck, hukuk ve uzla\u015fma uzmanlar\u0131m\u0131z\u0131 g\u00f6revlendirmekteyiz. Hem B\u00f6lge M\u00fcd\u00fcrl\u00fckleri nezdinde hem de Bakanl\u0131k d\u00fczeyinde yap\u0131lan uzla\u015fma toplant\u0131lar\u0131nda sizi temsil ediyoruz.<\/h5><h4><span style=\"color: #800000;\">Bizimle uzla\u015fmak size kazand\u0131r\u0131r\u2026<\/span><\/h4><\/div>\n\t\t\t\t<\/div>\n\t\t\t\t<\/div>\n\t\t\t\t\t\t<\/div>\n\t\t\t<\/div>\n\t\t<\/div>\n\t\t\t\t<div class=\"elementor-element elementor-element-18d0ac5 elementor-column elementor-col-33 elementor-inner-column\" data-id=\"18d0ac5\" data-element_type=\"column\">\n\t\t\t<div class=\"elementor-column-wrap\">\n\t\t\t\t\t<div class=\"elementor-widget-wrap\">\n\t\t\t\t\t\t<\/div>\n\t\t\t<\/div>\n\t\t<\/div>\n\t\t\t\t<div class=\"elementor-element elementor-element-103534b elementor-column elementor-col-33 elementor-inner-column\" data-id=\"103534b\" data-element_type=\"column\">\n\t\t\t<div class=\"elementor-column-wrap  elementor-element-populated\">\n\t\t\t\t\t<div class=\"elementor-widget-wrap\">\n\t\t\t\t<div class=\"elementor-element elementor-element-4abcb50 elementor-nav-menu__align-left elementor-nav-menu--indicator-classic elementor-nav-menu--dropdown-tablet elementor-nav-menu__text-align-aside elementor-nav-menu--toggle elementor-nav-menu--burger elementor-widget elementor-widget-nav-menu\" data-id=\"4abcb50\" data-element_type=\"widget\" data-settings=\"{&quot;layout&quot;:&quot;vertical&quot;,&quot;toggle&quot;:&quot;burger&quot;}\" data-widget_type=\"nav-menu.default\">\n\t\t\t\t<div class=\"elementor-widget-container\">\n\t\t\t\t\t\t<nav role=\"navigation\" class=\"elementor-nav-menu--main elementor-nav-menu__container elementor-nav-menu--layout-vertical e--pointer-underline e--animation-fade\"><ul id=\"menu-1-4abcb50\" class=\"elementor-nav-menu sm-vertical\"><li class=\"menu-item menu-item-type-post_type menu-item-object-page menu-item-395\"><a href=\"https:\/\/www.ddp.com.tr\/TR\/gumruk-musavirligi-hizmetleri\/\" class=\"elementor-item\">G\u00fcmr\u00fck M\u00fc\u015favirli\u011fi Hizmetleri<\/a><\/li>\n<li class=\"menu-item menu-item-type-post_type menu-item-object-page menu-item-425\"><a href=\"https:\/\/www.ddp.com.tr\/TR\/dis-ticaret-yonetim-danismanligi\/\" class=\"elementor-item\">D\u0131\u015f Ticaret Y\u00f6netim Dan\u0131\u015fmanl\u0131\u011f\u0131<\/a><\/li>\n<li class=\"menu-item menu-item-type-post_type menu-item-object-page menu-item-477\"><a href=\"https:\/\/www.ddp.com.tr\/TR\/transit-gumruk-hizmetleri\/\" class=\"elementor-item\">Transit G\u00fcmr\u00fck Hizmetleri<\/a><\/li>\n<li class=\"menu-item menu-item-type-post_type menu-item-object-page menu-item-535\"><a href=\"https:\/\/www.ddp.com.tr\/TR\/yys-faliyet-raporu-hazirlama\/\" class=\"elementor-item\">YYS Faliyet Raporu Haz\u0131rlama<\/a><\/li>\n<li class=\"menu-item menu-item-type-post_type menu-item-object-page menu-item-546\"><a href=\"https:\/\/www.ddp.com.tr\/TR\/hukuk-danismanligi\/\" class=\"elementor-item\">Hukuk Dan\u0131\u015fmanl\u0131\u011f\u0131<\/a><\/li>\n<li class=\"menu-item menu-item-type-post_type menu-item-object-page menu-item-559\"><a href=\"https:\/\/www.ddp.com.tr\/TR\/sonradan-kontrol-risk-analizi-denetimi\/\" class=\"elementor-item\">Sonradan Kontrol Risk Analizi Denetimi<\/a><\/li>\n<li class=\"menu-item menu-item-type-post_type menu-item-object-page menu-item-567\"><a href=\"https:\/\/www.ddp.com.tr\/TR\/uzlasma-temsilciligi\/\" class=\"elementor-item\">Uzla\u015fma Temsilcili\u011fi<\/a><\/li>\n<li class=\"menu-item menu-item-type-post_type menu-item-object-page menu-item-573\"><a href=\"https:\/\/www.ddp.com.tr\/TR\/egitim\/\" class=\"elementor-item\">E\u011fitim<\/a><\/li>\n<li class=\"menu-item menu-item-type-post_type menu-item-object-page menu-item-583\"><a href=\"https:\/\/www.ddp.com.tr\/TR\/dahilde-isleme-izin-belgesi-danismanligi\/\" class=\"elementor-item\">Dahilde \u0130\u015fleme \u0130zin Belgesi Dan\u0131\u015fmanl\u0131\u011f\u0131<\/a><\/li>\n<li class=\"menu-item menu-item-type-post_type menu-item-object-page menu-item-604\"><a href=\"https:\/\/www.ddp.com.tr\/TR\/yetkilendirilmis-yukumlu-statusu-cikarma-danismanligi\/\" class=\"elementor-item\">Yetkilendirilmi\u015f Y\u00fck\u00fcml\u00fc Stat\u00fcs\u00fc \u00c7\u0131karma Dan\u0131\u015fmanl\u0131\u011f\u0131<\/a><\/li>\n<li class=\"menu-item menu-item-type-post_type menu-item-object-page menu-item-625\"><a href=\"https:\/\/www.ddp.com.tr\/TR\/yatirim-tesvik-belgesi\/\" class=\"elementor-item\">Yat\u0131r\u0131m Te\u015fvik Belgesi<\/a><\/li>\n<li class=\"menu-item menu-item-type-post_type menu-item-object-page menu-item-633\"><a href=\"https:\/\/www.ddp.com.tr\/TR\/onaylanmis-kisi-statu-belgesi\/\" class=\"elementor-item\">Onaylanm\u0131\u015f Ki\u015fi Stat\u00fc Belgesi<\/a><\/li>\n<\/ul><\/nav>\n\t\t\t\t\t<div class=\"elementor-menu-toggle\" role=\"button\" tabindex=\"0\" aria-label=\"Menu Toggle\" aria-expanded=\"false\">\n\t\t\t<i class=\"eicon-menu-bar\" aria-hidden=\"true\"><\/i>\n\t\t\t<span class=\"elementor-screen-only\">Menu<\/span>\n\t\t<\/div>\n\t\t\t<nav class=\"elementor-nav-menu--dropdown elementor-nav-menu__container\" role=\"navigation\" aria-hidden=\"true\"><ul id=\"menu-2-4abcb50\" class=\"elementor-nav-menu sm-vertical\"><li class=\"menu-item menu-item-type-post_type menu-item-object-page menu-item-395\"><a href=\"https:\/\/www.ddp.com.tr\/TR\/gumruk-musavirligi-hizmetleri\/\" class=\"elementor-item\">G\u00fcmr\u00fck M\u00fc\u015favirli\u011fi Hizmetleri<\/a><\/li>\n<li class=\"menu-item menu-item-type-post_type menu-item-object-page menu-item-425\"><a href=\"https:\/\/www.ddp.com.tr\/TR\/dis-ticaret-yonetim-danismanligi\/\" class=\"elementor-item\">D\u0131\u015f Ticaret Y\u00f6netim Dan\u0131\u015fmanl\u0131\u011f\u0131<\/a><\/li>\n<li class=\"menu-item menu-item-type-post_type menu-item-object-page menu-item-477\"><a href=\"https:\/\/www.ddp.com.tr\/TR\/transit-gumruk-hizmetleri\/\" class=\"elementor-item\">Transit G\u00fcmr\u00fck Hizmetleri<\/a><\/li>\n<li class=\"menu-item menu-item-type-post_type menu-item-object-page menu-item-535\"><a href=\"https:\/\/www.ddp.com.tr\/TR\/yys-faliyet-raporu-hazirlama\/\" class=\"elementor-item\">YYS Faliyet Raporu Haz\u0131rlama<\/a><\/li>\n<li class=\"menu-item menu-item-type-post_type menu-item-object-page menu-item-546\"><a href=\"https:\/\/www.ddp.com.tr\/TR\/hukuk-danismanligi\/\" class=\"elementor-item\">Hukuk Dan\u0131\u015fmanl\u0131\u011f\u0131<\/a><\/li>\n<li class=\"menu-item menu-item-type-post_type menu-item-object-page menu-item-559\"><a href=\"https:\/\/www.ddp.com.tr\/TR\/sonradan-kontrol-risk-analizi-denetimi\/\" class=\"elementor-item\">Sonradan Kontrol Risk Analizi Denetimi<\/a><\/li>\n<li class=\"menu-item menu-item-type-post_type menu-item-object-page menu-item-567\"><a href=\"https:\/\/www.ddp.com.tr\/TR\/uzlasma-temsilciligi\/\" class=\"elementor-item\">Uzla\u015fma Temsilcili\u011fi<\/a><\/li>\n<li class=\"menu-item menu-item-type-post_type menu-item-object-page menu-item-573\"><a href=\"https:\/\/www.ddp.com.tr\/TR\/egitim\/\" class=\"elementor-item\">E\u011fitim<\/a><\/li>\n<li class=\"menu-item menu-item-type-post_type menu-item-object-page menu-item-583\"><a href=\"https:\/\/www.ddp.com.tr\/TR\/dahilde-isleme-izin-belgesi-danismanligi\/\" class=\"elementor-item\">Dahilde \u0130\u015fleme \u0130zin Belgesi Dan\u0131\u015fmanl\u0131\u011f\u0131<\/a><\/li>\n<li class=\"menu-item menu-item-type-post_type menu-item-object-page menu-item-604\"><a href=\"https:\/\/www.ddp.com.tr\/TR\/yetkilendirilmis-yukumlu-statusu-cikarma-danismanligi\/\" class=\"elementor-item\">Yetkilendirilmi\u015f Y\u00fck\u00fcml\u00fc Stat\u00fcs\u00fc \u00c7\u0131karma Dan\u0131\u015fmanl\u0131\u011f\u0131<\/a><\/li>\n<li class=\"menu-item menu-item-type-post_type menu-item-object-page menu-item-625\"><a href=\"https:\/\/www.ddp.com.tr\/TR\/yatirim-tesvik-belgesi\/\" class=\"elementor-item\">Yat\u0131r\u0131m Te\u015fvik Belgesi<\/a><\/li>\n<li class=\"menu-item menu-item-type-post_type menu-item-object-page menu-item-633\"><a href=\"https:\/\/www.ddp.com.tr\/TR\/onaylanmis-kisi-statu-belgesi\/\" class=\"elementor-item\">Onaylanm\u0131\u015f Ki\u015fi Stat\u00fc Belgesi<\/a><\/li>\n<\/ul><\/nav>\n\t\t\t\t<\/div>\n\t\t\t\t<\/div>\n\t\t\t\t\t\t<\/div>\n\t\t\t<\/div>\n\t\t<\/div>\n\t\t\t\t\t\t<\/div>\n\t\t\t<\/div>\n\t\t<\/section>\n\t\t\t\t\t\t<\/div>\n\t\t\t<\/div>\n\t\t<\/div>\n\t\t\t\t\t\t<\/div>\n\t\t\t<\/div>\n\t\t<\/section>\n\t\t\t\t<section class=\"elementor-element elementor-element-6aa8696a elementor-section-stretched elementor-section-boxed elementor-section-height-default elementor-section-height-default elementor-section elementor-top-section\" data-id=\"6aa8696a\" data-element_type=\"section\" data-settings=\"{&quot;stretch_section&quot;:&quot;section-stretched&quot;,&quot;background_background&quot;:&quot;classic&quot;}\">\n\t\t\t\t\t\t<div class=\"elementor-container elementor-column-gap-default\">\n\t\t\t\t<div class=\"elementor-row\">\n\t\t\t\t<div class=\"elementor-element elementor-element-1a7d2d7e elementor-column elementor-col-100 elementor-top-column\" data-id=\"1a7d2d7e\" data-element_type=\"column\">\n\t\t\t<div class=\"elementor-column-wrap  elementor-element-populated\">\n\t\t\t\t\t<div class=\"elementor-widget-wrap\">\n\t\t\t\t<section class=\"elementor-element elementor-element-7d388d1d elementor-section-boxed elementor-section-height-default elementor-section-height-default elementor-section elementor-inner-section\" data-id=\"7d388d1d\" data-element_type=\"section\">\n\t\t\t\t\t\t<div class=\"elementor-container elementor-column-gap-default\">\n\t\t\t\t<div class=\"elementor-row\">\n\t\t\t\t<div class=\"elementor-element elementor-element-2736b491 elementor-column elementor-col-33 elementor-inner-column\" data-id=\"2736b491\" data-element_type=\"column\">\n\t\t\t<div class=\"elementor-column-wrap  elementor-element-populated\">\n\t\t\t\t\t<div class=\"elementor-widget-wrap\">\n\t\t\t\t<div class=\"elementor-element elementor-element-5e9014af elementor-widget elementor-widget-heading\" data-id=\"5e9014af\" data-element_type=\"widget\" data-widget_type=\"heading.default\">\n\t\t\t\t<div class=\"elementor-widget-container\">\n\t\t\t<h2 class=\"elementor-heading-title elementor-size-default\">Size Nas\u0131l Yard\u0131mc\u0131 Olabiliriz?<\/h2>\t\t<\/div>\n\t\t\t\t<\/div>\n\t\t\t\t\t\t<\/div>\n\t\t\t<\/div>\n\t\t<\/div>\n\t\t\t\t<div class=\"elementor-element elementor-element-77a094e2 elementor-column elementor-col-33 elementor-inner-column\" data-id=\"77a094e2\" data-element_type=\"column\">\n\t\t\t<div class=\"elementor-column-wrap  elementor-element-populated\">\n\t\t\t\t\t<div class=\"elementor-widget-wrap\">\n\t\t\t\t<div class=\"elementor-element elementor-element-3df1ce17 elementor-view-default elementor-widget elementor-widget-icon\" data-id=\"3df1ce17\" data-element_type=\"widget\" data-widget_type=\"icon.default\">\n\t\t\t\t<div class=\"elementor-widget-container\">\n\t\t\t\t\t<div class=\"elementor-icon-wrapper\">\n\t\t\t<div class=\"elementor-icon\">\n\t\t\t<i aria-hidden=\"true\" class=\"fas fa-phone-volume\"><\/i>\t\t\t<\/div>\n\t\t<\/div>\n\t\t\t\t<\/div>\n\t\t\t\t<\/div>\n\t\t\t\t\t\t<\/div>\n\t\t\t<\/div>\n\t\t<\/div>\n\t\t\t\t<div class=\"elementor-element elementor-element-7c0785d elementor-column elementor-col-33 elementor-inner-column\" data-id=\"7c0785d\" data-element_type=\"column\">\n\t\t\t<div class=\"elementor-column-wrap  elementor-element-populated\">\n\t\t\t\t\t<div class=\"elementor-widget-wrap\">\n\t\t\t\t<div class=\"elementor-element elementor-element-7f6a4fe4 elementor-widget elementor-widget-heading\" data-id=\"7f6a4fe4\" data-element_type=\"widget\" data-widget_type=\"heading.default\">\n\t\t\t\t<div class=\"elementor-widget-container\">\n\t\t\t<h2 class=\"elementor-heading-title elementor-size-default\">+90 212 442 4246<\/h2>\t\t<\/div>\n\t\t\t\t<\/div>\n\t\t\t\t\t\t<\/div>\n\t\t\t<\/div>\n\t\t<\/div>\n\t\t\t\t\t\t<\/div>\n\t\t\t<\/div>\n\t\t<\/section>\n\t\t\t\t\t\t<\/div>\n\t\t\t<\/div>\n\t\t<\/div>\n\t\t\t\t\t\t<\/div>\n\t\t\t<\/div>\n\t\t<\/section>\n\t\t\t\t\t\t<\/div>\n\t\t\t<\/div>\n\t\t<\/div>\n\t\t","protected":false},"excerpt":{"rendered":"<p>Hizmetlerimiz Uzla\u015fma Temsilcili\u011fi Uzla\u015fma g\u00fcmr\u00fck alan\u0131na yeni girmi\u015f bir konu olmas\u0131na kar\u015f\u0131 \u00e7ok b\u00fcy\u00fck bir \u00f6nem te\u015fkil etmektedir. \u00c7\u00fcnk\u00fc g\u00fcmr\u00fck idaresince kesilen para cezalar\u0131 olduk\u00e7a y\u00fcksek rakamlara ula\u015fmaktad\u0131r ve uzla\u015fma m\u00fcessesesi cezalar\u0131n makul oranlara \u00e7ekilmesinin \u00f6nemli bir yoludur. Aksi takdirde verilen cezalara itiraz yoluna gidilecek ve y\u0131llarca s\u00fcrebilecek mahkeme yoluna ba\u015fvurulacakt\u0131r. Bu itibarla uzla\u015fma, \u015firketinizin<\/p><\/div>\n<div class=\"blog-btn\"><a href=\"https:\/\/www.ddp.com.tr\/TR\/uzlasma-temsilciligi\/\" class=\"home-blog-btn\">Daha fazlas\u0131n\u0131 oku<\/a><\/p>\n","protected":false},"author":1,"featured_media":0,"parent":0,"menu_order":0,"comment_status":"closed","ping_status":"closed","template":"elementor_header_footer","meta":{"footnotes":""},"class_list":["post-563","page","type-page","status-publish","hentry"],"_links":{"self":[{"href":"https:\/\/www.ddp.com.tr\/TR\/wp-json\/wp\/v2\/pages\/563","targetHints":{"allow":["GET"]}}],"collection":[{"href":"https:\/\/www.ddp.com.tr\/TR\/wp-json\/wp\/v2\/pages"}],"about":[{"href":"https:\/\/www.ddp.com.tr\/TR\/wp-json\/wp\/v2\/types\/page"}],"author":[{"embeddable":true,"href":"https:\/\/www.ddp.com.tr\/TR\/wp-json\/wp\/v2\/users\/1"}],"replies":[{"embeddable":true,"href":"https:\/\/www.ddp.com.tr\/TR\/wp-json\/wp\/v2\/comments?post=563"}],"version-history":[{"count":3,"href":"https:\/\/www.ddp.com.tr\/TR\/wp-json\/wp\/v2\/pages\/563\/revisions"}],"predecessor-version":[{"id":566,"href":"https:\/\/www.ddp.com.tr\/TR\/wp-json\/wp\/v2\/pages\/563\/revisions\/566"}],"wp:attachment":[{"href":"https:\/\/www.ddp.com.tr\/TR\/wp-json\/wp\/v2\/media?parent=563"}],"curies":[{"name":"wp","href":"https:\/\/api.w.org\/{rel}","templated":true}]}}