{"id":580,"date":"2020-07-17T14:19:23","date_gmt":"2020-07-17T14:19:23","guid":{"rendered":"https:\/\/www.ddp.com.tr\/TR\/?page_id=580"},"modified":"2020-07-17T14:42:37","modified_gmt":"2020-07-17T14:42:37","slug":"dahilde-isleme-izin-belgesi-danismanligi","status":"publish","type":"page","link":"https:\/\/www.ddp.com.tr\/TR\/dahilde-isleme-izin-belgesi-danismanligi\/","title":{"rendered":"Dahilde \u0130\u015fleme \u0130zin Belgesi Dan\u0131\u015fmanl\u0131\u011f\u0131"},"content":{"rendered":"\t\t<div data-elementor-type=\"wp-page\" data-elementor-id=\"580\" class=\"elementor elementor-580\" data-elementor-settings=\"[]\">\n\t\t\t<div class=\"elementor-inner\">\n\t\t\t\t<div class=\"elementor-section-wrap\">\n\t\t\t\t\t\t\t<section class=\"elementor-element elementor-element-29bd2f46 elementor-section-stretched elementor-section-height-min-height elementor-section-items-top elementor-section-boxed elementor-section-height-default elementor-invisible elementor-section elementor-top-section\" data-id=\"29bd2f46\" data-element_type=\"section\" data-settings=\"{&quot;stretch_section&quot;:&quot;section-stretched&quot;,&quot;background_background&quot;:&quot;classic&quot;,&quot;animation&quot;:&quot;none&quot;}\">\n\t\t\t\t\t\t<div class=\"elementor-container elementor-column-gap-no\">\n\t\t\t\t<div class=\"elementor-row\">\n\t\t\t\t<div class=\"elementor-element elementor-element-1080f5d7 elementor-column elementor-col-100 elementor-top-column\" data-id=\"1080f5d7\" data-element_type=\"column\">\n\t\t\t<div class=\"elementor-column-wrap  elementor-element-populated\">\n\t\t\t\t\t<div class=\"elementor-widget-wrap\">\n\t\t\t\t<section class=\"elementor-element elementor-element-4dbf2a44 elementor-section-boxed elementor-section-height-default elementor-section-height-default elementor-invisible elementor-section elementor-inner-section\" data-id=\"4dbf2a44\" data-element_type=\"section\" data-settings=\"{&quot;background_background&quot;:&quot;classic&quot;,&quot;animation&quot;:&quot;none&quot;}\">\n\t\t\t\t\t\t<div class=\"elementor-container elementor-column-gap-default\">\n\t\t\t\t<div class=\"elementor-row\">\n\t\t\t\t<div class=\"elementor-element elementor-element-32d9f593 elementor-column elementor-col-50 elementor-inner-column\" data-id=\"32d9f593\" data-element_type=\"column\">\n\t\t\t<div class=\"elementor-column-wrap  elementor-element-populated\">\n\t\t\t\t\t<div class=\"elementor-widget-wrap\">\n\t\t\t\t<div class=\"elementor-element elementor-element-2e45fbb8 elementor-widget elementor-widget-heading\" data-id=\"2e45fbb8\" data-element_type=\"widget\" data-widget_type=\"heading.default\">\n\t\t\t\t<div class=\"elementor-widget-container\">\n\t\t\t<h5 class=\"elementor-heading-title elementor-size-default\">Hizmetlerimiz<\/h5>\t\t<\/div>\n\t\t\t\t<\/div>\n\t\t\t\t\t\t<\/div>\n\t\t\t<\/div>\n\t\t<\/div>\n\t\t\t\t<div class=\"elementor-element elementor-element-4a608161 elementor-column elementor-col-50 elementor-inner-column\" data-id=\"4a608161\" data-element_type=\"column\">\n\t\t\t<div class=\"elementor-column-wrap\">\n\t\t\t\t\t<div class=\"elementor-widget-wrap\">\n\t\t\t\t\t\t<\/div>\n\t\t\t<\/div>\n\t\t<\/div>\n\t\t\t\t\t\t<\/div>\n\t\t\t<\/div>\n\t\t<\/section>\n\t\t\t\t\t\t<\/div>\n\t\t\t<\/div>\n\t\t<\/div>\n\t\t\t\t\t\t<\/div>\n\t\t\t<\/div>\n\t\t<\/section>\n\t\t\t\t<section class=\"elementor-element elementor-element-dad91f2 elementor-section-boxed elementor-section-height-default elementor-section-height-default elementor-section elementor-top-section\" data-id=\"dad91f2\" data-element_type=\"section\">\n\t\t\t\t\t\t<div class=\"elementor-container elementor-column-gap-default\">\n\t\t\t\t<div class=\"elementor-row\">\n\t\t\t\t<div class=\"elementor-element elementor-element-cfc6081 elementor-column elementor-col-100 elementor-top-column\" data-id=\"cfc6081\" data-element_type=\"column\">\n\t\t\t<div class=\"elementor-column-wrap  elementor-element-populated\">\n\t\t\t\t\t<div class=\"elementor-widget-wrap\">\n\t\t\t\t<section class=\"elementor-element elementor-element-e27bebe elementor-section-boxed elementor-section-height-default elementor-section-height-default elementor-section elementor-inner-section\" data-id=\"e27bebe\" data-element_type=\"section\">\n\t\t\t\t\t\t<div class=\"elementor-container elementor-column-gap-default\">\n\t\t\t\t<div class=\"elementor-row\">\n\t\t\t\t<div class=\"elementor-element elementor-element-d507d3f elementor-column elementor-col-33 elementor-inner-column\" data-id=\"d507d3f\" data-element_type=\"column\">\n\t\t\t<div class=\"elementor-column-wrap  elementor-element-populated\">\n\t\t\t\t\t<div class=\"elementor-widget-wrap\">\n\t\t\t\t<div class=\"elementor-element elementor-element-8cd29e2 elementor-widget elementor-widget-text-editor\" data-id=\"8cd29e2\" data-element_type=\"widget\" data-widget_type=\"text-editor.default\">\n\t\t\t\t<div class=\"elementor-widget-container\">\n\t\t\t\t\t<div class=\"elementor-text-editor elementor-clearfix\"><h3 class=\"entry-title\">Dahilde \u0130\u015fleme \u0130zin Belgesi Dan\u0131\u015fmanl\u0131\u011f\u0131<\/h3><\/div>\n\t\t\t\t<\/div>\n\t\t\t\t<\/div>\n\t\t\t\t<div class=\"elementor-element elementor-element-999626a elementor-widget elementor-widget-text-editor\" data-id=\"999626a\" data-element_type=\"widget\" data-widget_type=\"text-editor.default\">\n\t\t\t\t<div class=\"elementor-widget-container\">\n\t\t\t\t\t<div class=\"elementor-text-editor elementor-clearfix\"><h5>Dahilde i\u015fleme izin belgesi; ihracat ama\u00e7l\u0131 \u00fcretilecek \u00fcr\u00fcnlerin elde edilmesinde kullan\u0131lan girdilerin ticaret politikas\u0131 \u00f6nlemlerine tabi tutulmaks\u0131z\u0131n g\u00fcmr\u00fck muafiyetli olarak ithal edilmesine imkan sa\u011flamaktad\u0131r<\/h5><h5>(\u00d6rn; kuma\u015f ithal edilerek, i\u015flenip, g\u00f6mlek olarak ihra\u00e7 edilmesi).<\/h5><p><img loading=\"lazy\" decoding=\"async\" class=\"wp-image-588  aligncenter\" src=\"https:\/\/www.ddp.com.tr\/TR\/wp-content\/uploads\/2020\/07\/dahilde-isleme-halk.jpg\" alt=\"\" width=\"541\" height=\"305\" srcset=\"https:\/\/www.ddp.com.tr\/TR\/wp-content\/uploads\/2020\/07\/dahilde-isleme-halk.jpg 637w, https:\/\/www.ddp.com.tr\/TR\/wp-content\/uploads\/2020\/07\/dahilde-isleme-halk-300x169.jpg 300w\" sizes=\"auto, (max-width: 541px) 100vw, 541px\" \/><\/p><p>\u00a0<\/p><h4><span style=\"color: #800000;\"><strong>DDP G\u00fcmr\u00fck M\u00fc\u015favirli\u011fi olarak Dahilde \u0130\u015fleme \u0130zin belgesi kapsam\u0131nda Verdi\u011fimiz Hizmetler;<\/strong><\/span><\/h4><ul><li><h5>Dahilde i\u015fleme izin belgesi Proje haz\u0131rl\u0131\u011f\u0131, otomasyon sistem evraklar\u0131n\u0131n tamamlanmas\u0131<\/h5><\/li><li><h5>Dahilde i\u015fleme izin belgesi Otomasyon sisteminde belge\u00a0al\u0131m\u0131<\/h5><\/li><li><h5>Dahilde i\u015fleme izin belgesi Belge revize i\u015flemleri<\/h5><\/li><li><h5>Dahilde i\u015fleme izin belgesi TEV Hesaplar\u0131<\/h5><\/li><li><h5>Dahilde i\u015fleme izin belgesi Haftal\u0131k rapor haz\u0131rl\u0131\u011f\u0131 ve ilgili firmaya\u00a0sunum<\/h5><\/li><li><h5>Dahilde i\u015fleme izin belgesi Ekspertiz raporlar\u0131n\u0131n\u00a0al\u0131m\u0131<\/h5><\/li><li><h5>Dahilde i\u015fleme izin belgesi Yan sanayici, arac\u0131 ihracat\u00e7\u0131 ve temsilci ithalat\u00e7\u0131lar\u0131n sisteme tan\u0131t\u0131lmas\u0131<\/h5><\/li><li><h5>Dahilde i\u015fleme izin belgesi G\u00fcncel firma evraklar\u0131n\u0131n sisteme tan\u0131t\u0131lmas\u0131<\/h5><\/li><li><h5>Dahilde i\u015fleme izin belgesi Belge kapat\u0131lmas\u0131n\u0131n yap\u0131lmas\u0131<\/h5><\/li><\/ul><h4><span style=\"color: #800000;\"><strong>Dahilde i\u015fleme izin belgesi ile \u0130thalat s\u0131ras\u0131nda;<\/strong><\/span><\/h4><ul><li><h5>G\u00fcmr\u00fck vergisi muafiyeti sa\u011flar.<\/h5><\/li><li><h5>Kaynak kullan\u0131m\u0131 destekleme fonu (KKDF) muafiyeti sa\u011flar.<\/h5><\/li><li><h5>%100 KDV (katma de\u011fer vergisi) muafiyeti<\/h5><\/li><\/ul><h4><span style=\"color: #800000;\"><strong>Dahilde i\u015fleme izin belgesi Yerli hammadde al\u0131m\u0131nda;<\/strong><\/span><\/h4><ul><li><h5>\u0130thalde oldu\u011fu gibi yerli alaca\u011f\u0131n\u0131z hammaddeler i\u00e7in %100 KDV muafiyeti sa\u011flar.<\/h5><\/li><\/ul><h4>\u00a0<\/h4><h4 style=\"text-align: center;\"><span style=\"color: #800000;\"><strong>Bu istisnalardan yararlanarak maliyetinizi \u00f6nemli \u00f6l\u00e7\u00fcde azaltabilirsiniz.<\/strong><\/span><\/h4><h5>E\u015fyan\u0131n tamir, boyama, yenileme, monte edilmesi, birle\u015ftirilmesi ambalajlanmas\u0131, bedelsiz ithalat vb. i\u015flemler i\u00e7in G\u00fcmr\u00fck \u0130darelerince Dahilde \u0130\u015fleme \u0130zni verilebilir.<\/h5><h5>Bu i\u015flemler d\u0131\u015f\u0131nda Ekonomi Bakanl\u0131\u011f\u0131 taraf\u0131ndan Dahilde \u0130\u015fleme \u0130zin Belgesi d\u00fczenlenir.<\/h5><h4><span style=\"color: #800000;\">Bu belge ile ihracat ama\u00e7l\u0131 imalat\u0131n\u0131zda kullanmak \u00fczere ithal etti\u011finiz veya yurt i\u00e7i al\u0131m yapt\u0131\u011f\u0131n\u0131z hammadde ya da yar\u0131 mamullerde %26\u2019ya varan oranlarda vergi muafiyetleri sa\u011flanmaktad\u0131r.<\/span><\/h4><p>\u00a0<\/p><p>\u00a0<\/p><\/div>\n\t\t\t\t<\/div>\n\t\t\t\t<\/div>\n\t\t\t\t\t\t<\/div>\n\t\t\t<\/div>\n\t\t<\/div>\n\t\t\t\t<div class=\"elementor-element elementor-element-18d0ac5 elementor-column elementor-col-33 elementor-inner-column\" data-id=\"18d0ac5\" data-element_type=\"column\">\n\t\t\t<div class=\"elementor-column-wrap\">\n\t\t\t\t\t<div class=\"elementor-widget-wrap\">\n\t\t\t\t\t\t<\/div>\n\t\t\t<\/div>\n\t\t<\/div>\n\t\t\t\t<div class=\"elementor-element elementor-element-103534b elementor-column elementor-col-33 elementor-inner-column\" data-id=\"103534b\" data-element_type=\"column\">\n\t\t\t<div class=\"elementor-column-wrap  elementor-element-populated\">\n\t\t\t\t\t<div class=\"elementor-widget-wrap\">\n\t\t\t\t<div class=\"elementor-element elementor-element-4abcb50 elementor-nav-menu__align-left elementor-nav-menu--indicator-classic elementor-nav-menu--dropdown-tablet elementor-nav-menu__text-align-aside elementor-nav-menu--toggle elementor-nav-menu--burger elementor-widget elementor-widget-nav-menu\" data-id=\"4abcb50\" data-element_type=\"widget\" data-settings=\"{&quot;layout&quot;:&quot;vertical&quot;,&quot;toggle&quot;:&quot;burger&quot;}\" data-widget_type=\"nav-menu.default\">\n\t\t\t\t<div class=\"elementor-widget-container\">\n\t\t\t\t\t\t<nav role=\"navigation\" class=\"elementor-nav-menu--main elementor-nav-menu__container elementor-nav-menu--layout-vertical e--pointer-underline e--animation-fade\"><ul id=\"menu-1-4abcb50\" class=\"elementor-nav-menu sm-vertical\"><li class=\"menu-item menu-item-type-post_type menu-item-object-page menu-item-395\"><a href=\"https:\/\/www.ddp.com.tr\/TR\/gumruk-musavirligi-hizmetleri\/\" class=\"elementor-item\">G\u00fcmr\u00fck M\u00fc\u015favirli\u011fi Hizmetleri<\/a><\/li>\n<li class=\"menu-item menu-item-type-post_type menu-item-object-page menu-item-425\"><a href=\"https:\/\/www.ddp.com.tr\/TR\/dis-ticaret-yonetim-danismanligi\/\" class=\"elementor-item\">D\u0131\u015f Ticaret Y\u00f6netim Dan\u0131\u015fmanl\u0131\u011f\u0131<\/a><\/li>\n<li class=\"menu-item menu-item-type-post_type menu-item-object-page menu-item-477\"><a href=\"https:\/\/www.ddp.com.tr\/TR\/transit-gumruk-hizmetleri\/\" class=\"elementor-item\">Transit G\u00fcmr\u00fck Hizmetleri<\/a><\/li>\n<li class=\"menu-item menu-item-type-post_type menu-item-object-page menu-item-535\"><a href=\"https:\/\/www.ddp.com.tr\/TR\/yys-faliyet-raporu-hazirlama\/\" class=\"elementor-item\">YYS Faliyet Raporu Haz\u0131rlama<\/a><\/li>\n<li class=\"menu-item menu-item-type-post_type menu-item-object-page menu-item-546\"><a href=\"https:\/\/www.ddp.com.tr\/TR\/hukuk-danismanligi\/\" class=\"elementor-item\">Hukuk Dan\u0131\u015fmanl\u0131\u011f\u0131<\/a><\/li>\n<li class=\"menu-item menu-item-type-post_type menu-item-object-page menu-item-559\"><a href=\"https:\/\/www.ddp.com.tr\/TR\/sonradan-kontrol-risk-analizi-denetimi\/\" class=\"elementor-item\">Sonradan Kontrol Risk Analizi Denetimi<\/a><\/li>\n<li class=\"menu-item menu-item-type-post_type menu-item-object-page menu-item-567\"><a href=\"https:\/\/www.ddp.com.tr\/TR\/uzlasma-temsilciligi\/\" class=\"elementor-item\">Uzla\u015fma Temsilcili\u011fi<\/a><\/li>\n<li class=\"menu-item menu-item-type-post_type menu-item-object-page menu-item-573\"><a href=\"https:\/\/www.ddp.com.tr\/TR\/egitim\/\" class=\"elementor-item\">E\u011fitim<\/a><\/li>\n<li class=\"menu-item menu-item-type-post_type menu-item-object-page menu-item-583\"><a href=\"https:\/\/www.ddp.com.tr\/TR\/dahilde-isleme-izin-belgesi-danismanligi\/\" class=\"elementor-item\">Dahilde \u0130\u015fleme \u0130zin Belgesi Dan\u0131\u015fmanl\u0131\u011f\u0131<\/a><\/li>\n<li class=\"menu-item menu-item-type-post_type menu-item-object-page menu-item-604\"><a href=\"https:\/\/www.ddp.com.tr\/TR\/yetkilendirilmis-yukumlu-statusu-cikarma-danismanligi\/\" class=\"elementor-item\">Yetkilendirilmi\u015f Y\u00fck\u00fcml\u00fc Stat\u00fcs\u00fc \u00c7\u0131karma Dan\u0131\u015fmanl\u0131\u011f\u0131<\/a><\/li>\n<li class=\"menu-item menu-item-type-post_type menu-item-object-page menu-item-625\"><a href=\"https:\/\/www.ddp.com.tr\/TR\/yatirim-tesvik-belgesi\/\" class=\"elementor-item\">Yat\u0131r\u0131m Te\u015fvik Belgesi<\/a><\/li>\n<li class=\"menu-item menu-item-type-post_type menu-item-object-page menu-item-633\"><a href=\"https:\/\/www.ddp.com.tr\/TR\/onaylanmis-kisi-statu-belgesi\/\" class=\"elementor-item\">Onaylanm\u0131\u015f Ki\u015fi Stat\u00fc Belgesi<\/a><\/li>\n<\/ul><\/nav>\n\t\t\t\t\t<div class=\"elementor-menu-toggle\" role=\"button\" tabindex=\"0\" aria-label=\"Menu Toggle\" aria-expanded=\"false\">\n\t\t\t<i class=\"eicon-menu-bar\" aria-hidden=\"true\"><\/i>\n\t\t\t<span class=\"elementor-screen-only\">Menu<\/span>\n\t\t<\/div>\n\t\t\t<nav class=\"elementor-nav-menu--dropdown elementor-nav-menu__container\" role=\"navigation\" aria-hidden=\"true\"><ul id=\"menu-2-4abcb50\" class=\"elementor-nav-menu sm-vertical\"><li class=\"menu-item menu-item-type-post_type menu-item-object-page menu-item-395\"><a href=\"https:\/\/www.ddp.com.tr\/TR\/gumruk-musavirligi-hizmetleri\/\" class=\"elementor-item\">G\u00fcmr\u00fck M\u00fc\u015favirli\u011fi Hizmetleri<\/a><\/li>\n<li class=\"menu-item menu-item-type-post_type menu-item-object-page menu-item-425\"><a href=\"https:\/\/www.ddp.com.tr\/TR\/dis-ticaret-yonetim-danismanligi\/\" class=\"elementor-item\">D\u0131\u015f Ticaret Y\u00f6netim Dan\u0131\u015fmanl\u0131\u011f\u0131<\/a><\/li>\n<li class=\"menu-item menu-item-type-post_type menu-item-object-page menu-item-477\"><a href=\"https:\/\/www.ddp.com.tr\/TR\/transit-gumruk-hizmetleri\/\" class=\"elementor-item\">Transit G\u00fcmr\u00fck Hizmetleri<\/a><\/li>\n<li class=\"menu-item menu-item-type-post_type menu-item-object-page menu-item-535\"><a href=\"https:\/\/www.ddp.com.tr\/TR\/yys-faliyet-raporu-hazirlama\/\" class=\"elementor-item\">YYS Faliyet Raporu Haz\u0131rlama<\/a><\/li>\n<li class=\"menu-item menu-item-type-post_type menu-item-object-page menu-item-546\"><a href=\"https:\/\/www.ddp.com.tr\/TR\/hukuk-danismanligi\/\" class=\"elementor-item\">Hukuk Dan\u0131\u015fmanl\u0131\u011f\u0131<\/a><\/li>\n<li class=\"menu-item menu-item-type-post_type menu-item-object-page menu-item-559\"><a href=\"https:\/\/www.ddp.com.tr\/TR\/sonradan-kontrol-risk-analizi-denetimi\/\" class=\"elementor-item\">Sonradan Kontrol Risk Analizi Denetimi<\/a><\/li>\n<li class=\"menu-item menu-item-type-post_type menu-item-object-page menu-item-567\"><a href=\"https:\/\/www.ddp.com.tr\/TR\/uzlasma-temsilciligi\/\" class=\"elementor-item\">Uzla\u015fma Temsilcili\u011fi<\/a><\/li>\n<li class=\"menu-item menu-item-type-post_type menu-item-object-page menu-item-573\"><a href=\"https:\/\/www.ddp.com.tr\/TR\/egitim\/\" class=\"elementor-item\">E\u011fitim<\/a><\/li>\n<li class=\"menu-item menu-item-type-post_type menu-item-object-page menu-item-583\"><a href=\"https:\/\/www.ddp.com.tr\/TR\/dahilde-isleme-izin-belgesi-danismanligi\/\" class=\"elementor-item\">Dahilde \u0130\u015fleme \u0130zin Belgesi Dan\u0131\u015fmanl\u0131\u011f\u0131<\/a><\/li>\n<li class=\"menu-item menu-item-type-post_type menu-item-object-page menu-item-604\"><a href=\"https:\/\/www.ddp.com.tr\/TR\/yetkilendirilmis-yukumlu-statusu-cikarma-danismanligi\/\" class=\"elementor-item\">Yetkilendirilmi\u015f Y\u00fck\u00fcml\u00fc Stat\u00fcs\u00fc \u00c7\u0131karma Dan\u0131\u015fmanl\u0131\u011f\u0131<\/a><\/li>\n<li class=\"menu-item menu-item-type-post_type menu-item-object-page menu-item-625\"><a href=\"https:\/\/www.ddp.com.tr\/TR\/yatirim-tesvik-belgesi\/\" class=\"elementor-item\">Yat\u0131r\u0131m Te\u015fvik Belgesi<\/a><\/li>\n<li class=\"menu-item menu-item-type-post_type menu-item-object-page menu-item-633\"><a href=\"https:\/\/www.ddp.com.tr\/TR\/onaylanmis-kisi-statu-belgesi\/\" class=\"elementor-item\">Onaylanm\u0131\u015f Ki\u015fi Stat\u00fc Belgesi<\/a><\/li>\n<\/ul><\/nav>\n\t\t\t\t<\/div>\n\t\t\t\t<\/div>\n\t\t\t\t\t\t<\/div>\n\t\t\t<\/div>\n\t\t<\/div>\n\t\t\t\t\t\t<\/div>\n\t\t\t<\/div>\n\t\t<\/section>\n\t\t\t\t\t\t<\/div>\n\t\t\t<\/div>\n\t\t<\/div>\n\t\t\t\t\t\t<\/div>\n\t\t\t<\/div>\n\t\t<\/section>\n\t\t\t\t<section class=\"elementor-element elementor-element-6aa8696a elementor-section-stretched elementor-section-boxed elementor-section-height-default elementor-section-height-default elementor-section elementor-top-section\" data-id=\"6aa8696a\" data-element_type=\"section\" data-settings=\"{&quot;stretch_section&quot;:&quot;section-stretched&quot;,&quot;background_background&quot;:&quot;classic&quot;}\">\n\t\t\t\t\t\t<div class=\"elementor-container elementor-column-gap-default\">\n\t\t\t\t<div class=\"elementor-row\">\n\t\t\t\t<div class=\"elementor-element elementor-element-1a7d2d7e elementor-column elementor-col-100 elementor-top-column\" data-id=\"1a7d2d7e\" data-element_type=\"column\">\n\t\t\t<div class=\"elementor-column-wrap  elementor-element-populated\">\n\t\t\t\t\t<div class=\"elementor-widget-wrap\">\n\t\t\t\t<section class=\"elementor-element elementor-element-7d388d1d elementor-section-boxed elementor-section-height-default elementor-section-height-default elementor-section elementor-inner-section\" data-id=\"7d388d1d\" data-element_type=\"section\">\n\t\t\t\t\t\t<div class=\"elementor-container elementor-column-gap-default\">\n\t\t\t\t<div class=\"elementor-row\">\n\t\t\t\t<div class=\"elementor-element elementor-element-2736b491 elementor-column elementor-col-33 elementor-inner-column\" data-id=\"2736b491\" data-element_type=\"column\">\n\t\t\t<div class=\"elementor-column-wrap  elementor-element-populated\">\n\t\t\t\t\t<div class=\"elementor-widget-wrap\">\n\t\t\t\t<div class=\"elementor-element elementor-element-5e9014af elementor-widget elementor-widget-heading\" data-id=\"5e9014af\" data-element_type=\"widget\" data-widget_type=\"heading.default\">\n\t\t\t\t<div class=\"elementor-widget-container\">\n\t\t\t<h2 class=\"elementor-heading-title elementor-size-default\">Size Nas\u0131l Yard\u0131mc\u0131 Olabiliriz?<\/h2>\t\t<\/div>\n\t\t\t\t<\/div>\n\t\t\t\t\t\t<\/div>\n\t\t\t<\/div>\n\t\t<\/div>\n\t\t\t\t<div class=\"elementor-element elementor-element-77a094e2 elementor-column elementor-col-33 elementor-inner-column\" data-id=\"77a094e2\" data-element_type=\"column\">\n\t\t\t<div class=\"elementor-column-wrap  elementor-element-populated\">\n\t\t\t\t\t<div class=\"elementor-widget-wrap\">\n\t\t\t\t<div class=\"elementor-element elementor-element-3df1ce17 elementor-view-default elementor-widget elementor-widget-icon\" data-id=\"3df1ce17\" data-element_type=\"widget\" data-widget_type=\"icon.default\">\n\t\t\t\t<div class=\"elementor-widget-container\">\n\t\t\t\t\t<div class=\"elementor-icon-wrapper\">\n\t\t\t<div class=\"elementor-icon\">\n\t\t\t<i aria-hidden=\"true\" class=\"fas fa-phone-volume\"><\/i>\t\t\t<\/div>\n\t\t<\/div>\n\t\t\t\t<\/div>\n\t\t\t\t<\/div>\n\t\t\t\t\t\t<\/div>\n\t\t\t<\/div>\n\t\t<\/div>\n\t\t\t\t<div class=\"elementor-element elementor-element-7c0785d elementor-column elementor-col-33 elementor-inner-column\" data-id=\"7c0785d\" data-element_type=\"column\">\n\t\t\t<div class=\"elementor-column-wrap  elementor-element-populated\">\n\t\t\t\t\t<div class=\"elementor-widget-wrap\">\n\t\t\t\t<div class=\"elementor-element elementor-element-7f6a4fe4 elementor-widget elementor-widget-heading\" data-id=\"7f6a4fe4\" data-element_type=\"widget\" data-widget_type=\"heading.default\">\n\t\t\t\t<div class=\"elementor-widget-container\">\n\t\t\t<h2 class=\"elementor-heading-title elementor-size-default\">+90 212 442 4246<\/h2>\t\t<\/div>\n\t\t\t\t<\/div>\n\t\t\t\t\t\t<\/div>\n\t\t\t<\/div>\n\t\t<\/div>\n\t\t\t\t\t\t<\/div>\n\t\t\t<\/div>\n\t\t<\/section>\n\t\t\t\t\t\t<\/div>\n\t\t\t<\/div>\n\t\t<\/div>\n\t\t\t\t\t\t<\/div>\n\t\t\t<\/div>\n\t\t<\/section>\n\t\t\t\t\t\t<\/div>\n\t\t\t<\/div>\n\t\t<\/div>\n\t\t","protected":false},"excerpt":{"rendered":"<p>Hizmetlerimiz Dahilde \u0130\u015fleme \u0130zin Belgesi Dan\u0131\u015fmanl\u0131\u011f\u0131 Dahilde i\u015fleme izin belgesi; ihracat ama\u00e7l\u0131 \u00fcretilecek \u00fcr\u00fcnlerin elde edilmesinde kullan\u0131lan girdilerin ticaret politikas\u0131 \u00f6nlemlerine tabi tutulmaks\u0131z\u0131n g\u00fcmr\u00fck muafiyetli olarak ithal edilmesine imkan sa\u011flamaktad\u0131r (\u00d6rn; kuma\u015f ithal edilerek, i\u015flenip, g\u00f6mlek olarak ihra\u00e7 edilmesi). \u00a0 DDP G\u00fcmr\u00fck M\u00fc\u015favirli\u011fi olarak Dahilde \u0130\u015fleme \u0130zin belgesi kapsam\u0131nda Verdi\u011fimiz Hizmetler; Dahilde i\u015fleme izin belgesi<\/p><\/div>\n<div class=\"blog-btn\"><a href=\"https:\/\/www.ddp.com.tr\/TR\/dahilde-isleme-izin-belgesi-danismanligi\/\" class=\"home-blog-btn\">Daha fazlas\u0131n\u0131 oku<\/a><\/p>\n","protected":false},"author":1,"featured_media":0,"parent":0,"menu_order":0,"comment_status":"closed","ping_status":"closed","template":"elementor_header_footer","meta":{"footnotes":""},"class_list":["post-580","page","type-page","status-publish","hentry"],"_links":{"self":[{"href":"https:\/\/www.ddp.com.tr\/TR\/wp-json\/wp\/v2\/pages\/580","targetHints":{"allow":["GET"]}}],"collection":[{"href":"https:\/\/www.ddp.com.tr\/TR\/wp-json\/wp\/v2\/pages"}],"about":[{"href":"https:\/\/www.ddp.com.tr\/TR\/wp-json\/wp\/v2\/types\/page"}],"author":[{"embeddable":true,"href":"https:\/\/www.ddp.com.tr\/TR\/wp-json\/wp\/v2\/users\/1"}],"replies":[{"embeddable":true,"href":"https:\/\/www.ddp.com.tr\/TR\/wp-json\/wp\/v2\/comments?post=580"}],"version-history":[{"count":4,"href":"https:\/\/www.ddp.com.tr\/TR\/wp-json\/wp\/v2\/pages\/580\/revisions"}],"predecessor-version":[{"id":589,"href":"https:\/\/www.ddp.com.tr\/TR\/wp-json\/wp\/v2\/pages\/580\/revisions\/589"}],"wp:attachment":[{"href":"https:\/\/www.ddp.com.tr\/TR\/wp-json\/wp\/v2\/media?parent=580"}],"curies":[{"name":"wp","href":"https:\/\/api.w.org\/{rel}","templated":true}]}}