{"id":601,"date":"2020-07-17T15:21:25","date_gmt":"2020-07-17T15:21:25","guid":{"rendered":"https:\/\/www.ddp.com.tr\/TR\/?page_id=601"},"modified":"2020-07-17T20:26:13","modified_gmt":"2020-07-17T20:26:13","slug":"yetkilendirilmis-yukumlu-statusu-cikarma-danismanligi","status":"publish","type":"page","link":"https:\/\/www.ddp.com.tr\/TR\/yetkilendirilmis-yukumlu-statusu-cikarma-danismanligi\/","title":{"rendered":"Yetkilendirilmi\u015f Y\u00fck\u00fcml\u00fc Stat\u00fcs\u00fc \u00c7\u0131karma Dan\u0131\u015fmanl\u0131\u011f\u0131"},"content":{"rendered":"\t\t<div data-elementor-type=\"wp-page\" data-elementor-id=\"601\" class=\"elementor elementor-601\" data-elementor-settings=\"[]\">\n\t\t\t<div class=\"elementor-inner\">\n\t\t\t\t<div class=\"elementor-section-wrap\">\n\t\t\t\t\t\t\t<section class=\"elementor-element elementor-element-29bd2f46 elementor-section-stretched elementor-section-height-min-height elementor-section-items-top elementor-section-boxed elementor-section-height-default elementor-invisible elementor-section elementor-top-section\" data-id=\"29bd2f46\" data-element_type=\"section\" data-settings=\"{&quot;stretch_section&quot;:&quot;section-stretched&quot;,&quot;background_background&quot;:&quot;classic&quot;,&quot;animation&quot;:&quot;none&quot;}\">\n\t\t\t\t\t\t<div class=\"elementor-container elementor-column-gap-no\">\n\t\t\t\t<div class=\"elementor-row\">\n\t\t\t\t<div class=\"elementor-element elementor-element-1080f5d7 elementor-column elementor-col-100 elementor-top-column\" data-id=\"1080f5d7\" data-element_type=\"column\">\n\t\t\t<div class=\"elementor-column-wrap  elementor-element-populated\">\n\t\t\t\t\t<div class=\"elementor-widget-wrap\">\n\t\t\t\t<section class=\"elementor-element elementor-element-4dbf2a44 elementor-section-boxed elementor-section-height-default elementor-section-height-default elementor-invisible elementor-section elementor-inner-section\" data-id=\"4dbf2a44\" data-element_type=\"section\" data-settings=\"{&quot;background_background&quot;:&quot;classic&quot;,&quot;animation&quot;:&quot;none&quot;}\">\n\t\t\t\t\t\t<div class=\"elementor-container elementor-column-gap-default\">\n\t\t\t\t<div class=\"elementor-row\">\n\t\t\t\t<div class=\"elementor-element elementor-element-32d9f593 elementor-column elementor-col-50 elementor-inner-column\" data-id=\"32d9f593\" data-element_type=\"column\">\n\t\t\t<div class=\"elementor-column-wrap  elementor-element-populated\">\n\t\t\t\t\t<div class=\"elementor-widget-wrap\">\n\t\t\t\t<div class=\"elementor-element elementor-element-2e45fbb8 elementor-widget elementor-widget-heading\" data-id=\"2e45fbb8\" data-element_type=\"widget\" data-widget_type=\"heading.default\">\n\t\t\t\t<div class=\"elementor-widget-container\">\n\t\t\t<h5 class=\"elementor-heading-title elementor-size-default\">Hizmetlerimiz<\/h5>\t\t<\/div>\n\t\t\t\t<\/div>\n\t\t\t\t\t\t<\/div>\n\t\t\t<\/div>\n\t\t<\/div>\n\t\t\t\t<div class=\"elementor-element elementor-element-4a608161 elementor-column elementor-col-50 elementor-inner-column\" data-id=\"4a608161\" data-element_type=\"column\">\n\t\t\t<div class=\"elementor-column-wrap\">\n\t\t\t\t\t<div class=\"elementor-widget-wrap\">\n\t\t\t\t\t\t<\/div>\n\t\t\t<\/div>\n\t\t<\/div>\n\t\t\t\t\t\t<\/div>\n\t\t\t<\/div>\n\t\t<\/section>\n\t\t\t\t\t\t<\/div>\n\t\t\t<\/div>\n\t\t<\/div>\n\t\t\t\t\t\t<\/div>\n\t\t\t<\/div>\n\t\t<\/section>\n\t\t\t\t<section class=\"elementor-element elementor-element-dad91f2 elementor-section-boxed elementor-section-height-default elementor-section-height-default elementor-section elementor-top-section\" data-id=\"dad91f2\" data-element_type=\"section\">\n\t\t\t\t\t\t<div class=\"elementor-container elementor-column-gap-default\">\n\t\t\t\t<div class=\"elementor-row\">\n\t\t\t\t<div class=\"elementor-element elementor-element-cfc6081 elementor-column elementor-col-100 elementor-top-column\" data-id=\"cfc6081\" data-element_type=\"column\">\n\t\t\t<div class=\"elementor-column-wrap  elementor-element-populated\">\n\t\t\t\t\t<div class=\"elementor-widget-wrap\">\n\t\t\t\t<section class=\"elementor-element elementor-element-e27bebe elementor-section-boxed elementor-section-height-default elementor-section-height-default elementor-section elementor-inner-section\" data-id=\"e27bebe\" data-element_type=\"section\">\n\t\t\t\t\t\t<div class=\"elementor-container elementor-column-gap-default\">\n\t\t\t\t<div class=\"elementor-row\">\n\t\t\t\t<div class=\"elementor-element elementor-element-d507d3f elementor-column elementor-col-33 elementor-inner-column\" data-id=\"d507d3f\" data-element_type=\"column\">\n\t\t\t<div class=\"elementor-column-wrap  elementor-element-populated\">\n\t\t\t\t\t<div class=\"elementor-widget-wrap\">\n\t\t\t\t<div class=\"elementor-element elementor-element-8cd29e2 elementor-widget elementor-widget-text-editor\" data-id=\"8cd29e2\" data-element_type=\"widget\" data-widget_type=\"text-editor.default\">\n\t\t\t\t<div class=\"elementor-widget-container\">\n\t\t\t\t\t<div class=\"elementor-text-editor elementor-clearfix\"><h3 class=\"entry-title\">Yetkilendirilmi\u015f Y\u00fck\u00fcml\u00fc Stat\u00fcs\u00fc \u00c7\u0131karma Dan\u0131\u015fmanl\u0131\u011f\u0131<\/h3><\/div>\n\t\t\t\t<\/div>\n\t\t\t\t<\/div>\n\t\t\t\t<div class=\"elementor-element elementor-element-999626a elementor-widget elementor-widget-text-editor\" data-id=\"999626a\" data-element_type=\"widget\" data-widget_type=\"text-editor.default\">\n\t\t\t\t<div class=\"elementor-widget-container\">\n\t\t\t\t\t<div class=\"elementor-text-editor elementor-clearfix\"><h4><span style=\"color: #800000;\">Yetkilendirilmi\u015f Y\u00fck\u00fcml\u00fc Stat\u00fcs\u00fc Nedir? <\/span><\/h4><h5><img loading=\"lazy\" decoding=\"async\" class=\"size-medium wp-image-615 alignleft\" src=\"https:\/\/www.ddp.com.tr\/TR\/wp-content\/uploads\/2020\/07\/yetkilendirilmis-yukumlu-sertifikasi-300x214.jpg\" alt=\"\" width=\"300\" height=\"214\" srcset=\"https:\/\/www.ddp.com.tr\/TR\/wp-content\/uploads\/2020\/07\/yetkilendirilmis-yukumlu-sertifikasi-300x214.jpg 300w, https:\/\/www.ddp.com.tr\/TR\/wp-content\/uploads\/2020\/07\/yetkilendirilmis-yukumlu-sertifikasi-768x548.jpg 768w, https:\/\/www.ddp.com.tr\/TR\/wp-content\/uploads\/2020\/07\/yetkilendirilmis-yukumlu-sertifikasi.jpg 906w\" sizes=\"auto, (max-width: 300px) 100vw, 300px\" \/>Yetkilendirilmi\u015f Y\u00fck\u00fcml\u00fc, g\u00fcmr\u00fck y\u00fck\u00fcml\u00fcl\u00fcklerini yerine getiren, kay\u0131t sistemi d\u00fczenli ve izlenebilir olan, mali yeterlilik, emniyet ve g\u00fcvenlik standartlar\u0131na sahip bulunan, kendi oto kontrol\u00fcn\u00fc yapabilen g\u00fcvenilir firmalara g\u00fcmr\u00fck i\u015flemlerinde birtak\u0131m kolayl\u0131k ve imtiyazlar tan\u0131yan uluslararas\u0131 bir stat\u00fcd\u00fcr.<\/h5><h5>\u00a0<\/h5><h5>\u00d6zetle; Yetkilendirilmi\u015f y\u00fck\u00fcml\u00fc sistemi g\u00fcvenilir ve kolay ticaretin yeni ad\u0131d\u0131r. YYS belgesi sayesinde g\u00fcmr\u00fck i\u015flemleri, daha kolay ve h\u0131zl\u0131 yap\u0131labilir. \u0130thalatta mavi hat uygulamas\u0131ndan, s\u0131n\u0131rlardan VIP ge\u00e7i\u015fe kadar pek \u00e7ok kolayla\u015ft\u0131rma ve denetim azl\u0131\u011f\u0131 bundan b\u00f6yle yetkilendirilmi\u015f y\u00fck\u00fcml\u00fc stat\u00fcs\u00fc sahiplerine ait olacakt\u0131r.<\/h5><h5>YYS, sadece ulusal bir belge olmay\u0131p, ayn\u0131 zamanda uluslararas\u0131 ge\u00e7erlili\u011fi olan bir stat\u00fcd\u00fcr. \u00dclkemizde YYS (AEO) alan firmalar\u0131m\u0131z, kar\u015f\u0131l\u0131kl\u0131 tan\u0131ma anla\u015fmalar\u0131 sayesinde ba\u015fka \u00fclkelerde de \u00e7e\u015fitli ayr\u0131cal\u0131klardan yararlanacak ve daha \u00e7ok tercih edilir olacaklard\u0131r. Dolay\u0131s\u0131yla bu belgenin,\u015firketlerimizin ekonomik hayatta ve global \u00f6l\u00e7ekte rekabet\u00e7ili\u011fine de b\u00fcy\u00fck katk\u0131s\u0131 vard\u0131r.<\/h5><h5>Yetkilendirilmi\u015f y\u00fck\u00fcml\u00fc sisteminin \u00fclkemize geli\u015finde eme\u011fi bulunan kamu alan\u0131nda \u00e7al\u0131\u015fm\u0131\u015f deneyimli ve bilgili uzmanlar\u0131m\u0131zla, biz DDP G\u00fcmr\u00fck M\u00fc\u015favirli\u011fi olarak, g\u00fcmr\u00fck konular\u0131 ve buna ili\u015fkin i\u00e7 kontrol s\u00fcre\u00e7lerinizi YYS\u2019ye uygun hale getirerek, YYS belgesinin al\u0131nmas\u0131nda ve bu stat\u00fcn\u00fcn korunmas\u0131nda size en iyi hizmeti,en uygun ko\u015fullarda verece\u011fiz.<\/h5><h4><span style=\"color: #800000;\">Kimler Yetkilendirilmi\u015f Y\u00fck\u00fcml\u00fc Olabilir?<\/span><\/h4><h5>Serbest B\u00f6lgeler dahil T\u00fcrkiye G\u00fcmr\u00fck B\u00f6lgesinde yerle\u015fik, en az \u00fc\u00e7 y\u0131ld\u0131r faaliyette bulunan ger\u00e7ek ve t\u00fczel ki\u015filer ile kamu kurum ve kurulu\u015flar\u0131 yetkilendirilmi\u015f y\u00fck\u00fcml\u00fc olabilir.<\/h5><p>\u00a0<\/p><h4><span style=\"color: #800000;\">Yetkilendirilmi\u015f Y\u00fck\u00fcml\u00fcn\u00fcn Sa\u011flad\u0131\u011f\u0131 Kolayl\u0131klar Nelerdir?<\/span><\/h4><h5><span style=\"color: #800000;\">a) Basitle\u015ftirilmi\u015f Usullere \u0130li\u015fkin Kolayl\u0131klar:<\/span><\/h5><h5>\u2022 \u0130hracatta yerinde g\u00fcmr\u00fckleme (ihracat e\u015fyas\u0131n\u0131 ihracat g\u00fcmr\u00fck idaresine sunmadan i\u015flemlerini kendi tesislerinden yapabilme),<\/h5><h5>\u2022 \u0130zinli g\u00f6nderici (transit e\u015fyas\u0131n\u0131 hareket g\u00fcmr\u00fck idaresine sunmadan kendi tesislerinden sevk edebilme), \u0130thalatta yerinde g\u00fcmr\u00fckleme (ithalat e\u015fyas\u0131n\u0131 ithalat g\u00fcmr\u00fck idaresine sunmadan i\u015flemlerini kendi tesislerinden yapabilme),<\/h5><h5>\u2022 \u0130zinli al\u0131c\u0131 (transit e\u015fyas\u0131n\u0131 var\u0131\u015f g\u00fcmr\u00fck idaresine sunmadan kendi tesislerine sevk edebilme),<\/h5><h5>\u2022 Teminatl\u0131 i\u015flemlerinde her bir i\u015flem i\u00e7in ayr\u0131 teminat yerine g\u00f6t\u00fcr\u00fc teminat uygulamas\u0131 kapsam\u0131nda tutar\u0131 \u00f6nceden belirlenmi\u015f s\u00fcresiz ve d\u00fc\u015f\u00fcms\u00fcz teminat verebilme,<\/h5><h5>\u2022 Teminatl\u0131 i\u015flemlerinde k\u0131smi oranda teminat verebilme,<\/h5><h5>\u2022 Odalarca onay ve g\u00fcmr\u00fck m\u00fcd\u00fcrl\u00fcklerince vize i\u015flemlerine gerek kalmaks\u0131z\u0131n A.TR dola\u015f\u0131m belgesi d\u00fczenleyebilme,<\/h5><h5>\u2022 E\u015fyan\u0131n k\u0131ymetine bak\u0131lmaks\u0131z\u0131n Fatura Beyan\u0131 ve EUR.MED Fatura Beyan\u0131 d\u00fczenleyebilme,<\/h5><h5>\u2022 Eksik belgeyle beyanda bulunabilme,<\/h5><h5>\u2022 E\u015fya t\u00fcr\u00fcne g\u00f6re s\u0131n\u0131rlama olmaks\u0131z\u0131n, ta\u015f\u0131t \u00fcst\u00fc i\u015flemden yararlanabilme,<\/h5><h5>\u2022 Eksik belge ile beyan ve ta\u015f\u0131t \u00fcst\u00fc i\u015flem kolayl\u0131\u011f\u0131n\u0131n bir arada kullan\u0131labilmesi,<\/h5><h5>\u2022 G\u00fcmr\u00fck Y\u00f6netmeli\u011fiyle belirlenmi\u015f e\u015fyan\u0131n ithalinde 6 ay \u00f6ncesine kadar al\u0131nm\u0131\u015f tahlil raporu ibraz edebilme,<\/h5><h5>\u2022 G\u00fcmr\u00fck Y\u00f6netmeli\u011fiyle belirlenmi\u015f e\u015fyay\u0131 tahlil sonu\u00e7lar\u0131 al\u0131nmadan teslim alabilme,<\/h5><h5>\u2022 Kon\u015fimentosu ibraz edilemeyen petrol ve t\u00fcrevlerini kon\u015fimento ibraz\u0131ndan \u00f6nce teslim alabilme,<\/h5><h5>\u2022 Ayniyat tespitine ili\u015fkin Bakanl\u0131k\u00e7a yap\u0131lacak farkl\u0131 d\u00fczenlemelerden faydalanabilme<\/h5><h5><span style=\"color: #800000;\">b) Beyan\u0131n Kontrol T\u00fcr\u00fcne \u0130li\u015fkin Kolayl\u0131klar:<\/span><\/h5><h5>\u2022 \u0130thalatta ve ihracatta e\u015fya muayenesi ve belge kontrol\u00fcn\u00fcn olmad\u0131\u011f\u0131 hat olan ye\u015fil hatta i\u015flem g\u00f6rebilme,<\/h5><h5>\u2022 Ta\u015f\u0131t \u00fcst\u00fc i\u015flemlerde de ye\u015fil hattan yararlanabilme,<\/h5><h5>\u2022 Daha az belge kontrol\u00fc veya muayeneye tabi tutulabilme,<\/h5><h5>\u2022 Belge kontrol\u00fc veya muayenenin yap\u0131lacak olmas\u0131 halinde, bu i\u015flemleri \u00f6ncelikle ger\u00e7ekle\u015ftirebilme<\/h5><h5><span style=\"color: #800000;\">c) Emniyet ve G\u00fcvenli\u011fe \u0130li\u015fkin Kolayl\u0131klar:<\/span><\/h5><h5>\u2022 Azalt\u0131lm\u0131\u015f zorunlu bilgilerden olu\u015fan \u00f6zet beyan verebilme,<\/h5><h5>\u2022 \u00d6zet beyana ya da \u00f6zet beyan yerine ge\u00e7en belgelere veya \u00f6zet beyan olarak kullan\u0131lan bilgilere dayal\u0131 emniyet ve g\u00fcvenli\u011fe ili\u015fkin g\u00fcmr\u00fck kontrollerine daha az tabi tutulabilme,<\/h5><h5>\u2022 Emniyet ve g\u00fcvenli\u011fe ili\u015fkin g\u00fcmr\u00fck kontrollerinin yap\u0131lacak olmas\u0131 halinde, bu kontrolleri \u00f6ncelikle ger\u00e7ekle\u015ftirebilme,<\/h5><h5>\u2022 S\u0131n\u0131r kap\u0131lar\u0131ndan \u00f6ncelikli ge\u00e7i\u015f yapabilme.<\/h5><\/div>\n\t\t\t\t<\/div>\n\t\t\t\t<\/div>\n\t\t\t\t\t\t<\/div>\n\t\t\t<\/div>\n\t\t<\/div>\n\t\t\t\t<div class=\"elementor-element elementor-element-18d0ac5 elementor-column elementor-col-33 elementor-inner-column\" data-id=\"18d0ac5\" data-element_type=\"column\">\n\t\t\t<div class=\"elementor-column-wrap\">\n\t\t\t\t\t<div class=\"elementor-widget-wrap\">\n\t\t\t\t\t\t<\/div>\n\t\t\t<\/div>\n\t\t<\/div>\n\t\t\t\t<div class=\"elementor-element elementor-element-103534b elementor-column elementor-col-33 elementor-inner-column\" data-id=\"103534b\" data-element_type=\"column\">\n\t\t\t<div class=\"elementor-column-wrap  elementor-element-populated\">\n\t\t\t\t\t<div class=\"elementor-widget-wrap\">\n\t\t\t\t<div class=\"elementor-element elementor-element-4abcb50 elementor-nav-menu__align-left elementor-nav-menu--indicator-classic elementor-nav-menu--dropdown-tablet elementor-nav-menu__text-align-aside elementor-nav-menu--toggle elementor-nav-menu--burger elementor-widget elementor-widget-nav-menu\" data-id=\"4abcb50\" data-element_type=\"widget\" data-settings=\"{&quot;layout&quot;:&quot;vertical&quot;,&quot;toggle&quot;:&quot;burger&quot;}\" data-widget_type=\"nav-menu.default\">\n\t\t\t\t<div class=\"elementor-widget-container\">\n\t\t\t\t\t\t<nav role=\"navigation\" class=\"elementor-nav-menu--main elementor-nav-menu__container elementor-nav-menu--layout-vertical e--pointer-underline e--animation-fade\"><ul id=\"menu-1-4abcb50\" class=\"elementor-nav-menu sm-vertical\"><li class=\"menu-item menu-item-type-post_type menu-item-object-page menu-item-395\"><a href=\"https:\/\/www.ddp.com.tr\/TR\/gumruk-musavirligi-hizmetleri\/\" class=\"elementor-item\">G\u00fcmr\u00fck M\u00fc\u015favirli\u011fi Hizmetleri<\/a><\/li>\n<li class=\"menu-item menu-item-type-post_type menu-item-object-page menu-item-425\"><a href=\"https:\/\/www.ddp.com.tr\/TR\/dis-ticaret-yonetim-danismanligi\/\" class=\"elementor-item\">D\u0131\u015f Ticaret Y\u00f6netim Dan\u0131\u015fmanl\u0131\u011f\u0131<\/a><\/li>\n<li class=\"menu-item menu-item-type-post_type menu-item-object-page menu-item-477\"><a href=\"https:\/\/www.ddp.com.tr\/TR\/transit-gumruk-hizmetleri\/\" class=\"elementor-item\">Transit G\u00fcmr\u00fck Hizmetleri<\/a><\/li>\n<li class=\"menu-item menu-item-type-post_type menu-item-object-page menu-item-535\"><a href=\"https:\/\/www.ddp.com.tr\/TR\/yys-faliyet-raporu-hazirlama\/\" class=\"elementor-item\">YYS Faliyet Raporu Haz\u0131rlama<\/a><\/li>\n<li class=\"menu-item menu-item-type-post_type menu-item-object-page menu-item-546\"><a href=\"https:\/\/www.ddp.com.tr\/TR\/hukuk-danismanligi\/\" class=\"elementor-item\">Hukuk Dan\u0131\u015fmanl\u0131\u011f\u0131<\/a><\/li>\n<li class=\"menu-item menu-item-type-post_type menu-item-object-page menu-item-559\"><a href=\"https:\/\/www.ddp.com.tr\/TR\/sonradan-kontrol-risk-analizi-denetimi\/\" class=\"elementor-item\">Sonradan Kontrol Risk Analizi Denetimi<\/a><\/li>\n<li class=\"menu-item menu-item-type-post_type menu-item-object-page menu-item-567\"><a href=\"https:\/\/www.ddp.com.tr\/TR\/uzlasma-temsilciligi\/\" class=\"elementor-item\">Uzla\u015fma Temsilcili\u011fi<\/a><\/li>\n<li class=\"menu-item menu-item-type-post_type menu-item-object-page menu-item-573\"><a href=\"https:\/\/www.ddp.com.tr\/TR\/egitim\/\" class=\"elementor-item\">E\u011fitim<\/a><\/li>\n<li class=\"menu-item menu-item-type-post_type menu-item-object-page menu-item-583\"><a href=\"https:\/\/www.ddp.com.tr\/TR\/dahilde-isleme-izin-belgesi-danismanligi\/\" class=\"elementor-item\">Dahilde \u0130\u015fleme \u0130zin Belgesi Dan\u0131\u015fmanl\u0131\u011f\u0131<\/a><\/li>\n<li class=\"menu-item menu-item-type-post_type menu-item-object-page menu-item-604\"><a href=\"https:\/\/www.ddp.com.tr\/TR\/yetkilendirilmis-yukumlu-statusu-cikarma-danismanligi\/\" class=\"elementor-item\">Yetkilendirilmi\u015f Y\u00fck\u00fcml\u00fc Stat\u00fcs\u00fc \u00c7\u0131karma Dan\u0131\u015fmanl\u0131\u011f\u0131<\/a><\/li>\n<li class=\"menu-item menu-item-type-post_type menu-item-object-page menu-item-625\"><a href=\"https:\/\/www.ddp.com.tr\/TR\/yatirim-tesvik-belgesi\/\" class=\"elementor-item\">Yat\u0131r\u0131m Te\u015fvik Belgesi<\/a><\/li>\n<li class=\"menu-item menu-item-type-post_type menu-item-object-page menu-item-633\"><a href=\"https:\/\/www.ddp.com.tr\/TR\/onaylanmis-kisi-statu-belgesi\/\" class=\"elementor-item\">Onaylanm\u0131\u015f Ki\u015fi Stat\u00fc Belgesi<\/a><\/li>\n<\/ul><\/nav>\n\t\t\t\t\t<div class=\"elementor-menu-toggle\" role=\"button\" tabindex=\"0\" aria-label=\"Menu Toggle\" aria-expanded=\"false\">\n\t\t\t<i class=\"eicon-menu-bar\" aria-hidden=\"true\"><\/i>\n\t\t\t<span class=\"elementor-screen-only\">Menu<\/span>\n\t\t<\/div>\n\t\t\t<nav class=\"elementor-nav-menu--dropdown elementor-nav-menu__container\" role=\"navigation\" aria-hidden=\"true\"><ul id=\"menu-2-4abcb50\" class=\"elementor-nav-menu sm-vertical\"><li class=\"menu-item menu-item-type-post_type menu-item-object-page menu-item-395\"><a href=\"https:\/\/www.ddp.com.tr\/TR\/gumruk-musavirligi-hizmetleri\/\" class=\"elementor-item\">G\u00fcmr\u00fck M\u00fc\u015favirli\u011fi Hizmetleri<\/a><\/li>\n<li class=\"menu-item menu-item-type-post_type menu-item-object-page menu-item-425\"><a href=\"https:\/\/www.ddp.com.tr\/TR\/dis-ticaret-yonetim-danismanligi\/\" class=\"elementor-item\">D\u0131\u015f Ticaret Y\u00f6netim Dan\u0131\u015fmanl\u0131\u011f\u0131<\/a><\/li>\n<li class=\"menu-item menu-item-type-post_type menu-item-object-page menu-item-477\"><a href=\"https:\/\/www.ddp.com.tr\/TR\/transit-gumruk-hizmetleri\/\" class=\"elementor-item\">Transit G\u00fcmr\u00fck Hizmetleri<\/a><\/li>\n<li class=\"menu-item menu-item-type-post_type menu-item-object-page menu-item-535\"><a href=\"https:\/\/www.ddp.com.tr\/TR\/yys-faliyet-raporu-hazirlama\/\" class=\"elementor-item\">YYS Faliyet Raporu Haz\u0131rlama<\/a><\/li>\n<li class=\"menu-item menu-item-type-post_type menu-item-object-page menu-item-546\"><a href=\"https:\/\/www.ddp.com.tr\/TR\/hukuk-danismanligi\/\" class=\"elementor-item\">Hukuk Dan\u0131\u015fmanl\u0131\u011f\u0131<\/a><\/li>\n<li class=\"menu-item menu-item-type-post_type menu-item-object-page menu-item-559\"><a href=\"https:\/\/www.ddp.com.tr\/TR\/sonradan-kontrol-risk-analizi-denetimi\/\" class=\"elementor-item\">Sonradan Kontrol Risk Analizi Denetimi<\/a><\/li>\n<li class=\"menu-item menu-item-type-post_type menu-item-object-page menu-item-567\"><a href=\"https:\/\/www.ddp.com.tr\/TR\/uzlasma-temsilciligi\/\" class=\"elementor-item\">Uzla\u015fma Temsilcili\u011fi<\/a><\/li>\n<li class=\"menu-item menu-item-type-post_type menu-item-object-page menu-item-573\"><a href=\"https:\/\/www.ddp.com.tr\/TR\/egitim\/\" class=\"elementor-item\">E\u011fitim<\/a><\/li>\n<li class=\"menu-item menu-item-type-post_type menu-item-object-page menu-item-583\"><a href=\"https:\/\/www.ddp.com.tr\/TR\/dahilde-isleme-izin-belgesi-danismanligi\/\" class=\"elementor-item\">Dahilde \u0130\u015fleme \u0130zin Belgesi Dan\u0131\u015fmanl\u0131\u011f\u0131<\/a><\/li>\n<li class=\"menu-item menu-item-type-post_type menu-item-object-page menu-item-604\"><a href=\"https:\/\/www.ddp.com.tr\/TR\/yetkilendirilmis-yukumlu-statusu-cikarma-danismanligi\/\" class=\"elementor-item\">Yetkilendirilmi\u015f Y\u00fck\u00fcml\u00fc Stat\u00fcs\u00fc \u00c7\u0131karma Dan\u0131\u015fmanl\u0131\u011f\u0131<\/a><\/li>\n<li class=\"menu-item menu-item-type-post_type menu-item-object-page menu-item-625\"><a href=\"https:\/\/www.ddp.com.tr\/TR\/yatirim-tesvik-belgesi\/\" class=\"elementor-item\">Yat\u0131r\u0131m Te\u015fvik Belgesi<\/a><\/li>\n<li class=\"menu-item menu-item-type-post_type menu-item-object-page menu-item-633\"><a href=\"https:\/\/www.ddp.com.tr\/TR\/onaylanmis-kisi-statu-belgesi\/\" class=\"elementor-item\">Onaylanm\u0131\u015f Ki\u015fi Stat\u00fc Belgesi<\/a><\/li>\n<\/ul><\/nav>\n\t\t\t\t<\/div>\n\t\t\t\t<\/div>\n\t\t\t\t\t\t<\/div>\n\t\t\t<\/div>\n\t\t<\/div>\n\t\t\t\t\t\t<\/div>\n\t\t\t<\/div>\n\t\t<\/section>\n\t\t\t\t\t\t<\/div>\n\t\t\t<\/div>\n\t\t<\/div>\n\t\t\t\t\t\t<\/div>\n\t\t\t<\/div>\n\t\t<\/section>\n\t\t\t\t<section class=\"elementor-element elementor-element-6aa8696a elementor-section-stretched elementor-section-boxed elementor-section-height-default elementor-section-height-default elementor-section elementor-top-section\" data-id=\"6aa8696a\" data-element_type=\"section\" data-settings=\"{&quot;stretch_section&quot;:&quot;section-stretched&quot;,&quot;background_background&quot;:&quot;classic&quot;}\">\n\t\t\t\t\t\t<div class=\"elementor-container elementor-column-gap-default\">\n\t\t\t\t<div class=\"elementor-row\">\n\t\t\t\t<div class=\"elementor-element elementor-element-1a7d2d7e elementor-column elementor-col-100 elementor-top-column\" data-id=\"1a7d2d7e\" data-element_type=\"column\">\n\t\t\t<div class=\"elementor-column-wrap  elementor-element-populated\">\n\t\t\t\t\t<div class=\"elementor-widget-wrap\">\n\t\t\t\t<section class=\"elementor-element elementor-element-7d388d1d elementor-section-boxed elementor-section-height-default elementor-section-height-default elementor-section elementor-inner-section\" data-id=\"7d388d1d\" data-element_type=\"section\">\n\t\t\t\t\t\t<div class=\"elementor-container elementor-column-gap-default\">\n\t\t\t\t<div class=\"elementor-row\">\n\t\t\t\t<div class=\"elementor-element elementor-element-2736b491 elementor-column elementor-col-33 elementor-inner-column\" data-id=\"2736b491\" data-element_type=\"column\">\n\t\t\t<div class=\"elementor-column-wrap  elementor-element-populated\">\n\t\t\t\t\t<div class=\"elementor-widget-wrap\">\n\t\t\t\t<div class=\"elementor-element elementor-element-5e9014af elementor-widget elementor-widget-heading\" data-id=\"5e9014af\" data-element_type=\"widget\" data-widget_type=\"heading.default\">\n\t\t\t\t<div class=\"elementor-widget-container\">\n\t\t\t<h2 class=\"elementor-heading-title elementor-size-default\">Size Nas\u0131l Yard\u0131mc\u0131 Olabiliriz?<\/h2>\t\t<\/div>\n\t\t\t\t<\/div>\n\t\t\t\t\t\t<\/div>\n\t\t\t<\/div>\n\t\t<\/div>\n\t\t\t\t<div class=\"elementor-element elementor-element-77a094e2 elementor-column elementor-col-33 elementor-inner-column\" data-id=\"77a094e2\" data-element_type=\"column\">\n\t\t\t<div class=\"elementor-column-wrap  elementor-element-populated\">\n\t\t\t\t\t<div class=\"elementor-widget-wrap\">\n\t\t\t\t<div class=\"elementor-element elementor-element-3df1ce17 elementor-view-default elementor-widget elementor-widget-icon\" data-id=\"3df1ce17\" data-element_type=\"widget\" data-widget_type=\"icon.default\">\n\t\t\t\t<div class=\"elementor-widget-container\">\n\t\t\t\t\t<div class=\"elementor-icon-wrapper\">\n\t\t\t<div class=\"elementor-icon\">\n\t\t\t<i aria-hidden=\"true\" class=\"fas fa-phone-volume\"><\/i>\t\t\t<\/div>\n\t\t<\/div>\n\t\t\t\t<\/div>\n\t\t\t\t<\/div>\n\t\t\t\t\t\t<\/div>\n\t\t\t<\/div>\n\t\t<\/div>\n\t\t\t\t<div class=\"elementor-element elementor-element-7c0785d elementor-column elementor-col-33 elementor-inner-column\" data-id=\"7c0785d\" data-element_type=\"column\">\n\t\t\t<div class=\"elementor-column-wrap  elementor-element-populated\">\n\t\t\t\t\t<div class=\"elementor-widget-wrap\">\n\t\t\t\t<div class=\"elementor-element elementor-element-7f6a4fe4 elementor-widget elementor-widget-heading\" data-id=\"7f6a4fe4\" data-element_type=\"widget\" data-widget_type=\"heading.default\">\n\t\t\t\t<div class=\"elementor-widget-container\">\n\t\t\t<h2 class=\"elementor-heading-title elementor-size-default\">+90 212 442 4246<\/h2>\t\t<\/div>\n\t\t\t\t<\/div>\n\t\t\t\t\t\t<\/div>\n\t\t\t<\/div>\n\t\t<\/div>\n\t\t\t\t\t\t<\/div>\n\t\t\t<\/div>\n\t\t<\/section>\n\t\t\t\t\t\t<\/div>\n\t\t\t<\/div>\n\t\t<\/div>\n\t\t\t\t\t\t<\/div>\n\t\t\t<\/div>\n\t\t<\/section>\n\t\t\t\t\t\t<\/div>\n\t\t\t<\/div>\n\t\t<\/div>\n\t\t","protected":false},"excerpt":{"rendered":"<p>Hizmetlerimiz Yetkilendirilmi\u015f Y\u00fck\u00fcml\u00fc Stat\u00fcs\u00fc \u00c7\u0131karma Dan\u0131\u015fmanl\u0131\u011f\u0131 Yetkilendirilmi\u015f Y\u00fck\u00fcml\u00fc Stat\u00fcs\u00fc Nedir? Yetkilendirilmi\u015f Y\u00fck\u00fcml\u00fc, g\u00fcmr\u00fck y\u00fck\u00fcml\u00fcl\u00fcklerini yerine getiren, kay\u0131t sistemi d\u00fczenli ve izlenebilir olan, mali yeterlilik, emniyet ve g\u00fcvenlik standartlar\u0131na sahip bulunan, kendi oto kontrol\u00fcn\u00fc yapabilen g\u00fcvenilir firmalara g\u00fcmr\u00fck i\u015flemlerinde birtak\u0131m kolayl\u0131k ve imtiyazlar tan\u0131yan uluslararas\u0131 bir stat\u00fcd\u00fcr. \u00a0 \u00d6zetle; Yetkilendirilmi\u015f y\u00fck\u00fcml\u00fc sistemi g\u00fcvenilir ve kolay ticaretin<\/p><\/div>\n<div class=\"blog-btn\"><a href=\"https:\/\/www.ddp.com.tr\/TR\/yetkilendirilmis-yukumlu-statusu-cikarma-danismanligi\/\" class=\"home-blog-btn\">Daha fazlas\u0131n\u0131 oku<\/a><\/p>\n","protected":false},"author":1,"featured_media":0,"parent":0,"menu_order":0,"comment_status":"closed","ping_status":"closed","template":"elementor_header_footer","meta":{"footnotes":""},"class_list":["post-601","page","type-page","status-publish","hentry"],"_links":{"self":[{"href":"https:\/\/www.ddp.com.tr\/TR\/wp-json\/wp\/v2\/pages\/601","targetHints":{"allow":["GET"]}}],"collection":[{"href":"https:\/\/www.ddp.com.tr\/TR\/wp-json\/wp\/v2\/pages"}],"about":[{"href":"https:\/\/www.ddp.com.tr\/TR\/wp-json\/wp\/v2\/types\/page"}],"author":[{"embeddable":true,"href":"https:\/\/www.ddp.com.tr\/TR\/wp-json\/wp\/v2\/users\/1"}],"replies":[{"embeddable":true,"href":"https:\/\/www.ddp.com.tr\/TR\/wp-json\/wp\/v2\/comments?post=601"}],"version-history":[{"count":5,"href":"https:\/\/www.ddp.com.tr\/TR\/wp-json\/wp\/v2\/pages\/601\/revisions"}],"predecessor-version":[{"id":617,"href":"https:\/\/www.ddp.com.tr\/TR\/wp-json\/wp\/v2\/pages\/601\/revisions\/617"}],"wp:attachment":[{"href":"https:\/\/www.ddp.com.tr\/TR\/wp-json\/wp\/v2\/media?parent=601"}],"curies":[{"name":"wp","href":"https:\/\/api.w.org\/{rel}","templated":true}]}}